{"id":115029,"date":"2011-08-01T07:08:17","date_gmt":"2011-08-01T05:08:17","guid":{"rendered":"https:\/\/www.fabioferro.eu\/salvini-hearts-halskette.html"},"modified":"2024-10-14T11:32:16","modified_gmt":"2024-10-14T09:32:16","slug":"salvini-hearts-halskette","status":"publish","type":"product","link":"https:\/\/www.fabioferro.eu\/de\/salvini-hearts-halskette.html","title":{"rendered":"Salvini HEARTS Halskette"},"content":{"rendered":"<p>&nbsp;<\/p>\n<p><span style=\"color: #000000;\"><strong>Tradition und Innovation vereint: das Herz, das klassische Symbol der Liebe, hier von Salvini in einem modernen Schl\u00fcssel aus Ros\u00e9gold und Diamanten vorgeschlagen<\/strong><\/span><\/p>\n<p>Damenhalskette aus 18K Wei\u00dfgold Diamanten im Brillantschliff Karat 0,12 Farbe H VVS Gesamtl\u00e4nge der Kette cm 50 verstellbar\/verstellbar bis cm 42 f\u00fcr schlanke Halsketten Gr\u00f6\u00dfe des Anh\u00e4ngers mm 11&#215;11 Salvini Verschluss mit Logo und Diamanten darauf<\/p>\n<p>Ref. 20020193 LAST CHANCE<\/p>\n<p>Original-Box und Garantie unterzeichnet Salvini, mit speziellen Geschenk-Paket f\u00fcr die Gelegenheit<\/p>\n","protected":false},"excerpt":{"rendered":"<p>Salvini 18K Gold Halskette f\u00fcr Frauen in Wei\u00dfgold mit Ros\u00e9gold Herz und Diamanten<\/p>\n","protected":false},"featured_media":115030,"comment_status":"open","ping_status":"closed","template":"","meta":[],"product_brand":[],"product_cat":[7620],"product_tag":[7442],"class_list":{"0":"post-115029","1":"product","2":"type-product","3":"status-publish","4":"has-post-thumbnail","6":"product_cat-outlet-schmuck","7":"product_tag-verfugbar","9":"first","10":"outofstock","11":"sale","12":"taxable","13":"shipping-taxable","14":"purchasable","15":"product-type-simple"},"exclude_global_add_ons":[],"addons":[],"df_price":1330,"df_sale_price":1330,"df_regular_price":1900,"df_image_link":"https:\/\/cdn02.fabioferro.eu\/wp-content\/uploads\/virtuemart\/product\/collana-cuore-rosa.jpg","_links":{"self":[{"href":"https:\/\/www.fabioferro.eu\/de\/wp-json\/wp\/v2\/product\/115029","targetHints":{"allow":["GET"]}}],"collection":[{"href":"https:\/\/www.fabioferro.eu\/de\/wp-json\/wp\/v2\/product"}],"about":[{"href":"https:\/\/www.fabioferro.eu\/de\/wp-json\/wp\/v2\/types\/product"}],"replies":[{"embeddable":true,"href":"https:\/\/www.fabioferro.eu\/de\/wp-json\/wp\/v2\/comments?post=115029"}],"version-history":[{"count":0,"href":"https:\/\/www.fabioferro.eu\/de\/wp-json\/wp\/v2\/product\/115029\/revisions"}],"wp:featuredmedia":[{"embeddable":true,"href":"https:\/\/www.fabioferro.eu\/de\/wp-json\/wp\/v2\/media\/115030"}],"wp:attachment":[{"href":"https:\/\/www.fabioferro.eu\/de\/wp-json\/wp\/v2\/media?parent=115029"}],"wp:term":[{"taxonomy":"product_brand","embeddable":true,"href":"https:\/\/www.fabioferro.eu\/de\/wp-json\/wp\/v2\/product_brand?post=115029"},{"taxonomy":"product_cat","embeddable":true,"href":"https:\/\/www.fabioferro.eu\/de\/wp-json\/wp\/v2\/product_cat?post=115029"},{"taxonomy":"product_tag","embeddable":true,"href":"https:\/\/www.fabioferro.eu\/de\/wp-json\/wp\/v2\/product_tag?post=115029"}],"curies":[{"name":"wp","href":"https:\/\/api.w.org\/{rel}","templated":true}]}}