{"id":115033,"date":"2011-08-01T07:08:17","date_gmt":"2011-08-01T05:08:17","guid":{"rendered":"https:\/\/www.fabioferro.eu\/salvini-nodo-diamant-halskette.html"},"modified":"2024-10-14T11:32:58","modified_gmt":"2024-10-14T09:32:58","slug":"salvini-nodo-diamant-halskette","status":"publish","type":"product","link":"https:\/\/www.fabioferro.eu\/de\/salvini-nodo-diamant-halskette.html","title":{"rendered":"Salvini NODO Diamant-Halskette"},"content":{"rendered":"<p>Salvini Damenhalskette aus Wei\u00dfgold und Diamanten. Anh\u00e4nger in Form eines Knotens mit Diamanten im Brillantschliff Karat 0,36H Vvs. Die Kette besteht aus 2 Diamantketten mit einer L\u00e4nge von 45 cm, kann aber auch mit einem Zwischenring auf 40 cm eingestellt werden. Gr\u00f6\u00dfe des Anh\u00e4ngers mm 19. Karabinerverschluss mit Salvini-Logo-Diamant. Ref 20029433 LAST PIECE OCCASION Originalverpackung und Garantie Ausgabe der Rechnung und\/oder Quittung<\/p>\n","protected":false},"excerpt":{"rendered":"<p>Damenhalskette aus Wei\u00dfgold mit Salvini-Diamantknoten-Anh\u00e4nger<\/p>\n","protected":false},"featured_media":115034,"comment_status":"open","ping_status":"closed","template":"","meta":[],"product_brand":[],"product_cat":[7620],"product_tag":[7442],"class_list":{"0":"post-115033","1":"product","2":"type-product","3":"status-publish","4":"has-post-thumbnail","6":"product_cat-outlet-schmuck","7":"product_tag-verfugbar","9":"first","10":"instock","11":"sale","12":"taxable","13":"shipping-taxable","14":"purchasable","15":"product-type-simple"},"exclude_global_add_ons":[],"addons":[],"df_price":2440,"df_sale_price":2440,"df_regular_price":3050,"df_image_link":"https:\/\/cdn02.fabioferro.eu\/wp-content\/uploads\/virtuemart\/product\/collana-nodo.jpg","_links":{"self":[{"href":"https:\/\/www.fabioferro.eu\/de\/wp-json\/wp\/v2\/product\/115033","targetHints":{"allow":["GET"]}}],"collection":[{"href":"https:\/\/www.fabioferro.eu\/de\/wp-json\/wp\/v2\/product"}],"about":[{"href":"https:\/\/www.fabioferro.eu\/de\/wp-json\/wp\/v2\/types\/product"}],"replies":[{"embeddable":true,"href":"https:\/\/www.fabioferro.eu\/de\/wp-json\/wp\/v2\/comments?post=115033"}],"version-history":[{"count":0,"href":"https:\/\/www.fabioferro.eu\/de\/wp-json\/wp\/v2\/product\/115033\/revisions"}],"wp:featuredmedia":[{"embeddable":true,"href":"https:\/\/www.fabioferro.eu\/de\/wp-json\/wp\/v2\/media\/115034"}],"wp:attachment":[{"href":"https:\/\/www.fabioferro.eu\/de\/wp-json\/wp\/v2\/media?parent=115033"}],"wp:term":[{"taxonomy":"product_brand","embeddable":true,"href":"https:\/\/www.fabioferro.eu\/de\/wp-json\/wp\/v2\/product_brand?post=115033"},{"taxonomy":"product_cat","embeddable":true,"href":"https:\/\/www.fabioferro.eu\/de\/wp-json\/wp\/v2\/product_cat?post=115033"},{"taxonomy":"product_tag","embeddable":true,"href":"https:\/\/www.fabioferro.eu\/de\/wp-json\/wp\/v2\/product_tag?post=115033"}],"curies":[{"name":"wp","href":"https:\/\/api.w.org\/{rel}","templated":true}]}}