{"id":115038,"date":"2011-08-01T07:08:17","date_gmt":"2011-08-01T05:08:17","guid":{"rendered":"https:\/\/www.fabioferro.eu\/salvini-happiness-halskette.html"},"modified":"2025-06-06T15:45:54","modified_gmt":"2025-06-06T13:45:54","slug":"salvini-happiness-halskette","status":"publish","type":"product","link":"https:\/\/www.fabioferro.eu\/de\/salvini-happiness-halskette.html","title":{"rendered":"Salvini HAPPINESS Halskette"},"content":{"rendered":"<p>18 kt Wei\u00dfgold Damenhalskette Schneeflockenf\u00f6rmiger Anh\u00e4nger mit Brillant Ct 0.01H Kettenl\u00e4nge cm 63 verstellbar mit Up-Down Methode Anh\u00e4ngergr\u00f6\u00dfe mm 10&#215;10 Diamant Karabinerverschluss<\/p>\n<p>Ref. 20019010<\/p>\n<p>Originalverpackung und Garantie Rechnung und\/oder Quittung ausstellen<\/p>\n","protected":false},"excerpt":{"rendered":"<p>FIOCCO di NEVE Damen-Halskette aus Wei\u00dfgold mit Diamanten Salvini<\/p>\n","protected":false},"featured_media":115039,"comment_status":"open","ping_status":"closed","template":"","meta":[],"product_brand":[],"product_cat":[7620],"product_tag":[7442],"class_list":{"0":"post-115038","1":"product","2":"type-product","3":"status-publish","4":"has-post-thumbnail","6":"product_cat-outlet-schmuck","7":"product_tag-verfugbar","9":"first","10":"instock","11":"sale","12":"taxable","13":"shipping-taxable","14":"purchasable","15":"product-type-simple"},"exclude_global_add_ons":[],"addons":[],"df_price":798,"df_sale_price":798,"df_regular_price":998,"df_image_link":"https:\/\/cdn02.fabioferro.eu\/wp-content\/uploads\/virtuemart\/product\/collana_fiocco_neve.jpg","_links":{"self":[{"href":"https:\/\/www.fabioferro.eu\/de\/wp-json\/wp\/v2\/product\/115038","targetHints":{"allow":["GET"]}}],"collection":[{"href":"https:\/\/www.fabioferro.eu\/de\/wp-json\/wp\/v2\/product"}],"about":[{"href":"https:\/\/www.fabioferro.eu\/de\/wp-json\/wp\/v2\/types\/product"}],"replies":[{"embeddable":true,"href":"https:\/\/www.fabioferro.eu\/de\/wp-json\/wp\/v2\/comments?post=115038"}],"version-history":[{"count":0,"href":"https:\/\/www.fabioferro.eu\/de\/wp-json\/wp\/v2\/product\/115038\/revisions"}],"wp:featuredmedia":[{"embeddable":true,"href":"https:\/\/www.fabioferro.eu\/de\/wp-json\/wp\/v2\/media\/115039"}],"wp:attachment":[{"href":"https:\/\/www.fabioferro.eu\/de\/wp-json\/wp\/v2\/media?parent=115038"}],"wp:term":[{"taxonomy":"product_brand","embeddable":true,"href":"https:\/\/www.fabioferro.eu\/de\/wp-json\/wp\/v2\/product_brand?post=115038"},{"taxonomy":"product_cat","embeddable":true,"href":"https:\/\/www.fabioferro.eu\/de\/wp-json\/wp\/v2\/product_cat?post=115038"},{"taxonomy":"product_tag","embeddable":true,"href":"https:\/\/www.fabioferro.eu\/de\/wp-json\/wp\/v2\/product_tag?post=115038"}],"curies":[{"name":"wp","href":"https:\/\/api.w.org\/{rel}","templated":true}]}}