{"id":115044,"date":"2014-01-22T16:34:28","date_gmt":"2014-01-22T15:34:28","guid":{"rendered":"https:\/\/www.fabioferro.eu\/fabio-ferro-tennisarmband-mit-schwarzen-und-weissen-diamanten-in-weissgold.html"},"modified":"2014-01-22T16:34:28","modified_gmt":"2014-01-22T15:34:28","slug":"fabio-ferro-tennisarmband-mit-schwarzen-und-weissen-diamanten-in-weissgold","status":"publish","type":"product","link":"https:\/\/www.fabioferro.eu\/de\/fabio-ferro-tennisarmband-mit-schwarzen-und-weissen-diamanten-in-weissgold.html","title":{"rendered":"Fabio Ferro Tennisarmband mit schwarzen und wei\u00dfen Diamanten in Wei\u00dfgold"},"content":{"rendered":"<p>Tennisarmband Fabio Ferro, handgefertigt in unserer Goldschmiedewerkstatt aus 750\/1000 g Wei\u00dfgold.<\/p>\n<p>Die Greifenfassung enth\u00e4lt 88 nat\u00fcrliche schwarze Brillanten von 1,86 Karat und 5 wei\u00dfe Brillanten von 0,40 Karat, Farbe G und Reinheit VVS2.<\/p>\n<p>Das Armband hat eine L\u00e4nge von 18 Zentimetern und wird mit einem unsichtbaren Bajonettverschluss geschlossen. An den Seiten wird er von 2 weiteren Sicherheitsverschl\u00fcssen begleitet.<\/p>\n<p>Begleitet von einem von Fabio Ferro unterzeichneten Garantie- und Qualit\u00e4tszertifikat und einer eleganten Schachtel f\u00fcr diesen Anlass.<\/p>\n<p><img decoding=\"async\" class=\"alignnone size-full wp-image-68675\" src=\"https:\/\/cdn02.fabioferro.eu\/wp-content\/uploads\/IGI-4cs-chart-IT-scaled.jpg\" alt=\"\" width=\"1864\" height=\"2560\" title=\"\" srcset=\"https:\/\/cdn02.fabioferro.eu\/wp-content\/uploads\/IGI-4cs-chart-IT-scaled.jpg 1864w, https:\/\/cdn02.fabioferro.eu\/wp-content\/uploads\/IGI-4cs-chart-IT-768x1055.jpg 768w, https:\/\/cdn02.fabioferro.eu\/wp-content\/uploads\/IGI-4cs-chart-IT-1119x1536.jpg 1119w, https:\/\/cdn02.fabioferro.eu\/wp-content\/uploads\/IGI-4cs-chart-IT-1491x2048.jpg 1491w, https:\/\/cdn02.fabioferro.eu\/wp-content\/uploads\/IGI-4cs-chart-IT-990x1359.jpg 990w, https:\/\/cdn02.fabioferro.eu\/wp-content\/uploads\/IGI-4cs-chart-IT-441x606.jpg 441w, https:\/\/cdn02.fabioferro.eu\/wp-content\/uploads\/IGI-4cs-chart-IT-600x824.jpg 600w, https:\/\/cdn02.fabioferro.eu\/wp-content\/uploads\/IGI-4cs-chart-IT-150x206.jpg 150w\" sizes=\"(max-width: 1864px) 100vw, 1864px\" \/><\/p>\n<p>&nbsp;<\/p>\n","protected":false},"excerpt":{"rendered":"<p>Fabio Ferro Tennisarmband aus 750\/1000 Wei\u00dfgold mit wei\u00dfen und schwarzen Diamanten.<\/p>\n","protected":false},"featured_media":115049,"comment_status":"open","ping_status":"closed","template":"","meta":[],"product_brand":[152],"product_cat":[5933],"product_tag":[7442],"class_list":{"0":"post-115044","1":"product","2":"type-product","3":"status-publish","4":"has-post-thumbnail","6":"product_brand-fabio-ferro-i-gioielli","7":"product_cat-tennis-armbander","8":"product_tag-verfugbar","10":"first","11":"instock","12":"sale","13":"taxable","14":"shipping-taxable","15":"purchasable","16":"product-type-simple"},"exclude_global_add_ons":[],"addons":[],"df_price":4590,"df_sale_price":4590,"df_regular_price":5750,"df_image_link":"https:\/\/cdn02.fabioferro.eu\/wp-content\/uploads\/bracciale-tennis-fabio-ferro-in-oro-bianco-con-diamanti-neri-e-bianchi-ad9a8v.jpg","_links":{"self":[{"href":"https:\/\/www.fabioferro.eu\/de\/wp-json\/wp\/v2\/product\/115044","targetHints":{"allow":["GET"]}}],"collection":[{"href":"https:\/\/www.fabioferro.eu\/de\/wp-json\/wp\/v2\/product"}],"about":[{"href":"https:\/\/www.fabioferro.eu\/de\/wp-json\/wp\/v2\/types\/product"}],"replies":[{"embeddable":true,"href":"https:\/\/www.fabioferro.eu\/de\/wp-json\/wp\/v2\/comments?post=115044"}],"version-history":[{"count":0,"href":"https:\/\/www.fabioferro.eu\/de\/wp-json\/wp\/v2\/product\/115044\/revisions"}],"wp:featuredmedia":[{"embeddable":true,"href":"https:\/\/www.fabioferro.eu\/de\/wp-json\/wp\/v2\/media\/115049"}],"wp:attachment":[{"href":"https:\/\/www.fabioferro.eu\/de\/wp-json\/wp\/v2\/media?parent=115044"}],"wp:term":[{"taxonomy":"product_brand","embeddable":true,"href":"https:\/\/www.fabioferro.eu\/de\/wp-json\/wp\/v2\/product_brand?post=115044"},{"taxonomy":"product_cat","embeddable":true,"href":"https:\/\/www.fabioferro.eu\/de\/wp-json\/wp\/v2\/product_cat?post=115044"},{"taxonomy":"product_tag","embeddable":true,"href":"https:\/\/www.fabioferro.eu\/de\/wp-json\/wp\/v2\/product_tag?post=115044"}],"curies":[{"name":"wp","href":"https:\/\/api.w.org\/{rel}","templated":true}]}}