{"id":115046,"date":"2013-11-29T09:36:46","date_gmt":"2013-11-29T08:36:46","guid":{"rendered":"https:\/\/www.fabioferro.eu\/fope-collection-solo-doppelstrang-armband-aus-weissgold-mit-diamanten.html"},"modified":"2026-01-09T16:29:30","modified_gmt":"2026-01-09T15:29:30","slug":"fope-collection-solo-doppelstrang-armband-aus-weissgold-mit-diamanten","status":"publish","type":"product","link":"https:\/\/www.fabioferro.eu\/de\/fope-collection-solo-doppelstrang-armband-aus-weissgold-mit-diamanten.html","title":{"rendered":"Fope Collection Solo Doppelstrang-Armband aus Wei\u00dfgold mit Diamanten"},"content":{"rendered":"<p>Armband der Fope Solo Kollektion aus 18 Karat Wei\u00dfgold mit Diamanten im Brillantschliff mit einem Gewicht von 24,30 g.<\/p>\n<p>Es besteht aus weichen, gegliederten Doppelgliedern mit einem praktischen Bajonettverschluss mit dem Fope-Logo. Das Armband besteht aus 4 festen Kreuzschlie\u00dfen, die mit Brillanten von insgesamt 0,18 Karat besetzt sind. Die Steine zeichnen sich durch eine Farbe von G und eine Reinheit von VS1 aus.  <\/p>\n<p>Die L\u00e4nge des Armbands betr\u00e4gt 19 cm, w\u00e4hrend die breiteste Stelle, an der die Diamanten gefasst sind, 11 mm misst. Der Durchmesser jedes einzelnen Glieds betr\u00e4gt 4 mm.<\/p>\n<p>Das Juwel wird von einem eleganten Etui und einem internationalen Garantiezertifikat von Fope begleitet.<\/p>\n","protected":false},"excerpt":{"rendered":"<p>Ein doppelter Faden macht dieses besondere Armband noch eleganter.<\/p>\n","protected":false},"featured_media":160518,"comment_status":"open","ping_status":"closed","template":"","meta":[],"product_brand":[154],"product_cat":[6161],"product_tag":[],"class_list":{"0":"post-115046","1":"product","2":"type-product","3":"status-publish","4":"has-post-thumbnail","6":"product_brand-fope","7":"product_cat-fope-armbander","9":"first","10":"instock","11":"taxable","12":"shipping-taxable","13":"purchasable","14":"product-type-simple"},"exclude_global_add_ons":[],"addons":[],"df_price":7290,"df_sale_price":"","df_regular_price":7290,"df_image_link":"https:\/\/cdn02.fabioferro.eu\/wp-content\/uploads\/bracciale-fope-collezione-solo-in-oro-bianco-con-diamanti-86206BX_BB_B_XBX.jpg","_links":{"self":[{"href":"https:\/\/www.fabioferro.eu\/de\/wp-json\/wp\/v2\/product\/115046","targetHints":{"allow":["GET"]}}],"collection":[{"href":"https:\/\/www.fabioferro.eu\/de\/wp-json\/wp\/v2\/product"}],"about":[{"href":"https:\/\/www.fabioferro.eu\/de\/wp-json\/wp\/v2\/types\/product"}],"replies":[{"embeddable":true,"href":"https:\/\/www.fabioferro.eu\/de\/wp-json\/wp\/v2\/comments?post=115046"}],"version-history":[{"count":1,"href":"https:\/\/www.fabioferro.eu\/de\/wp-json\/wp\/v2\/product\/115046\/revisions"}],"predecessor-version":[{"id":206745,"href":"https:\/\/www.fabioferro.eu\/de\/wp-json\/wp\/v2\/product\/115046\/revisions\/206745"}],"wp:featuredmedia":[{"embeddable":true,"href":"https:\/\/www.fabioferro.eu\/de\/wp-json\/wp\/v2\/media\/160518"}],"wp:attachment":[{"href":"https:\/\/www.fabioferro.eu\/de\/wp-json\/wp\/v2\/media?parent=115046"}],"wp:term":[{"taxonomy":"product_brand","embeddable":true,"href":"https:\/\/www.fabioferro.eu\/de\/wp-json\/wp\/v2\/product_brand?post=115046"},{"taxonomy":"product_cat","embeddable":true,"href":"https:\/\/www.fabioferro.eu\/de\/wp-json\/wp\/v2\/product_cat?post=115046"},{"taxonomy":"product_tag","embeddable":true,"href":"https:\/\/www.fabioferro.eu\/de\/wp-json\/wp\/v2\/product_tag?post=115046"}],"curies":[{"name":"wp","href":"https:\/\/api.w.org\/{rel}","templated":true}]}}