{"id":115047,"date":"2013-11-23T10:24:46","date_gmt":"2013-11-23T09:24:46","guid":{"rendered":"https:\/\/www.fabioferro.eu\/damenohrringe-aus-weissgold-und-diamanten-mit-kaskadierenden-bluetenblaettern-bliss-jewellery.html"},"modified":"2013-11-23T10:24:46","modified_gmt":"2013-11-23T09:24:46","slug":"damenohrringe-aus-weissgold-und-diamanten-mit-kaskadierenden-bluetenblaettern-bliss-jewellery","status":"publish","type":"product","link":"https:\/\/www.fabioferro.eu\/de\/damenohrringe-aus-weissgold-und-diamanten-mit-kaskadierenden-bluetenblaettern-bliss-jewellery.html","title":{"rendered":"Damenohrringe aus Wei\u00dfgold und Diamanten mit kaskadierenden Bl\u00fctenbl\u00e4ttern Bliss Jewellery"},"content":{"rendered":"<p>Ohrringe mit Anh\u00e4nger aus 18 Karat Wei\u00dfgold f\u00fcr Damen, Gewicht 2,40 Gramm.<br \/>\nModell mit festem Anh\u00e4nger mit Stift und Schmetterlingsverschluss. Der erste Teil des Ohrrings besteht aus einem starren, 19 mm langen Segment, das mit einem Diamanten im Brillantschliff verziert ist und in einer weichen Kaskade von Bl\u00fctenbl\u00e4ttern endet.<br \/>\nDie Gesamtl\u00e4nge des Ohrrings betr\u00e4gt cm. 3,8.<br \/>\nDiamanten im Brillantschliff von insgesamt 0,04 Ct. Farbe H<br \/>\nNeuer Artikel mit original Bliss Jewellery Box und Garantie.<\/p>\n","protected":false},"excerpt":{"rendered":"<p>Damenohrringe aus Wei\u00dfgold und Diamanten mit einer Kaskade von Bl\u00fctenbl\u00e4ttern Bliss Jewellery.<\/p>\n","protected":false},"featured_media":115071,"comment_status":"open","ping_status":"closed","template":"","meta":[],"product_brand":[],"product_cat":[7620],"product_tag":[7442],"class_list":{"0":"post-115047","1":"product","2":"type-product","3":"status-publish","4":"has-post-thumbnail","6":"product_cat-outlet-schmuck","7":"product_tag-verfugbar","9":"first","10":"instock","11":"sale","12":"taxable","13":"shipping-taxable","14":"purchasable","15":"product-type-simple"},"exclude_global_add_ons":[],"addons":[],"df_price":590,"df_sale_price":590,"df_regular_price":740,"df_image_link":"https:\/\/cdn02.fabioferro.eu\/wp-content\/uploads\/virtuemart\/product\/k14164-orecchini-donna-oro-bianco-petali-bliss.jpg","_links":{"self":[{"href":"https:\/\/www.fabioferro.eu\/de\/wp-json\/wp\/v2\/product\/115047","targetHints":{"allow":["GET"]}}],"collection":[{"href":"https:\/\/www.fabioferro.eu\/de\/wp-json\/wp\/v2\/product"}],"about":[{"href":"https:\/\/www.fabioferro.eu\/de\/wp-json\/wp\/v2\/types\/product"}],"replies":[{"embeddable":true,"href":"https:\/\/www.fabioferro.eu\/de\/wp-json\/wp\/v2\/comments?post=115047"}],"version-history":[{"count":0,"href":"https:\/\/www.fabioferro.eu\/de\/wp-json\/wp\/v2\/product\/115047\/revisions"}],"wp:featuredmedia":[{"embeddable":true,"href":"https:\/\/www.fabioferro.eu\/de\/wp-json\/wp\/v2\/media\/115071"}],"wp:attachment":[{"href":"https:\/\/www.fabioferro.eu\/de\/wp-json\/wp\/v2\/media?parent=115047"}],"wp:term":[{"taxonomy":"product_brand","embeddable":true,"href":"https:\/\/www.fabioferro.eu\/de\/wp-json\/wp\/v2\/product_brand?post=115047"},{"taxonomy":"product_cat","embeddable":true,"href":"https:\/\/www.fabioferro.eu\/de\/wp-json\/wp\/v2\/product_cat?post=115047"},{"taxonomy":"product_tag","embeddable":true,"href":"https:\/\/www.fabioferro.eu\/de\/wp-json\/wp\/v2\/product_tag?post=115047"}],"curies":[{"name":"wp","href":"https:\/\/api.w.org\/{rel}","templated":true}]}}