{"id":115048,"date":"2013-11-22T09:03:57","date_gmt":"2013-11-22T08:03:57","guid":{"rendered":"https:\/\/www.fabioferro.eu\/fope-eka-flex-it-collection-armband-aus-gelbgold.html"},"modified":"2026-01-09T16:29:23","modified_gmt":"2026-01-09T15:29:23","slug":"fope-eka-flex-it-collection-armband-aus-gelbgold","status":"publish","type":"product","link":"https:\/\/www.fabioferro.eu\/de\/fope-eka-flex-it-collection-armband-aus-gelbgold.html","title":{"rendered":"Fope Eka Flex It Collection Armband aus Gelbgold"},"content":{"rendered":"<p>0Fope Armband Modell Eka, vollst\u00e4ndig aus 750\/1000er Gelbgold gefertigt. Das elastische Flex&#8217;it-Glied ist von Fope patentiert und mit Hunderten von Federn, die alle aus Gold gefertigt sind, montiert. Das zentrale rondellf\u00f6rmige Motiv hat einen Durchmesser von 9 mm und ist mit Diamanten im Brillantschliff von 0,15 Karat besetzt.<\/p>\n<p>Dieses Schmuckst\u00fcck wird vollst\u00e4ndig in Italien handgefertigt. Jedes Armband wird einem Belastungstest mit 12.000 Ziehungen unterzogen, bevor es auf den Markt kommt, um seine extreme Qualit\u00e4t zu best\u00e4tigen. Der Artikel wird von einem speziellen Etui und der internationalen Garantie von Fope begleitet.<\/p>\n<p><img decoding=\"async\" class=\"alignnone size-full wp-image-205465\" src=\"http:\/\/cdn02.fabioferro.eu\/wp-content\/uploads\/tabelle-misure-bracciali.jpg\" alt=\"\" width=\"1900\" height=\"153\" title=\"\" srcset=\"https:\/\/cdn02.fabioferro.eu\/wp-content\/uploads\/tabelle-misure-bracciali.jpg 1900w, https:\/\/cdn02.fabioferro.eu\/wp-content\/uploads\/tabelle-misure-bracciali-768x62.jpg 768w, https:\/\/cdn02.fabioferro.eu\/wp-content\/uploads\/tabelle-misure-bracciali-1536x124.jpg 1536w, https:\/\/cdn02.fabioferro.eu\/wp-content\/uploads\/tabelle-misure-bracciali-990x80.jpg 990w, https:\/\/cdn02.fabioferro.eu\/wp-content\/uploads\/tabelle-misure-bracciali-441x36.jpg 441w, https:\/\/cdn02.fabioferro.eu\/wp-content\/uploads\/tabelle-misure-bracciali-600x48.jpg 600w, https:\/\/cdn02.fabioferro.eu\/wp-content\/uploads\/tabelle-misure-bracciali-150x12.jpg 150w\" sizes=\"(max-width: 1900px) 100vw, 1900px\" \/><\/p>\n","protected":false},"excerpt":{"rendered":"<p>Ein Juwel mit unvergesslichen Formen und Farben, das Sie mit seiner au\u00dfergew\u00f6hnlichen Sch\u00f6nheit \u00fcberw\u00e4ltigen wird.<\/p>\n","protected":false},"featured_media":115056,"comment_status":"open","ping_status":"closed","template":"","meta":[],"product_brand":[154],"product_cat":[6161],"product_tag":[],"class_list":{"0":"post-115048","1":"product","2":"type-product","3":"status-publish","4":"has-post-thumbnail","6":"product_brand-fope","7":"product_cat-fope-armbander","9":"first","10":"instock","11":"taxable","12":"shipping-taxable","13":"purchasable","14":"product-type-variable","15":"has-default-attributes"},"exclude_global_add_ons":[],"addons":[],"df_price":5310,"df_sale_price":"","df_regular_price":5310,"df_image_link":"https:\/\/cdn02.fabioferro.eu\/wp-content\/uploads\/virtuemart\/product\/bracciale_fope_collezione_eka_in_oro_giallo_721B_BBR_GB__1594400824_601.jpg","_links":{"self":[{"href":"https:\/\/www.fabioferro.eu\/de\/wp-json\/wp\/v2\/product\/115048","targetHints":{"allow":["GET"]}}],"collection":[{"href":"https:\/\/www.fabioferro.eu\/de\/wp-json\/wp\/v2\/product"}],"about":[{"href":"https:\/\/www.fabioferro.eu\/de\/wp-json\/wp\/v2\/types\/product"}],"replies":[{"embeddable":true,"href":"https:\/\/www.fabioferro.eu\/de\/wp-json\/wp\/v2\/comments?post=115048"}],"version-history":[{"count":1,"href":"https:\/\/www.fabioferro.eu\/de\/wp-json\/wp\/v2\/product\/115048\/revisions"}],"predecessor-version":[{"id":206738,"href":"https:\/\/www.fabioferro.eu\/de\/wp-json\/wp\/v2\/product\/115048\/revisions\/206738"}],"wp:featuredmedia":[{"embeddable":true,"href":"https:\/\/www.fabioferro.eu\/de\/wp-json\/wp\/v2\/media\/115056"}],"wp:attachment":[{"href":"https:\/\/www.fabioferro.eu\/de\/wp-json\/wp\/v2\/media?parent=115048"}],"wp:term":[{"taxonomy":"product_brand","embeddable":true,"href":"https:\/\/www.fabioferro.eu\/de\/wp-json\/wp\/v2\/product_brand?post=115048"},{"taxonomy":"product_cat","embeddable":true,"href":"https:\/\/www.fabioferro.eu\/de\/wp-json\/wp\/v2\/product_cat?post=115048"},{"taxonomy":"product_tag","embeddable":true,"href":"https:\/\/www.fabioferro.eu\/de\/wp-json\/wp\/v2\/product_tag?post=115048"}],"curies":[{"name":"wp","href":"https:\/\/api.w.org\/{rel}","templated":true}]}}