{"id":115096,"date":"2013-11-23T09:47:48","date_gmt":"2013-11-23T08:47:48","guid":{"rendered":"https:\/\/www.fabioferro.eu\/bliss-evergreen-grauer-perlenring.html"},"modified":"2025-06-06T16:22:59","modified_gmt":"2025-06-06T14:22:59","slug":"bliss-evergreen-grauer-perlenring","status":"publish","type":"product","link":"https:\/\/www.fabioferro.eu\/de\/bliss-evergreen-grauer-perlenring.html","title":{"rendered":"Bliss Evergreen Grauer Perlenring"},"content":{"rendered":"<p>Bliss Jewels Damenring aus 750\/1000 Wei\u00dfgold mit grauer Zuchtperle. Graue S\u00fc\u00dfwasserzuchtperle mit einem Durchmesser von 9,50 mm. Auf jeder Seite 2 Diamanten mit Brillantschliff von insgesamt 0,03 H. Original Bliss Jewels Box und Garantie.<\/p>\n","protected":false},"excerpt":{"rendered":"<p>Bliss Damenring &#8216;Evergreen&#8217; aus Wei\u00dfgold mit grauer Naturperle und Diamanten<\/p>\n","protected":false},"featured_media":115104,"comment_status":"open","ping_status":"closed","template":"","meta":[],"product_brand":[],"product_cat":[6425],"product_tag":[],"class_list":{"0":"post-115096","1":"product","2":"type-product","3":"status-publish","4":"has-post-thumbnail","6":"product_cat-armbander-und-perlenringe","8":"first","9":"instock","10":"sale","11":"taxable","12":"shipping-taxable","13":"purchasable","14":"product-type-variable","15":"has-default-attributes"},"exclude_global_add_ons":[],"addons":[],"df_price":790,"df_sale_price":"","df_regular_price":790,"df_image_link":"https:\/\/cdn02.fabioferro.eu\/wp-content\/uploads\/virtuemart\/product\/anello-perla-nera.jpg","_links":{"self":[{"href":"https:\/\/www.fabioferro.eu\/de\/wp-json\/wp\/v2\/product\/115096","targetHints":{"allow":["GET"]}}],"collection":[{"href":"https:\/\/www.fabioferro.eu\/de\/wp-json\/wp\/v2\/product"}],"about":[{"href":"https:\/\/www.fabioferro.eu\/de\/wp-json\/wp\/v2\/types\/product"}],"replies":[{"embeddable":true,"href":"https:\/\/www.fabioferro.eu\/de\/wp-json\/wp\/v2\/comments?post=115096"}],"version-history":[{"count":0,"href":"https:\/\/www.fabioferro.eu\/de\/wp-json\/wp\/v2\/product\/115096\/revisions"}],"wp:featuredmedia":[{"embeddable":true,"href":"https:\/\/www.fabioferro.eu\/de\/wp-json\/wp\/v2\/media\/115104"}],"wp:attachment":[{"href":"https:\/\/www.fabioferro.eu\/de\/wp-json\/wp\/v2\/media?parent=115096"}],"wp:term":[{"taxonomy":"product_brand","embeddable":true,"href":"https:\/\/www.fabioferro.eu\/de\/wp-json\/wp\/v2\/product_brand?post=115096"},{"taxonomy":"product_cat","embeddable":true,"href":"https:\/\/www.fabioferro.eu\/de\/wp-json\/wp\/v2\/product_cat?post=115096"},{"taxonomy":"product_tag","embeddable":true,"href":"https:\/\/www.fabioferro.eu\/de\/wp-json\/wp\/v2\/product_tag?post=115096"}],"curies":[{"name":"wp","href":"https:\/\/api.w.org\/{rel}","templated":true}]}}