{"id":115110,"date":"2014-01-17T14:45:57","date_gmt":"2014-01-17T13:45:57","guid":{"rendered":"https:\/\/www.fabioferro.eu\/bliss-halskette-herz-aus-saphiren-und-diamanten-cabaret-kollektion.html"},"modified":"2014-01-17T14:45:57","modified_gmt":"2014-01-17T13:45:57","slug":"bliss-halskette-herz-aus-saphiren-und-diamanten-cabaret-kollektion","status":"publish","type":"product","link":"https:\/\/www.fabioferro.eu\/de\/bliss-halskette-herz-aus-saphiren-und-diamanten-cabaret-kollektion.html","title":{"rendered":"Bliss Halskette Herz aus Saphiren und Diamanten Cabaret Kollektion"},"content":{"rendered":"<p>Damenhalskette aus 750\/1000 Wei\u00dfgold mit verschiebbarem herzf\u00f6rmigem Anh\u00e4nger.<\/p>\n<p>L\u00e4nge der Miniaturkette 41,5 cm mit Karabinerverschlu\u00df.<\/p>\n<p>In der Kette gleitender Anh\u00e4nger in Herzform, besetzt mit 8 Saphiren von 0,39 Karat und Diamanten im Brillantschliff von 0,02 Karat.<\/p>\n<p>Bliss-Couvette kostenlos verpackt und Bliss-Zertifikat f\u00fcr Garantie und Qualit\u00e4t.<\/p>\n<p><img decoding=\"async\" class=\"alignnone size-full wp-image-68675\" src=\"https:\/\/cdn02.fabioferro.eu\/wp-content\/uploads\/IGI-4cs-chart-IT-scaled.jpg\" alt=\"\" width=\"1864\" height=\"2560\" title=\"\" srcset=\"https:\/\/cdn02.fabioferro.eu\/wp-content\/uploads\/IGI-4cs-chart-IT-scaled.jpg 1864w, https:\/\/cdn02.fabioferro.eu\/wp-content\/uploads\/IGI-4cs-chart-IT-768x1055.jpg 768w, https:\/\/cdn02.fabioferro.eu\/wp-content\/uploads\/IGI-4cs-chart-IT-1119x1536.jpg 1119w, https:\/\/cdn02.fabioferro.eu\/wp-content\/uploads\/IGI-4cs-chart-IT-1491x2048.jpg 1491w, https:\/\/cdn02.fabioferro.eu\/wp-content\/uploads\/IGI-4cs-chart-IT-990x1359.jpg 990w, https:\/\/cdn02.fabioferro.eu\/wp-content\/uploads\/IGI-4cs-chart-IT-441x606.jpg 441w, https:\/\/cdn02.fabioferro.eu\/wp-content\/uploads\/IGI-4cs-chart-IT-600x824.jpg 600w, https:\/\/cdn02.fabioferro.eu\/wp-content\/uploads\/IGI-4cs-chart-IT-150x206.jpg 150w\" sizes=\"(max-width: 1864px) 100vw, 1864px\" \/><\/p>\n","protected":false},"excerpt":{"rendered":"<p>Ein s\u00fc\u00dfes Herz, das sich in der Mitte durchbohrt und Platz f\u00fcr die Emotionen der Tr\u00e4gerin macht.<\/p>\n","protected":false},"featured_media":115161,"comment_status":"open","ping_status":"closed","template":"","meta":[],"product_brand":[],"product_cat":[6015,7620],"product_tag":[7442],"class_list":{"0":"post-115110","1":"product","2":"type-product","3":"status-publish","4":"has-post-thumbnail","6":"product_cat-halsketten","7":"product_cat-outlet-schmuck","8":"product_tag-verfugbar","10":"first","11":"instock","12":"sale","13":"taxable","14":"shipping-taxable","15":"purchasable","16":"product-type-simple"},"exclude_global_add_ons":[],"addons":[],"df_price":776,"df_sale_price":776,"df_regular_price":970,"df_image_link":"https:\/\/cdn02.fabioferro.eu\/wp-content\/uploads\/collana-fabio-ferro-cuore-in-oro-bianco-con-zaffiri-33201.jpg","_links":{"self":[{"href":"https:\/\/www.fabioferro.eu\/de\/wp-json\/wp\/v2\/product\/115110","targetHints":{"allow":["GET"]}}],"collection":[{"href":"https:\/\/www.fabioferro.eu\/de\/wp-json\/wp\/v2\/product"}],"about":[{"href":"https:\/\/www.fabioferro.eu\/de\/wp-json\/wp\/v2\/types\/product"}],"replies":[{"embeddable":true,"href":"https:\/\/www.fabioferro.eu\/de\/wp-json\/wp\/v2\/comments?post=115110"}],"version-history":[{"count":0,"href":"https:\/\/www.fabioferro.eu\/de\/wp-json\/wp\/v2\/product\/115110\/revisions"}],"wp:featuredmedia":[{"embeddable":true,"href":"https:\/\/www.fabioferro.eu\/de\/wp-json\/wp\/v2\/media\/115161"}],"wp:attachment":[{"href":"https:\/\/www.fabioferro.eu\/de\/wp-json\/wp\/v2\/media?parent=115110"}],"wp:term":[{"taxonomy":"product_brand","embeddable":true,"href":"https:\/\/www.fabioferro.eu\/de\/wp-json\/wp\/v2\/product_brand?post=115110"},{"taxonomy":"product_cat","embeddable":true,"href":"https:\/\/www.fabioferro.eu\/de\/wp-json\/wp\/v2\/product_cat?post=115110"},{"taxonomy":"product_tag","embeddable":true,"href":"https:\/\/www.fabioferro.eu\/de\/wp-json\/wp\/v2\/product_tag?post=115110"}],"curies":[{"name":"wp","href":"https:\/\/api.w.org\/{rel}","templated":true}]}}