{"id":115148,"date":"2013-12-13T16:20:26","date_gmt":"2013-12-13T15:20:26","guid":{"rendered":"https:\/\/www.fabioferro.eu\/fope-solo-collection-armband-aus-weissgold.html"},"modified":"2026-01-09T16:29:32","modified_gmt":"2026-01-09T15:29:32","slug":"fope-solo-collection-armband-aus-weissgold","status":"publish","type":"product","link":"https:\/\/www.fabioferro.eu\/de\/fope-solo-collection-armband-aus-weissgold.html","title":{"rendered":"Fope Solo Collection Armband aus Wei\u00dfgold"},"content":{"rendered":"<p>Die FOPE-Schmuckst\u00fccke sind in drei Goldfarben erh\u00e4ltlich und haben eine 24-monatige Garantie gegen Herstellungsfehler, die von unserem offiziellen Servicecenter \u00fcberpr\u00fcft wird. Wer seinen Schmuck pflegt, sorgt daf\u00fcr, dass er ewig h\u00e4lt. <\/p>\n<p>Fope Damenarmband Solo Kollektion, eine immer moderne Gliederform aus dem Hause Fope.<\/p>\n<p>Wei\u00dfgoldarmband, 19,00 cm lang, Gliederdurchmesser 4,00 mm, mit einer Rotorschlie\u00dfe, die es erm\u00f6glicht, das Glied um das Handgelenk zu drehen, ohne dass es sich aufrollt und folglich bricht.<\/p>\n<p>Dieses Hemd wird in 3 Goldfarben hergestellt: wei\u00df, gelb und rosa.<\/p>\n<p>Das Schmuckst\u00fcck wird mit einem originalen Fope-Etui und Garantie geliefert.<\/p>\n<p>&nbsp;<\/p>\n","protected":false},"excerpt":{"rendered":"<p>Eine elegante, handgefertigte Kreation von Fope, die sich durch einzigartige Oberfl\u00e4chen und unvergleichliche Details auszeichnet.<\/p>\n","protected":false},"featured_media":115183,"comment_status":"open","ping_status":"closed","template":"","meta":[],"product_brand":[154],"product_cat":[6161],"product_tag":[7442],"class_list":{"0":"post-115148","1":"product","2":"type-product","3":"status-publish","4":"has-post-thumbnail","6":"product_brand-fope","7":"product_cat-fope-armbander","8":"product_tag-verfugbar","10":"first","11":"instock","12":"taxable","13":"shipping-taxable","14":"purchasable","15":"product-type-simple"},"exclude_global_add_ons":[],"addons":[],"df_price":2640,"df_sale_price":"","df_regular_price":2640,"df_image_link":"https:\/\/cdn02.fabioferro.eu\/wp-content\/uploads\/virtuemart\/product\/bracciale_fope_collezione_solo_in_oro_bianco_610B_B__1594399628_251.jpg","_links":{"self":[{"href":"https:\/\/www.fabioferro.eu\/de\/wp-json\/wp\/v2\/product\/115148","targetHints":{"allow":["GET"]}}],"collection":[{"href":"https:\/\/www.fabioferro.eu\/de\/wp-json\/wp\/v2\/product"}],"about":[{"href":"https:\/\/www.fabioferro.eu\/de\/wp-json\/wp\/v2\/types\/product"}],"replies":[{"embeddable":true,"href":"https:\/\/www.fabioferro.eu\/de\/wp-json\/wp\/v2\/comments?post=115148"}],"version-history":[{"count":2,"href":"https:\/\/www.fabioferro.eu\/de\/wp-json\/wp\/v2\/product\/115148\/revisions"}],"predecessor-version":[{"id":206749,"href":"https:\/\/www.fabioferro.eu\/de\/wp-json\/wp\/v2\/product\/115148\/revisions\/206749"}],"wp:featuredmedia":[{"embeddable":true,"href":"https:\/\/www.fabioferro.eu\/de\/wp-json\/wp\/v2\/media\/115183"}],"wp:attachment":[{"href":"https:\/\/www.fabioferro.eu\/de\/wp-json\/wp\/v2\/media?parent=115148"}],"wp:term":[{"taxonomy":"product_brand","embeddable":true,"href":"https:\/\/www.fabioferro.eu\/de\/wp-json\/wp\/v2\/product_brand?post=115148"},{"taxonomy":"product_cat","embeddable":true,"href":"https:\/\/www.fabioferro.eu\/de\/wp-json\/wp\/v2\/product_cat?post=115148"},{"taxonomy":"product_tag","embeddable":true,"href":"https:\/\/www.fabioferro.eu\/de\/wp-json\/wp\/v2\/product_tag?post=115148"}],"curies":[{"name":"wp","href":"https:\/\/api.w.org\/{rel}","templated":true}]}}