{"id":115157,"date":"2013-11-29T08:20:04","date_gmt":"2013-11-29T07:20:04","guid":{"rendered":"https:\/\/www.fabioferro.eu\/fabio-ferro-schwarzer-diamant-kreuz-halskette-in-weissgold.html"},"modified":"2013-11-29T08:20:04","modified_gmt":"2013-11-29T07:20:04","slug":"fabio-ferro-schwarzer-diamant-kreuz-halskette-in-weissgold","status":"publish","type":"product","link":"https:\/\/www.fabioferro.eu\/de\/fabio-ferro-schwarzer-diamant-kreuz-halskette-in-weissgold.html","title":{"rendered":"Fabio Ferro Schwarzer Diamant Kreuz Halskette in Wei\u00dfgold"},"content":{"rendered":"<p>Halskette mit Kreuz aus wei\u00dfen und schwarzen Diamanten, handgefertigt in unserer Goldschmiedewerkstatt aus 750\/1000 g Wei\u00dfgold, Gewicht 3,41 g.<\/p>\n<p>Kettenl\u00e4nge Kettenglied 48 cm mit der M\u00f6glichkeit, 45 cm durch eine eingef\u00fcgte Schlaufe getragen zu werden, Karabinerverschlu\u00df.<\/p>\n<p>Das Kreuz hat eine Gr\u00f6\u00dfe von 14 x 11 mm und besteht aus schwarzen Naturdiamanten mit insgesamt 0,51 Karat und wei\u00dfen Brillanten mit insgesamt 0,12 Karat, Farbe F und Reinheit VS2.<\/p>\n<p>Das Schmuckst\u00fcck ist in einer Geschenkbox verpackt und wird von einem von Fabio Ferro i Gioielli unterzeichneten Garantie- und Qualit\u00e4tszertifikat begleitet.<\/p>\n<p><img decoding=\"async\" class=\"alignnone size-full wp-image-68675\" src=\"https:\/\/cdn02.fabioferro.eu\/wp-content\/uploads\/IGI-4cs-chart-IT-scaled.jpg\" alt=\"\" width=\"1864\" height=\"2560\" title=\"\" srcset=\"https:\/\/cdn02.fabioferro.eu\/wp-content\/uploads\/IGI-4cs-chart-IT-scaled.jpg 1864w, https:\/\/cdn02.fabioferro.eu\/wp-content\/uploads\/IGI-4cs-chart-IT-768x1055.jpg 768w, https:\/\/cdn02.fabioferro.eu\/wp-content\/uploads\/IGI-4cs-chart-IT-1119x1536.jpg 1119w, https:\/\/cdn02.fabioferro.eu\/wp-content\/uploads\/IGI-4cs-chart-IT-1491x2048.jpg 1491w, https:\/\/cdn02.fabioferro.eu\/wp-content\/uploads\/IGI-4cs-chart-IT-990x1359.jpg 990w, https:\/\/cdn02.fabioferro.eu\/wp-content\/uploads\/IGI-4cs-chart-IT-441x606.jpg 441w, https:\/\/cdn02.fabioferro.eu\/wp-content\/uploads\/IGI-4cs-chart-IT-600x824.jpg 600w, https:\/\/cdn02.fabioferro.eu\/wp-content\/uploads\/IGI-4cs-chart-IT-150x206.jpg 150w\" sizes=\"(max-width: 1864px) 100vw, 1864px\" \/><\/p>\n","protected":false},"excerpt":{"rendered":"<p>Ein handgefertigtes Schmuckst\u00fcck, bei dem alle schwarzen und wei\u00dfen Diamanten einzeln und mit \u00e4u\u00dferster Pr\u00e4zision gefasst wurden.<\/p>\n","protected":false},"featured_media":115179,"comment_status":"open","ping_status":"closed","template":"","meta":[],"product_brand":[152],"product_cat":[6015],"product_tag":[7442],"class_list":{"0":"post-115157","1":"product","2":"type-product","3":"status-publish","4":"has-post-thumbnail","6":"product_brand-fabio-ferro-i-gioielli","7":"product_cat-halsketten","8":"product_tag-verfugbar","10":"first","11":"instock","12":"sale","13":"taxable","14":"shipping-taxable","15":"purchasable","16":"product-type-simple"},"exclude_global_add_ons":[],"addons":[],"df_price":1656,"df_sale_price":1656,"df_regular_price":2070,"df_image_link":"https:\/\/cdn02.fabioferro.eu\/wp-content\/uploads\/collana-fabio-ferro-croce-in-oro-bianco-con-diamanti-neri-fp0022.jpg","_links":{"self":[{"href":"https:\/\/www.fabioferro.eu\/de\/wp-json\/wp\/v2\/product\/115157","targetHints":{"allow":["GET"]}}],"collection":[{"href":"https:\/\/www.fabioferro.eu\/de\/wp-json\/wp\/v2\/product"}],"about":[{"href":"https:\/\/www.fabioferro.eu\/de\/wp-json\/wp\/v2\/types\/product"}],"replies":[{"embeddable":true,"href":"https:\/\/www.fabioferro.eu\/de\/wp-json\/wp\/v2\/comments?post=115157"}],"version-history":[{"count":0,"href":"https:\/\/www.fabioferro.eu\/de\/wp-json\/wp\/v2\/product\/115157\/revisions"}],"wp:featuredmedia":[{"embeddable":true,"href":"https:\/\/www.fabioferro.eu\/de\/wp-json\/wp\/v2\/media\/115179"}],"wp:attachment":[{"href":"https:\/\/www.fabioferro.eu\/de\/wp-json\/wp\/v2\/media?parent=115157"}],"wp:term":[{"taxonomy":"product_brand","embeddable":true,"href":"https:\/\/www.fabioferro.eu\/de\/wp-json\/wp\/v2\/product_brand?post=115157"},{"taxonomy":"product_cat","embeddable":true,"href":"https:\/\/www.fabioferro.eu\/de\/wp-json\/wp\/v2\/product_cat?post=115157"},{"taxonomy":"product_tag","embeddable":true,"href":"https:\/\/www.fabioferro.eu\/de\/wp-json\/wp\/v2\/product_tag?post=115157"}],"curies":[{"name":"wp","href":"https:\/\/api.w.org\/{rel}","templated":true}]}}