{"id":115159,"date":"2014-01-16T18:40:27","date_gmt":"2014-01-16T17:40:27","guid":{"rendered":"https:\/\/www.fabioferro.eu\/salvini-veretta-ring.html"},"modified":"2024-10-14T11:32:23","modified_gmt":"2024-10-14T09:32:23","slug":"salvini-veretta-ring","status":"publish","type":"product","link":"https:\/\/www.fabioferro.eu\/de\/salvini-veretta-ring.html","title":{"rendered":"Salvini Veretta Ring"},"content":{"rendered":"<p>Damenring aus 750\/1000 Wei\u00dfgold, Gewicht 4,80 g. Typ &#8220;Veretta&#8221; mit Brillanten von 0,22 Karat, Farbe H VVS. Flacher Ring auf 2 Seiten mit Diamanten, die bis zur Mitte verlaufen, einheitliche Dicke von 2 mm. Sofort verf\u00fcgbare Gr\u00f6\u00dfe Nr. 15. Original Salvini Etui und Garantie.<\/p>\n<p>&nbsp;<\/p>\n","protected":false},"excerpt":{"rendered":"<p>Damenring aus Wei\u00dfgold mit flacher Fassung Salvini mit Diamanten<\/p>\n","protected":false},"featured_media":115195,"comment_status":"open","ping_status":"closed","template":"","meta":[],"product_brand":[],"product_cat":[7620],"product_tag":[7442],"class_list":{"0":"post-115159","1":"product","2":"type-product","3":"status-publish","4":"has-post-thumbnail","6":"product_cat-outlet-schmuck","7":"product_tag-verfugbar","9":"first","10":"instock","11":"sale","12":"taxable","13":"shipping-taxable","14":"purchasable","15":"product-type-simple"},"exclude_global_add_ons":[],"addons":[],"df_price":1400,"df_sale_price":1400,"df_regular_price":2000,"df_image_link":"https:\/\/cdn02.fabioferro.eu\/wp-content\/uploads\/virtuemart\/product\/anello_eternity_rialzato2.jpg","_links":{"self":[{"href":"https:\/\/www.fabioferro.eu\/de\/wp-json\/wp\/v2\/product\/115159","targetHints":{"allow":["GET"]}}],"collection":[{"href":"https:\/\/www.fabioferro.eu\/de\/wp-json\/wp\/v2\/product"}],"about":[{"href":"https:\/\/www.fabioferro.eu\/de\/wp-json\/wp\/v2\/types\/product"}],"replies":[{"embeddable":true,"href":"https:\/\/www.fabioferro.eu\/de\/wp-json\/wp\/v2\/comments?post=115159"}],"version-history":[{"count":0,"href":"https:\/\/www.fabioferro.eu\/de\/wp-json\/wp\/v2\/product\/115159\/revisions"}],"wp:featuredmedia":[{"embeddable":true,"href":"https:\/\/www.fabioferro.eu\/de\/wp-json\/wp\/v2\/media\/115195"}],"wp:attachment":[{"href":"https:\/\/www.fabioferro.eu\/de\/wp-json\/wp\/v2\/media?parent=115159"}],"wp:term":[{"taxonomy":"product_brand","embeddable":true,"href":"https:\/\/www.fabioferro.eu\/de\/wp-json\/wp\/v2\/product_brand?post=115159"},{"taxonomy":"product_cat","embeddable":true,"href":"https:\/\/www.fabioferro.eu\/de\/wp-json\/wp\/v2\/product_cat?post=115159"},{"taxonomy":"product_tag","embeddable":true,"href":"https:\/\/www.fabioferro.eu\/de\/wp-json\/wp\/v2\/product_tag?post=115159"}],"curies":[{"name":"wp","href":"https:\/\/api.w.org\/{rel}","templated":true}]}}