{"id":115171,"date":"2014-01-17T14:45:48","date_gmt":"2014-01-17T13:45:48","guid":{"rendered":"https:\/\/www.fabioferro.eu\/bliss-cabaret-saphir-halskette-aus-weissgold-und-diamanten.html"},"modified":"2014-01-17T14:45:48","modified_gmt":"2014-01-17T13:45:48","slug":"bliss-cabaret-saphir-halskette-aus-weissgold-und-diamanten","status":"publish","type":"product","link":"https:\/\/www.fabioferro.eu\/de\/bliss-cabaret-saphir-halskette-aus-weissgold-und-diamanten.html","title":{"rendered":"Bliss Cabaret Saphir-Halskette aus Wei\u00dfgold und Diamanten"},"content":{"rendered":"<p>Collier Bliss aus 750\/1000 g Wei\u00dfgold, 3,6 g schwer, mit ovalem, mit Diamanten und blauen Saphiren besetztem Anh\u00e4nger.<\/p>\n<p>Anh\u00e4nger mit 8 Saphiren von insgesamt 0,80 Karat und 15 Diamanten im Brillantschliff von insgesamt 0,07 Karat. Sie zeichnen sich durch eine F-Farbe und einen VS2-Reinheitsgrad aus.<\/p>\n<p>Zwangsgegliederte Halskette mit einer L\u00e4nge von 45 cm und der M\u00f6glichkeit, sie durch eine zwischengeschaltete Schlaufe an der Kette auch in 40 cm L\u00e4nge zu tragen.<\/p>\n<p>Die Couvette mit Geschenkbox wird mit der Bliss-Garantie und einem Qualit\u00e4tszertifikat geliefert.<\/p>\n<p><img decoding=\"async\" class=\"alignnone size-full wp-image-68675\" src=\"https:\/\/cdn02.fabioferro.eu\/wp-content\/uploads\/IGI-4cs-chart-IT-scaled.jpg\" alt=\"\" width=\"1864\" height=\"2560\" title=\"\" srcset=\"https:\/\/cdn02.fabioferro.eu\/wp-content\/uploads\/IGI-4cs-chart-IT-scaled.jpg 1864w, https:\/\/cdn02.fabioferro.eu\/wp-content\/uploads\/IGI-4cs-chart-IT-768x1055.jpg 768w, https:\/\/cdn02.fabioferro.eu\/wp-content\/uploads\/IGI-4cs-chart-IT-1119x1536.jpg 1119w, https:\/\/cdn02.fabioferro.eu\/wp-content\/uploads\/IGI-4cs-chart-IT-1491x2048.jpg 1491w, https:\/\/cdn02.fabioferro.eu\/wp-content\/uploads\/IGI-4cs-chart-IT-990x1359.jpg 990w, https:\/\/cdn02.fabioferro.eu\/wp-content\/uploads\/IGI-4cs-chart-IT-441x606.jpg 441w, https:\/\/cdn02.fabioferro.eu\/wp-content\/uploads\/IGI-4cs-chart-IT-600x824.jpg 600w, https:\/\/cdn02.fabioferro.eu\/wp-content\/uploads\/IGI-4cs-chart-IT-150x206.jpg 150w\" sizes=\"(max-width: 1864px) 100vw, 1864px\" \/><\/p>\n","protected":false},"excerpt":{"rendered":"<p>Ein handgefertigtes Schmuckst\u00fcck, das sich mit dem Gef\u00fchl der Liebe verbindet, indem es s\u00fc\u00dfe Herzen auf seine Struktur setzt.<\/p>\n","protected":false},"featured_media":115213,"comment_status":"open","ping_status":"closed","template":"","meta":[],"product_brand":[],"product_cat":[6015,7620],"product_tag":[7442],"class_list":{"0":"post-115171","1":"product","2":"type-product","3":"status-publish","4":"has-post-thumbnail","6":"product_cat-halsketten","7":"product_cat-outlet-schmuck","8":"product_tag-verfugbar","10":"first","11":"instock","12":"sale","13":"taxable","14":"shipping-taxable","15":"purchasable","16":"product-type-simple"},"exclude_global_add_ons":[],"addons":[],"df_price":1008,"df_sale_price":1008,"df_regular_price":1260,"df_image_link":"https:\/\/cdn02.fabioferro.eu\/wp-content\/uploads\/collana-fabio-ferro-rubini-cuori-diamanti-pendente.jpg","_links":{"self":[{"href":"https:\/\/www.fabioferro.eu\/de\/wp-json\/wp\/v2\/product\/115171","targetHints":{"allow":["GET"]}}],"collection":[{"href":"https:\/\/www.fabioferro.eu\/de\/wp-json\/wp\/v2\/product"}],"about":[{"href":"https:\/\/www.fabioferro.eu\/de\/wp-json\/wp\/v2\/types\/product"}],"replies":[{"embeddable":true,"href":"https:\/\/www.fabioferro.eu\/de\/wp-json\/wp\/v2\/comments?post=115171"}],"version-history":[{"count":0,"href":"https:\/\/www.fabioferro.eu\/de\/wp-json\/wp\/v2\/product\/115171\/revisions"}],"wp:featuredmedia":[{"embeddable":true,"href":"https:\/\/www.fabioferro.eu\/de\/wp-json\/wp\/v2\/media\/115213"}],"wp:attachment":[{"href":"https:\/\/www.fabioferro.eu\/de\/wp-json\/wp\/v2\/media?parent=115171"}],"wp:term":[{"taxonomy":"product_brand","embeddable":true,"href":"https:\/\/www.fabioferro.eu\/de\/wp-json\/wp\/v2\/product_brand?post=115171"},{"taxonomy":"product_cat","embeddable":true,"href":"https:\/\/www.fabioferro.eu\/de\/wp-json\/wp\/v2\/product_cat?post=115171"},{"taxonomy":"product_tag","embeddable":true,"href":"https:\/\/www.fabioferro.eu\/de\/wp-json\/wp\/v2\/product_tag?post=115171"}],"curies":[{"name":"wp","href":"https:\/\/api.w.org\/{rel}","templated":true}]}}