{"id":115206,"date":"2013-11-22T15:34:22","date_gmt":"2013-11-22T14:34:22","guid":{"rendered":"https:\/\/www.fabioferro.eu\/fope-solo-collection-ohrringe-aus-weissgold-und-diamanten.html"},"modified":"2026-01-09T16:29:25","modified_gmt":"2026-01-09T15:29:25","slug":"fope-solo-collection-ohrringe-aus-weissgold-und-diamanten","status":"publish","type":"product","link":"https:\/\/www.fabioferro.eu\/de\/fope-solo-collection-ohrringe-aus-weissgold-und-diamanten.html","title":{"rendered":"Fope Solo Collection Ohrringe aus Wei\u00dfgold und Diamanten"},"content":{"rendered":"<p>Fope Solo Collection Ohrringe aus Wei\u00dfgold mit Brillanten.<\/p>\n<p>Vollst\u00e4ndig handgefertigt aus 18 Karat Wei\u00dfgold in Form eines halben Tropfen.<\/p>\n<p>Die H\u00f6he betr\u00e4gt 17 mm, die Breite 6 mm und die Dicke 2 mm.<\/p>\n<p>Die Vorderseite wird von zwei rechteckigen St\u00e4ben aus Brillanten von insgesamt 0,11 Karat erhellt.<\/p>\n<p>Die Steine zeichnen sich durch eine Farbe von G und einen Reinheitsgrad von VS1 aus.<\/p>\n<p>Bequemer und wiesenf\u00f6rmiger Stift- und Federclipverschluss auf der R\u00fcckseite des Ohrl\u00e4ppchens.<\/p>\n<p>Das Schmuckst\u00fcck wird von einem eleganten Etui und der offiziellen Fope-Garantie begleitet.<\/p>\n","protected":false},"excerpt":{"rendered":"<p>Elegant und jeden Tag tragbar, daf\u00fcr sind die Ohrringe von Fope wie geschaffen. Ein wahres Licht, das im Licht des Tages und der Nacht erstrahlt. <\/p>\n","protected":false},"featured_media":115221,"comment_status":"open","ping_status":"closed","template":"","meta":[],"product_brand":[154],"product_cat":[5937],"product_tag":[],"class_list":{"0":"post-115206","1":"product","2":"type-product","3":"status-publish","4":"has-post-thumbnail","6":"product_brand-fope","7":"product_cat-fope-ohrringe","9":"first","10":"instock","11":"taxable","12":"shipping-taxable","13":"purchasable","14":"product-type-simple"},"exclude_global_add_ons":[],"addons":[],"df_price":3330,"df_sale_price":"","df_regular_price":3330,"df_image_link":"https:\/\/cdn02.fabioferro.eu\/wp-content\/uploads\/virtuemart\/product\/orecchini_fope_collezione_solo_in_oro_bianco_e_diamanti_OR155BBR_B__1593848786_347.jpg","_links":{"self":[{"href":"https:\/\/www.fabioferro.eu\/de\/wp-json\/wp\/v2\/product\/115206","targetHints":{"allow":["GET"]}}],"collection":[{"href":"https:\/\/www.fabioferro.eu\/de\/wp-json\/wp\/v2\/product"}],"about":[{"href":"https:\/\/www.fabioferro.eu\/de\/wp-json\/wp\/v2\/types\/product"}],"replies":[{"embeddable":true,"href":"https:\/\/www.fabioferro.eu\/de\/wp-json\/wp\/v2\/comments?post=115206"}],"version-history":[{"count":1,"href":"https:\/\/www.fabioferro.eu\/de\/wp-json\/wp\/v2\/product\/115206\/revisions"}],"predecessor-version":[{"id":206742,"href":"https:\/\/www.fabioferro.eu\/de\/wp-json\/wp\/v2\/product\/115206\/revisions\/206742"}],"wp:featuredmedia":[{"embeddable":true,"href":"https:\/\/www.fabioferro.eu\/de\/wp-json\/wp\/v2\/media\/115221"}],"wp:attachment":[{"href":"https:\/\/www.fabioferro.eu\/de\/wp-json\/wp\/v2\/media?parent=115206"}],"wp:term":[{"taxonomy":"product_brand","embeddable":true,"href":"https:\/\/www.fabioferro.eu\/de\/wp-json\/wp\/v2\/product_brand?post=115206"},{"taxonomy":"product_cat","embeddable":true,"href":"https:\/\/www.fabioferro.eu\/de\/wp-json\/wp\/v2\/product_cat?post=115206"},{"taxonomy":"product_tag","embeddable":true,"href":"https:\/\/www.fabioferro.eu\/de\/wp-json\/wp\/v2\/product_tag?post=115206"}],"curies":[{"name":"wp","href":"https:\/\/api.w.org\/{rel}","templated":true}]}}