{"id":115210,"date":"2013-12-11T15:36:25","date_gmt":"2013-12-11T14:36:25","guid":{"rendered":"https:\/\/www.fabioferro.eu\/bliss-aqua-marina-und-diamantschliff-halskette.html"},"modified":"2013-12-11T15:36:25","modified_gmt":"2013-12-11T14:36:25","slug":"bliss-aqua-marina-und-diamantschliff-halskette","status":"publish","type":"product","link":"https:\/\/www.fabioferro.eu\/de\/bliss-aqua-marina-und-diamantschliff-halskette.html","title":{"rendered":"Bliss Aqua Marina und Diamantschliff Halskette"},"content":{"rendered":"<p>Damenhalskette aus 750\/1000er Wei\u00dfgold mit einem Aquamarin mit feinem Ovalschliff von 1,05 Karat.<\/p>\n<p>Im oberen Teil der verschiebbaren L\u00fcnette 1 Brillant von 0,03 Karat Farbe H, besetzt mit 4 Riffs.<\/p>\n<p>Die L\u00e4nge der Wei\u00dfgold-Rollo-Kette betr\u00e4gt 45 cm mit einer 40 cm langen Schlaufe dazwischen, um sie zu verk\u00fcrzen.<br \/>\nNeuer Artikel mit Bliss-Box und Garantie, sch\u00f6ne kostenlose Geschenkbox.<\/p>\n","protected":false},"excerpt":{"rendered":"<p>Halskette aus Wei\u00dfgold mit Aqua Marina-Anh\u00e4nger und Diamant<\/p>\n","protected":false},"featured_media":115220,"comment_status":"open","ping_status":"closed","template":"","meta":[],"product_brand":[],"product_cat":[6015,7620],"product_tag":[7442],"class_list":{"0":"post-115210","1":"product","2":"type-product","3":"status-publish","4":"has-post-thumbnail","6":"product_cat-halsketten","7":"product_cat-outlet-schmuck","8":"product_tag-verfugbar","10":"first","11":"instock","12":"sale","13":"taxable","14":"shipping-taxable","15":"purchasable","16":"product-type-simple"},"exclude_global_add_ons":[],"addons":[],"df_price":1280,"df_sale_price":1280,"df_regular_price":1600,"df_image_link":"https:\/\/cdn02.fabioferro.eu\/wp-content\/uploads\/virtuemart\/product\/collana-acqua-marina-singola.jpg","_links":{"self":[{"href":"https:\/\/www.fabioferro.eu\/de\/wp-json\/wp\/v2\/product\/115210","targetHints":{"allow":["GET"]}}],"collection":[{"href":"https:\/\/www.fabioferro.eu\/de\/wp-json\/wp\/v2\/product"}],"about":[{"href":"https:\/\/www.fabioferro.eu\/de\/wp-json\/wp\/v2\/types\/product"}],"replies":[{"embeddable":true,"href":"https:\/\/www.fabioferro.eu\/de\/wp-json\/wp\/v2\/comments?post=115210"}],"version-history":[{"count":0,"href":"https:\/\/www.fabioferro.eu\/de\/wp-json\/wp\/v2\/product\/115210\/revisions"}],"wp:featuredmedia":[{"embeddable":true,"href":"https:\/\/www.fabioferro.eu\/de\/wp-json\/wp\/v2\/media\/115220"}],"wp:attachment":[{"href":"https:\/\/www.fabioferro.eu\/de\/wp-json\/wp\/v2\/media?parent=115210"}],"wp:term":[{"taxonomy":"product_brand","embeddable":true,"href":"https:\/\/www.fabioferro.eu\/de\/wp-json\/wp\/v2\/product_brand?post=115210"},{"taxonomy":"product_cat","embeddable":true,"href":"https:\/\/www.fabioferro.eu\/de\/wp-json\/wp\/v2\/product_cat?post=115210"},{"taxonomy":"product_tag","embeddable":true,"href":"https:\/\/www.fabioferro.eu\/de\/wp-json\/wp\/v2\/product_tag?post=115210"}],"curies":[{"name":"wp","href":"https:\/\/api.w.org\/{rel}","templated":true}]}}