{"id":115227,"date":"2013-11-23T10:39:14","date_gmt":"2013-11-23T09:39:14","guid":{"rendered":"https:\/\/www.fabioferro.eu\/bliss-quadrifoglio-weissgold-damenohrringe.html"},"modified":"2013-11-23T10:39:14","modified_gmt":"2013-11-23T09:39:14","slug":"bliss-quadrifoglio-weissgold-damenohrringe","status":"publish","type":"product","link":"https:\/\/www.fabioferro.eu\/de\/bliss-quadrifoglio-weissgold-damenohrringe.html","title":{"rendered":"Bliss Quadrifoglio Wei\u00dfgold Damenohrringe"},"content":{"rendered":"<p>Anh\u00e4nger-Ohrringe f\u00fcr Frauen aus 750\/1000 Wei\u00dfgold Bliss Jewellery.<br \/>\nBefestigung am Lappen mit Schmetterling<br \/>\nL\u00e4nge 2,6 cm<br \/>\n4 Diamanten im Brillantschliff 0,04 Karat, Farbe H<\/p>\n<p>Der Ohrring kann auf zwei Arten getragen werden: Durch das Abnehmen des vierbl\u00e4ttrigen Kleeblatts entsteht ein sch\u00f6nes Spotlight.<\/p>\n<p>Neuer Artikel mit original Bliss-Box und Garantie und einer sch\u00f6nen Geschenkbox<\/p>\n<p>&nbsp;<\/p>\n<p>&nbsp;<\/p>\n<p>&nbsp;<\/p>\n<p>&nbsp;<\/p>\n<p>&nbsp;<\/p>\n<p>&nbsp;<\/p>\n<p>&nbsp;<\/p>\n","protected":false},"excerpt":{"rendered":"<p>Bliss-Ohrringe f\u00fcr Frauen aus Wei\u00dfgold und Diamanten mit doppelter Passform.<\/p>\n","protected":false},"featured_media":115241,"comment_status":"open","ping_status":"closed","template":"","meta":[],"product_brand":[],"product_cat":[7620],"product_tag":[7442],"class_list":{"0":"post-115227","1":"product","2":"type-product","3":"status-publish","4":"has-post-thumbnail","6":"product_cat-outlet-schmuck","7":"product_tag-verfugbar","9":"first","10":"instock","11":"sale","12":"taxable","13":"shipping-taxable","14":"purchasable","15":"product-type-simple"},"exclude_global_add_ons":[],"addons":[],"df_price":790,"df_sale_price":790,"df_regular_price":990,"df_image_link":"https:\/\/cdn02.fabioferro.eu\/wp-content\/uploads\/virtuemart\/product\/orecchini-donna-bliss-oro-bianco-quadrifoglio-punto-luce-k14163.jpg","_links":{"self":[{"href":"https:\/\/www.fabioferro.eu\/de\/wp-json\/wp\/v2\/product\/115227","targetHints":{"allow":["GET"]}}],"collection":[{"href":"https:\/\/www.fabioferro.eu\/de\/wp-json\/wp\/v2\/product"}],"about":[{"href":"https:\/\/www.fabioferro.eu\/de\/wp-json\/wp\/v2\/types\/product"}],"replies":[{"embeddable":true,"href":"https:\/\/www.fabioferro.eu\/de\/wp-json\/wp\/v2\/comments?post=115227"}],"version-history":[{"count":0,"href":"https:\/\/www.fabioferro.eu\/de\/wp-json\/wp\/v2\/product\/115227\/revisions"}],"wp:featuredmedia":[{"embeddable":true,"href":"https:\/\/www.fabioferro.eu\/de\/wp-json\/wp\/v2\/media\/115241"}],"wp:attachment":[{"href":"https:\/\/www.fabioferro.eu\/de\/wp-json\/wp\/v2\/media?parent=115227"}],"wp:term":[{"taxonomy":"product_brand","embeddable":true,"href":"https:\/\/www.fabioferro.eu\/de\/wp-json\/wp\/v2\/product_brand?post=115227"},{"taxonomy":"product_cat","embeddable":true,"href":"https:\/\/www.fabioferro.eu\/de\/wp-json\/wp\/v2\/product_cat?post=115227"},{"taxonomy":"product_tag","embeddable":true,"href":"https:\/\/www.fabioferro.eu\/de\/wp-json\/wp\/v2\/product_tag?post=115227"}],"curies":[{"name":"wp","href":"https:\/\/api.w.org\/{rel}","templated":true}]}}