{"id":115282,"date":"2013-07-17T14:22:57","date_gmt":"2013-07-17T12:22:57","guid":{"rendered":"https:\/\/www.fabioferro.eu\/comete-manschettenknoepfe-kollektion-herrengesichter-aus-schwarzem-pvd-stahl.html"},"modified":"2025-06-06T15:56:17","modified_gmt":"2025-06-06T13:56:17","slug":"comete-manschettenknoepfe-kollektion-herrengesichter-aus-schwarzem-pvd-stahl","status":"publish","type":"product","link":"https:\/\/www.fabioferro.eu\/de\/comete-manschettenknoepfe-kollektion-herrengesichter-aus-schwarzem-pvd-stahl.html","title":{"rendered":"Comete Manschettenkn\u00f6pfe Kollektion Herrengesichter aus schwarzem PVD-Stahl"},"content":{"rendered":"<p>Paar Comete Faces Manschettenkn\u00f6pfe f\u00fcr Herren aus poliertem Edelstahl und schwarzem PVD<\/p>\n<p>Gr\u00f6\u00dfe mm 13&#215;13 mit flachem Zentralmotiv aus mattschwarzem PVD<\/p>\n<p>Neuer Artikel mit original Comete Box und Garantie<\/p>\n<p>Ausstellen einer Quittung und\/oder Rechnung<\/p>\n","protected":false},"excerpt":{"rendered":"<p>Comete Manschettenkn\u00f6pfe f\u00fcr Herren &#8216;Faces&#8217; Kollektion aus Stahl und schwarzem PVD<\/p>\n","protected":false},"featured_media":115295,"comment_status":"open","ping_status":"closed","template":"","meta":[],"product_brand":[157],"product_cat":[6392],"product_tag":[7442],"class_list":{"0":"post-115282","1":"product","2":"type-product","3":"status-publish","4":"has-post-thumbnail","6":"product_brand-comete","7":"product_cat-comete-accessoires-manner","8":"product_tag-verfugbar","10":"first","11":"outofstock","12":"sale","13":"taxable","14":"shipping-taxable","15":"purchasable","16":"product-type-simple"},"exclude_global_add_ons":[],"addons":[],"df_price":88.2,"df_sale_price":88.2,"df_regular_price":98,"df_image_link":"https:\/\/cdn02.fabioferro.eu\/wp-content\/uploads\/virtuemart\/product\/gemelli-neri-ugm145.jpg","_links":{"self":[{"href":"https:\/\/www.fabioferro.eu\/de\/wp-json\/wp\/v2\/product\/115282","targetHints":{"allow":["GET"]}}],"collection":[{"href":"https:\/\/www.fabioferro.eu\/de\/wp-json\/wp\/v2\/product"}],"about":[{"href":"https:\/\/www.fabioferro.eu\/de\/wp-json\/wp\/v2\/types\/product"}],"replies":[{"embeddable":true,"href":"https:\/\/www.fabioferro.eu\/de\/wp-json\/wp\/v2\/comments?post=115282"}],"version-history":[{"count":0,"href":"https:\/\/www.fabioferro.eu\/de\/wp-json\/wp\/v2\/product\/115282\/revisions"}],"wp:featuredmedia":[{"embeddable":true,"href":"https:\/\/www.fabioferro.eu\/de\/wp-json\/wp\/v2\/media\/115295"}],"wp:attachment":[{"href":"https:\/\/www.fabioferro.eu\/de\/wp-json\/wp\/v2\/media?parent=115282"}],"wp:term":[{"taxonomy":"product_brand","embeddable":true,"href":"https:\/\/www.fabioferro.eu\/de\/wp-json\/wp\/v2\/product_brand?post=115282"},{"taxonomy":"product_cat","embeddable":true,"href":"https:\/\/www.fabioferro.eu\/de\/wp-json\/wp\/v2\/product_cat?post=115282"},{"taxonomy":"product_tag","embeddable":true,"href":"https:\/\/www.fabioferro.eu\/de\/wp-json\/wp\/v2\/product_tag?post=115282"}],"curies":[{"name":"wp","href":"https:\/\/api.w.org\/{rel}","templated":true}]}}