{"id":115301,"date":"2013-07-16T17:07:04","date_gmt":"2013-07-16T15:07:04","guid":{"rendered":"https:\/\/www.fabioferro.eu\/comete-halskette-klassisch-schwarz-diamanten.html"},"modified":"2024-12-16T13:33:49","modified_gmt":"2024-12-16T12:33:49","slug":"comete-halskette-klassisch-schwarz-diamanten","status":"publish","type":"product","link":"https:\/\/www.fabioferro.eu\/de\/comete-halskette-klassisch-schwarz-diamanten.html","title":{"rendered":"Comete Halskette Klassisch Schwarz Diamanten"},"content":{"rendered":"<p>Comete Herrenhalsband Classic aus 750\/1000 Wei\u00dfgold Kreuzf\u00f6rmiger Anh\u00e4nger aus Wei\u00dfgold mit den Ma\u00dfen 12,5&#215;8 mm, Dicke 3 mm. Mit einem Brillanten von 1 kt. besetzt. 0,02 und 10 schwarze Diamanten kt.<br \/>\n0.13 Wei\u00dfgold Kette L\u00e4nge cm.50<\/p>\n<p>Ringschlie\u00dfe mit Feder<\/p>\n<p>Neuer Artikel mit original Comete Karton und Garantie<\/p>\n","protected":false},"excerpt":{"rendered":"<p>Herrenhalskette aus Wei\u00dfgold mit schwarzen Diamanten<\/p>\n","protected":false},"featured_media":115327,"comment_status":"open","ping_status":"closed","template":"","meta":[],"product_brand":[157],"product_cat":[6338,6380],"product_tag":[],"class_list":{"0":"post-115301","1":"product","2":"type-product","3":"status-publish","4":"has-post-thumbnail","6":"product_brand-comete","7":"product_cat-comete-herren-halsketten","8":"product_cat-mannerschmuck","10":"first","11":"outofstock","12":"sale","13":"taxable","14":"shipping-taxable","15":"purchasable","16":"product-type-simple"},"exclude_global_add_ons":[],"addons":[],"df_price":754.2,"df_sale_price":754.2,"df_regular_price":838,"df_image_link":"https:\/\/cdn02.fabioferro.eu\/wp-content\/uploads\/virtuemart\/product\/collana-brill-neri-croce.jpg","_links":{"self":[{"href":"https:\/\/www.fabioferro.eu\/de\/wp-json\/wp\/v2\/product\/115301","targetHints":{"allow":["GET"]}}],"collection":[{"href":"https:\/\/www.fabioferro.eu\/de\/wp-json\/wp\/v2\/product"}],"about":[{"href":"https:\/\/www.fabioferro.eu\/de\/wp-json\/wp\/v2\/types\/product"}],"replies":[{"embeddable":true,"href":"https:\/\/www.fabioferro.eu\/de\/wp-json\/wp\/v2\/comments?post=115301"}],"version-history":[{"count":0,"href":"https:\/\/www.fabioferro.eu\/de\/wp-json\/wp\/v2\/product\/115301\/revisions"}],"wp:featuredmedia":[{"embeddable":true,"href":"https:\/\/www.fabioferro.eu\/de\/wp-json\/wp\/v2\/media\/115327"}],"wp:attachment":[{"href":"https:\/\/www.fabioferro.eu\/de\/wp-json\/wp\/v2\/media?parent=115301"}],"wp:term":[{"taxonomy":"product_brand","embeddable":true,"href":"https:\/\/www.fabioferro.eu\/de\/wp-json\/wp\/v2\/product_brand?post=115301"},{"taxonomy":"product_cat","embeddable":true,"href":"https:\/\/www.fabioferro.eu\/de\/wp-json\/wp\/v2\/product_cat?post=115301"},{"taxonomy":"product_tag","embeddable":true,"href":"https:\/\/www.fabioferro.eu\/de\/wp-json\/wp\/v2\/product_tag?post=115301"}],"curies":[{"name":"wp","href":"https:\/\/api.w.org\/{rel}","templated":true}]}}