{"id":115326,"date":"2013-11-09T15:41:46","date_gmt":"2013-11-09T14:41:46","guid":{"rendered":"https:\/\/www.fabioferro.eu\/raspini-bronze-weiss-blume-rahmen-16x20.html"},"modified":"2026-02-28T10:29:02","modified_gmt":"2026-02-28T09:29:02","slug":"raspini-bronze-weiss-blume-rahmen-16x20","status":"publish","type":"product","link":"https:\/\/www.fabioferro.eu\/de\/raspini-bronze-weiss-blume-rahmen-16x20.html","title":{"rendered":"Raspini Bronze Wei\u00df Blume Rahmen 16&#215;20"},"content":{"rendered":"<p>Giovanni Raspini Wei\u00dfer Bronze Bilderrahmen Glasformat cm. 16\u00d720 Abnehmbarer Clipsockel mit verschiedenen Blumen Neuer Artikel mit Originalverpackung und Garantie Ausstellung der Quittung und\/oder Rechnung<\/p>\n","protected":false},"excerpt":{"rendered":"<p>Giovanni Raspini Wei\u00df Bronze Rahmen mit Clip Basis Fiori cm. 16&#215;20<\/p>\n","protected":false},"featured_media":115340,"comment_status":"open","ping_status":"closed","template":"","meta":[],"product_brand":[155],"product_cat":[7704],"product_tag":[],"class_list":{"0":"post-115326","1":"product","2":"type-product","3":"status-publish","4":"has-post-thumbnail","6":"product_brand-raspini","7":"product_cat-bronzerahmen-von-giovanni-raspini","9":"first","10":"instock","11":"sale","12":"taxable","13":"shipping-taxable","14":"purchasable","15":"product-type-simple"},"exclude_global_add_ons":[],"addons":[],"df_price":202.5,"df_sale_price":202.5,"df_regular_price":225,"df_image_link":"https:\/\/cdn02.fabioferro.eu\/wp-content\/uploads\/virtuemart\/product\/cornice-b354-fiori-16x20.jpg","_links":{"self":[{"href":"https:\/\/www.fabioferro.eu\/de\/wp-json\/wp\/v2\/product\/115326","targetHints":{"allow":["GET"]}}],"collection":[{"href":"https:\/\/www.fabioferro.eu\/de\/wp-json\/wp\/v2\/product"}],"about":[{"href":"https:\/\/www.fabioferro.eu\/de\/wp-json\/wp\/v2\/types\/product"}],"replies":[{"embeddable":true,"href":"https:\/\/www.fabioferro.eu\/de\/wp-json\/wp\/v2\/comments?post=115326"}],"version-history":[{"count":1,"href":"https:\/\/www.fabioferro.eu\/de\/wp-json\/wp\/v2\/product\/115326\/revisions"}],"predecessor-version":[{"id":212103,"href":"https:\/\/www.fabioferro.eu\/de\/wp-json\/wp\/v2\/product\/115326\/revisions\/212103"}],"wp:featuredmedia":[{"embeddable":true,"href":"https:\/\/www.fabioferro.eu\/de\/wp-json\/wp\/v2\/media\/115340"}],"wp:attachment":[{"href":"https:\/\/www.fabioferro.eu\/de\/wp-json\/wp\/v2\/media?parent=115326"}],"wp:term":[{"taxonomy":"product_brand","embeddable":true,"href":"https:\/\/www.fabioferro.eu\/de\/wp-json\/wp\/v2\/product_brand?post=115326"},{"taxonomy":"product_cat","embeddable":true,"href":"https:\/\/www.fabioferro.eu\/de\/wp-json\/wp\/v2\/product_cat?post=115326"},{"taxonomy":"product_tag","embeddable":true,"href":"https:\/\/www.fabioferro.eu\/de\/wp-json\/wp\/v2\/product_tag?post=115326"}],"curies":[{"name":"wp","href":"https:\/\/api.w.org\/{rel}","templated":true}]}}