{"id":115336,"date":"2013-07-16T16:51:53","date_gmt":"2013-07-16T14:51:53","guid":{"rendered":"https:\/\/www.fabioferro.eu\/comete-pvd-schluesselanhaenger.html"},"modified":"2024-04-12T09:19:30","modified_gmt":"2024-04-12T07:19:30","slug":"comete-pvd-schluesselanhaenger","status":"publish","type":"product","link":"https:\/\/www.fabioferro.eu\/de\/comete-pvd-schluesselanhaenger.html","title":{"rendered":"Comete PVD Schl\u00fcsselanh\u00e4nger"},"content":{"rendered":"<p><strong>DAS LETZTE VERF\u00dcGBARE ST\u00dcCK<\/strong>.<\/p>\n<p>Comete-Schl\u00fcsselanh\u00e4nger f\u00fcr Herren aus poliertem Edelstahl<br \/>\nSoft-Anh\u00e4nger aus poliertem Stahl mit rosa PVD-Applikationen<\/p>\n<p>Neuer Artikel mit original Comete Karton und Garantie<br \/>\nAusstellen einer Quittung und\/oder Rechnung<\/p>\n","protected":false},"excerpt":{"rendered":"<p>Schl\u00fcsselanh\u00e4nger aus poliertem Stahl und ros\u00e9farbenem PVD. Letztes verf\u00fcgbares St\u00fcck<\/p>\n","protected":false},"featured_media":115351,"comment_status":"open","ping_status":"closed","template":"","meta":[],"product_brand":[157],"product_cat":[6392],"product_tag":[7551,7442],"class_list":{"0":"post-115336","1":"product","2":"type-product","3":"status-publish","4":"has-post-thumbnail","6":"product_brand-comete","7":"product_cat-comete-accessoires-manner","8":"product_tag-ausschlusse","9":"product_tag-verfugbar","11":"first","12":"instock","13":"taxable","14":"shipping-taxable","15":"purchasable","16":"product-type-simple"},"exclude_global_add_ons":[],"addons":[],"df_price":58,"df_sale_price":"","df_regular_price":58,"df_image_link":"https:\/\/cdn02.fabioferro.eu\/wp-content\/uploads\/virtuemart\/product\/uch143.jpg","_links":{"self":[{"href":"https:\/\/www.fabioferro.eu\/de\/wp-json\/wp\/v2\/product\/115336","targetHints":{"allow":["GET"]}}],"collection":[{"href":"https:\/\/www.fabioferro.eu\/de\/wp-json\/wp\/v2\/product"}],"about":[{"href":"https:\/\/www.fabioferro.eu\/de\/wp-json\/wp\/v2\/types\/product"}],"replies":[{"embeddable":true,"href":"https:\/\/www.fabioferro.eu\/de\/wp-json\/wp\/v2\/comments?post=115336"}],"version-history":[{"count":0,"href":"https:\/\/www.fabioferro.eu\/de\/wp-json\/wp\/v2\/product\/115336\/revisions"}],"wp:featuredmedia":[{"embeddable":true,"href":"https:\/\/www.fabioferro.eu\/de\/wp-json\/wp\/v2\/media\/115351"}],"wp:attachment":[{"href":"https:\/\/www.fabioferro.eu\/de\/wp-json\/wp\/v2\/media?parent=115336"}],"wp:term":[{"taxonomy":"product_brand","embeddable":true,"href":"https:\/\/www.fabioferro.eu\/de\/wp-json\/wp\/v2\/product_brand?post=115336"},{"taxonomy":"product_cat","embeddable":true,"href":"https:\/\/www.fabioferro.eu\/de\/wp-json\/wp\/v2\/product_cat?post=115336"},{"taxonomy":"product_tag","embeddable":true,"href":"https:\/\/www.fabioferro.eu\/de\/wp-json\/wp\/v2\/product_tag?post=115336"}],"curies":[{"name":"wp","href":"https:\/\/api.w.org\/{rel}","templated":true}]}}