{"id":115374,"date":"2013-04-16T14:56:11","date_gmt":"2013-04-16T12:56:11","guid":{"rendered":"https:\/\/www.fabioferro.eu\/ti-sento-milano-feste-weisse-perlenohrringe.html"},"modified":"2013-04-16T14:56:11","modified_gmt":"2013-04-16T12:56:11","slug":"ti-sento-milano-feste-weisse-perlenohrringe","status":"publish","type":"product","link":"https:\/\/www.fabioferro.eu\/de\/ti-sento-milano-feste-weisse-perlenohrringe.html","title":{"rendered":"Ti Sento Milano Feste wei\u00dfe Perlenohrringe"},"content":{"rendered":"<p><span style=\"text-decoration: underline;\"><strong>LETZTES ST\u00dcCK VERF\u00dcGBAR<\/strong><\/span><\/p>\n<p>Ti Sento Milano Ohrringe aus 925\/1000 rhodiniertem und nicht allergenem Silber<\/p>\n<p>Befestigung am Lappen mit Schmetterling<\/p>\n<p>Wei\u00dfe Perle Gr\u00f6\u00dfe 6 mm<\/p>\n<p>Neuer Artikel mit eleganter Satinverpackung und entsprechender Garantie<\/p>\n<p>Ausstellen einer Quittung und\/oder Rechnung<\/p>\n<p>&nbsp;<\/p>\n<p>&nbsp;<\/p>\n","protected":false},"excerpt":{"rendered":"<p>Damen Silber Ohrringe mit fester wei\u00dfer Perle LAST PIECE AVAILABLE<\/p>\n","protected":false},"featured_media":115387,"comment_status":"open","ping_status":"closed","template":"","meta":[],"product_brand":[158],"product_cat":[6060],"product_tag":[7551,7442],"class_list":{"0":"post-115374","1":"product","2":"type-product","3":"status-publish","4":"has-post-thumbnail","6":"product_brand-ti-sento-milano","7":"product_cat-ti-sento-milano-ohrringe","8":"product_tag-ausschlusse","9":"product_tag-verfugbar","11":"first","12":"instock","13":"taxable","14":"shipping-taxable","15":"purchasable","16":"product-type-simple"},"exclude_global_add_ons":[],"addons":[],"df_price":43,"df_sale_price":"","df_regular_price":43,"df_image_link":"https:\/\/cdn02.fabioferro.eu\/wp-content\/uploads\/virtuemart\/product\/Orecchini_Ti_Sen_516d668b718fd.jpg","_links":{"self":[{"href":"https:\/\/www.fabioferro.eu\/de\/wp-json\/wp\/v2\/product\/115374","targetHints":{"allow":["GET"]}}],"collection":[{"href":"https:\/\/www.fabioferro.eu\/de\/wp-json\/wp\/v2\/product"}],"about":[{"href":"https:\/\/www.fabioferro.eu\/de\/wp-json\/wp\/v2\/types\/product"}],"replies":[{"embeddable":true,"href":"https:\/\/www.fabioferro.eu\/de\/wp-json\/wp\/v2\/comments?post=115374"}],"version-history":[{"count":0,"href":"https:\/\/www.fabioferro.eu\/de\/wp-json\/wp\/v2\/product\/115374\/revisions"}],"wp:featuredmedia":[{"embeddable":true,"href":"https:\/\/www.fabioferro.eu\/de\/wp-json\/wp\/v2\/media\/115387"}],"wp:attachment":[{"href":"https:\/\/www.fabioferro.eu\/de\/wp-json\/wp\/v2\/media?parent=115374"}],"wp:term":[{"taxonomy":"product_brand","embeddable":true,"href":"https:\/\/www.fabioferro.eu\/de\/wp-json\/wp\/v2\/product_brand?post=115374"},{"taxonomy":"product_cat","embeddable":true,"href":"https:\/\/www.fabioferro.eu\/de\/wp-json\/wp\/v2\/product_cat?post=115374"},{"taxonomy":"product_tag","embeddable":true,"href":"https:\/\/www.fabioferro.eu\/de\/wp-json\/wp\/v2\/product_tag?post=115374"}],"curies":[{"name":"wp","href":"https:\/\/api.w.org\/{rel}","templated":true}]}}