{"id":115386,"date":"2013-06-22T09:04:24","date_gmt":"2013-06-22T07:04:24","guid":{"rendered":"https:\/\/www.fabioferro.eu\/etno-duetto-armband-koralle.html"},"modified":"2013-06-22T09:04:24","modified_gmt":"2013-06-22T07:04:24","slug":"etno-duetto-armband-koralle","status":"publish","type":"product","link":"https:\/\/www.fabioferro.eu\/de\/etno-duetto-armband-koralle.html","title":{"rendered":"Etn\u00f2 Duetto Armband Koralle"},"content":{"rendered":"<p>Elastisches doppelreihiges Damenarmband von Etn\u00f2 aus vergoldetem 925er Silber und Koralle<\/p>\n<p>Bestehend aus kleinen orangefarbenen Korallenkugeln<\/p>\n<p>Herzf\u00f6rmiger Horn-Anh\u00e4nger mit wei\u00dfer Perle<\/p>\n<p>Neuer Artikel mit eleganter Satinverpackung und original Etn\u00f2-Garantie<\/p>\n<p>Ausstellen einer Quittung und\/oder Rechnung<\/p>\n<p>&nbsp;<\/p>\n<hr id=\"system-readmore\">\n<p>&nbsp;<\/p>\n","protected":false},"excerpt":{"rendered":"<p>Vergoldetes Silberarmband mit Horn und Perle<\/p>\n","protected":false},"featured_media":115395,"comment_status":"open","ping_status":"closed","template":"","meta":[],"product_brand":[],"product_cat":[7620],"product_tag":[7442],"class_list":{"0":"post-115386","1":"product","2":"type-product","3":"status-publish","4":"has-post-thumbnail","6":"product_cat-outlet-schmuck","7":"product_tag-verfugbar","9":"first","10":"instock","11":"sale","12":"taxable","13":"shipping-taxable","14":"purchasable","15":"product-type-simple"},"exclude_global_add_ons":[],"addons":[],"df_price":91,"df_sale_price":91,"df_regular_price":130,"df_image_link":"https:\/\/cdn02.fabioferro.eu\/wp-content\/uploads\/virtuemart\/product\/bracciale-cuore-osso-e-coralli.jpg","_links":{"self":[{"href":"https:\/\/www.fabioferro.eu\/de\/wp-json\/wp\/v2\/product\/115386","targetHints":{"allow":["GET"]}}],"collection":[{"href":"https:\/\/www.fabioferro.eu\/de\/wp-json\/wp\/v2\/product"}],"about":[{"href":"https:\/\/www.fabioferro.eu\/de\/wp-json\/wp\/v2\/types\/product"}],"replies":[{"embeddable":true,"href":"https:\/\/www.fabioferro.eu\/de\/wp-json\/wp\/v2\/comments?post=115386"}],"version-history":[{"count":0,"href":"https:\/\/www.fabioferro.eu\/de\/wp-json\/wp\/v2\/product\/115386\/revisions"}],"wp:featuredmedia":[{"embeddable":true,"href":"https:\/\/www.fabioferro.eu\/de\/wp-json\/wp\/v2\/media\/115395"}],"wp:attachment":[{"href":"https:\/\/www.fabioferro.eu\/de\/wp-json\/wp\/v2\/media?parent=115386"}],"wp:term":[{"taxonomy":"product_brand","embeddable":true,"href":"https:\/\/www.fabioferro.eu\/de\/wp-json\/wp\/v2\/product_brand?post=115386"},{"taxonomy":"product_cat","embeddable":true,"href":"https:\/\/www.fabioferro.eu\/de\/wp-json\/wp\/v2\/product_cat?post=115386"},{"taxonomy":"product_tag","embeddable":true,"href":"https:\/\/www.fabioferro.eu\/de\/wp-json\/wp\/v2\/product_tag?post=115386"}],"curies":[{"name":"wp","href":"https:\/\/api.w.org\/{rel}","templated":true}]}}