{"id":115402,"date":"2013-05-04T15:32:28","date_gmt":"2013-05-04T13:32:28","guid":{"rendered":"https:\/\/www.fabioferro.eu\/facco-silber-halskette-mit-kamelie.html"},"modified":"2013-05-04T15:32:28","modified_gmt":"2013-05-04T13:32:28","slug":"facco-silber-halskette-mit-kamelie","status":"publish","type":"product","link":"https:\/\/www.fabioferro.eu\/de\/facco-silber-halskette-mit-kamelie.html","title":{"rendered":"Facco Silber Halskette mit Kamelie"},"content":{"rendered":"<p><span style=\"font-size: 10pt;\"><strong><span style=\"color: #00ae5f;\">Facco Gioielli &#8216;Camelia&#8217; Halskette<br \/>\nListenpreis \u20ac. 228,00<\/span><\/strong><\/span><\/p>\n<p><span style=\"font-size: large;\"><span style=\"font-size: 10pt;\">Facco Schmuck Halskette f\u00fcr Frauen aus 925\/1000 Silber  <\/span><br \/>\n<span style=\"font-size: 10pt;\">Doppelkette cm. 46 aus weichem Netz  <\/span><br \/>\n<span style=\"font-size: 10pt;\">Karabinerhakenverschluss <\/span><br \/>\n<span style=\"font-size: 10pt;\">Kamelienf\u00f6rmiger Anh\u00e4nger aus nat\u00fcrlichem wei\u00dfem Achat Durchmesser mm.30<\/span><br \/>\n<span style=\"font-size: 10pt;\">Original Facco-Schachtel  <\/span><br \/>\n<span style=\"font-size: 10pt;\">Shop-Garantie<\/span> <\/span><\/p>\n","protected":false},"excerpt":{"rendered":"<p>Facco Jewellery Silberkette mit wei\u00dfem Achat<\/p>\n","protected":false},"featured_media":115412,"comment_status":"open","ping_status":"closed","template":"","meta":[],"product_brand":[],"product_cat":[7620],"product_tag":[7442],"class_list":{"0":"post-115402","1":"product","2":"type-product","3":"status-publish","4":"has-post-thumbnail","6":"product_cat-outlet-schmuck","7":"product_tag-verfugbar","9":"first","10":"instock","11":"sale","12":"taxable","13":"shipping-taxable","14":"purchasable","15":"product-type-simple"},"exclude_global_add_ons":[],"addons":[],"df_price":130,"df_sale_price":130,"df_regular_price":229.88,"df_image_link":"https:\/\/cdn02.fabioferro.eu\/wp-content\/uploads\/virtuemart\/product\/collana-camelia.jpg","_links":{"self":[{"href":"https:\/\/www.fabioferro.eu\/de\/wp-json\/wp\/v2\/product\/115402","targetHints":{"allow":["GET"]}}],"collection":[{"href":"https:\/\/www.fabioferro.eu\/de\/wp-json\/wp\/v2\/product"}],"about":[{"href":"https:\/\/www.fabioferro.eu\/de\/wp-json\/wp\/v2\/types\/product"}],"replies":[{"embeddable":true,"href":"https:\/\/www.fabioferro.eu\/de\/wp-json\/wp\/v2\/comments?post=115402"}],"version-history":[{"count":0,"href":"https:\/\/www.fabioferro.eu\/de\/wp-json\/wp\/v2\/product\/115402\/revisions"}],"wp:featuredmedia":[{"embeddable":true,"href":"https:\/\/www.fabioferro.eu\/de\/wp-json\/wp\/v2\/media\/115412"}],"wp:attachment":[{"href":"https:\/\/www.fabioferro.eu\/de\/wp-json\/wp\/v2\/media?parent=115402"}],"wp:term":[{"taxonomy":"product_brand","embeddable":true,"href":"https:\/\/www.fabioferro.eu\/de\/wp-json\/wp\/v2\/product_brand?post=115402"},{"taxonomy":"product_cat","embeddable":true,"href":"https:\/\/www.fabioferro.eu\/de\/wp-json\/wp\/v2\/product_cat?post=115402"},{"taxonomy":"product_tag","embeddable":true,"href":"https:\/\/www.fabioferro.eu\/de\/wp-json\/wp\/v2\/product_tag?post=115402"}],"curies":[{"name":"wp","href":"https:\/\/api.w.org\/{rel}","templated":true}]}}