{"id":115445,"date":"2013-02-20T15:41:34","date_gmt":"2013-02-20T14:41:34","guid":{"rendered":"https:\/\/www.fabioferro.eu\/raspini-mini-gaensebluemchen-silberarmband.html"},"modified":"2024-09-18T12:43:13","modified_gmt":"2024-09-18T10:43:13","slug":"raspini-mini-gaensebluemchen-silberarmband","status":"publish","type":"product","link":"https:\/\/www.fabioferro.eu\/de\/raspini-mini-gaensebluemchen-silberarmband.html","title":{"rendered":"Raspini Mini G\u00e4nsebl\u00fcmchen Silberarmband"},"content":{"rendered":"<p>Giovanni Raspini 925\/1000 Sterling Silber Armband mit Mini-G\u00e4nsebl\u00fcmchen Das Armband besteht aus 14 zusammenh\u00e4ngenden G\u00e4nsebl\u00fcmchen mit 2 Durchmessern, 11,50 mm bzw. 9,50 mm. Die Gesamtl\u00e4nge des Armbands betr\u00e4gt 19,00 cm. Karabinerhakenverschluss, gegen\u00fcberliegendes Ende ist ein Chilischotenanh\u00e4nger. Giovanni Raspini Box und Garantie Ausstellung der Quittung und\/oder Rechnung<\/p>\n","protected":false},"excerpt":{"rendered":"<p>Raspini-Armband mit Mini-G\u00e4nsebl\u00fcmchen<\/p>\n","protected":false},"featured_media":115452,"comment_status":"open","ping_status":"closed","template":"","meta":[],"product_brand":[155],"product_cat":[7569],"product_tag":[7442],"class_list":{"0":"post-115445","1":"product","2":"type-product","3":"status-publish","4":"has-post-thumbnail","6":"product_brand-raspini","7":"product_cat-armbander-giovanni-raspini","8":"product_tag-verfugbar","10":"first","11":"instock","12":"sale","13":"taxable","14":"shipping-taxable","15":"purchasable","16":"product-type-simple"},"exclude_global_add_ons":[],"addons":[],"df_price":265.5,"df_sale_price":265.5,"df_regular_price":295,"df_image_link":"https:\/\/cdn02.fabioferro.eu\/wp-content\/uploads\/virtuemart\/product\/7583-margherite.jpg","_links":{"self":[{"href":"https:\/\/www.fabioferro.eu\/de\/wp-json\/wp\/v2\/product\/115445","targetHints":{"allow":["GET"]}}],"collection":[{"href":"https:\/\/www.fabioferro.eu\/de\/wp-json\/wp\/v2\/product"}],"about":[{"href":"https:\/\/www.fabioferro.eu\/de\/wp-json\/wp\/v2\/types\/product"}],"replies":[{"embeddable":true,"href":"https:\/\/www.fabioferro.eu\/de\/wp-json\/wp\/v2\/comments?post=115445"}],"version-history":[{"count":0,"href":"https:\/\/www.fabioferro.eu\/de\/wp-json\/wp\/v2\/product\/115445\/revisions"}],"wp:featuredmedia":[{"embeddable":true,"href":"https:\/\/www.fabioferro.eu\/de\/wp-json\/wp\/v2\/media\/115452"}],"wp:attachment":[{"href":"https:\/\/www.fabioferro.eu\/de\/wp-json\/wp\/v2\/media?parent=115445"}],"wp:term":[{"taxonomy":"product_brand","embeddable":true,"href":"https:\/\/www.fabioferro.eu\/de\/wp-json\/wp\/v2\/product_brand?post=115445"},{"taxonomy":"product_cat","embeddable":true,"href":"https:\/\/www.fabioferro.eu\/de\/wp-json\/wp\/v2\/product_cat?post=115445"},{"taxonomy":"product_tag","embeddable":true,"href":"https:\/\/www.fabioferro.eu\/de\/wp-json\/wp\/v2\/product_tag?post=115445"}],"curies":[{"name":"wp","href":"https:\/\/api.w.org\/{rel}","templated":true}]}}