{"id":115459,"date":"2013-03-30T18:04:10","date_gmt":"2013-03-30T17:04:10","guid":{"rendered":"https:\/\/www.fabioferro.eu\/flieder-galet.html"},"modified":"2013-03-30T18:04:10","modified_gmt":"2013-03-30T17:04:10","slug":"flieder-galet","status":"publish","type":"product","link":"https:\/\/www.fabioferro.eu\/de\/flieder-galet.html","title":{"rendered":"Flieder Galet"},"content":{"rendered":"<p>Material: lilafarbenes Milchglas<br \/>\nPolierte silberne Zamak-Kugelkappe<br \/>\nFassungsverm\u00f6gen: 260ml<br \/>\nH\u00f6he: 10 cm<br \/>\nPreis: 45,00 Euro<\/p>\n<p>Jede Lampe Berger Packung enth\u00e4lt:<br \/>\nSeil und keramischer Brennerdocht<br \/>\nAbsperrkappe<br \/>\nDiffusor<br \/>\nTrichter<br \/>\nBetriebsanleitung<\/p>\n<p>Jede Berger-Lampe funktioniert ausschlie\u00dflich mit ihrem &#8220;Parfum de maison&#8221;, das aus \u00fcber 40 verschiedenen D\u00fcften ausgew\u00e4hlt werden kann.<\/p>\n<p>Neuer Artikel mit Originalverpackung und Garantie<\/p>\n<p>Ausstellen einer Quittung und\/oder Rechnung<\/p>\n<div id=\"immagini-aggiuntive\" style=\"width: 650px;\"><\/div>\n","protected":false},"excerpt":{"rendered":"<p>Lampe Berger Galet flieder<\/p>\n","protected":false},"featured_media":115480,"comment_status":"open","ping_status":"closed","template":"","meta":[],"product_brand":[167],"product_cat":[6211],"product_tag":[7442],"class_list":{"0":"post-115459","1":"product","2":"type-product","3":"status-publish","4":"has-post-thumbnail","6":"product_brand-lampe-berger","7":"product_cat-lampen-lampe-berger","8":"product_tag-verfugbar","10":"first","11":"outofstock","12":"taxable","13":"shipping-taxable","14":"purchasable","15":"product-type-simple"},"exclude_global_add_ons":[],"addons":[],"df_price":45,"df_sale_price":"","df_regular_price":45,"df_image_link":"https:\/\/cdn02.fabioferro.eu\/wp-content\/uploads\/virtuemart\/product\/galet-viola.jpg","_links":{"self":[{"href":"https:\/\/www.fabioferro.eu\/de\/wp-json\/wp\/v2\/product\/115459","targetHints":{"allow":["GET"]}}],"collection":[{"href":"https:\/\/www.fabioferro.eu\/de\/wp-json\/wp\/v2\/product"}],"about":[{"href":"https:\/\/www.fabioferro.eu\/de\/wp-json\/wp\/v2\/types\/product"}],"replies":[{"embeddable":true,"href":"https:\/\/www.fabioferro.eu\/de\/wp-json\/wp\/v2\/comments?post=115459"}],"version-history":[{"count":0,"href":"https:\/\/www.fabioferro.eu\/de\/wp-json\/wp\/v2\/product\/115459\/revisions"}],"wp:featuredmedia":[{"embeddable":true,"href":"https:\/\/www.fabioferro.eu\/de\/wp-json\/wp\/v2\/media\/115480"}],"wp:attachment":[{"href":"https:\/\/www.fabioferro.eu\/de\/wp-json\/wp\/v2\/media?parent=115459"}],"wp:term":[{"taxonomy":"product_brand","embeddable":true,"href":"https:\/\/www.fabioferro.eu\/de\/wp-json\/wp\/v2\/product_brand?post=115459"},{"taxonomy":"product_cat","embeddable":true,"href":"https:\/\/www.fabioferro.eu\/de\/wp-json\/wp\/v2\/product_cat?post=115459"},{"taxonomy":"product_tag","embeddable":true,"href":"https:\/\/www.fabioferro.eu\/de\/wp-json\/wp\/v2\/product_tag?post=115459"}],"curies":[{"name":"wp","href":"https:\/\/api.w.org\/{rel}","templated":true}]}}