{"id":115478,"date":"2013-02-20T15:02:46","date_gmt":"2013-02-20T14:02:46","guid":{"rendered":"https:\/\/www.fabioferro.eu\/giovanni-raspini-bronze-weisser-bilderrahmen-mit-kleeblaettern-16x20.html"},"modified":"2026-02-28T10:29:04","modified_gmt":"2026-02-28T09:29:04","slug":"giovanni-raspini-bronze-weisser-bilderrahmen-mit-kleeblaettern-16x20","status":"publish","type":"product","link":"https:\/\/www.fabioferro.eu\/de\/giovanni-raspini-bronze-weisser-bilderrahmen-mit-kleeblaettern-16x20.html","title":{"rendered":"Giovanni Raspini Bronze Wei\u00dfer Bilderrahmen mit Kleebl\u00e4ttern 16&#215;20"},"content":{"rendered":"<p>Giovanni Bianco Raspini Bronze Bilderrahmen Glasformat cm. 16\u00d720 Abnehmbarer Clipsockel mit 9 Kleebl\u00e4ttern und Marienk\u00e4fer Neuware mit Originalverpackung und Garantie<\/p>\n","protected":false},"excerpt":{"rendered":"<p>Giovanni Raspini Wei\u00df Bronze Rahmen mit Clip Basis in Form von Quadrifogli cm. 16&#215;20.<\/p>\n","protected":false},"featured_media":115484,"comment_status":"open","ping_status":"closed","template":"","meta":[],"product_brand":[155],"product_cat":[7704],"product_tag":[],"class_list":{"0":"post-115478","1":"product","2":"type-product","3":"status-publish","4":"has-post-thumbnail","6":"product_brand-raspini","7":"product_cat-bronzerahmen-von-giovanni-raspini","9":"first","10":"instock","11":"sale","12":"taxable","13":"shipping-taxable","14":"purchasable","15":"product-type-simple"},"exclude_global_add_ons":[],"addons":[],"df_price":175.5,"df_sale_price":175.5,"df_regular_price":195,"df_image_link":"https:\/\/cdn02.fabioferro.eu\/wp-content\/uploads\/virtuemart\/product\/cornice_bronzo_quadrifogli.jpg","_links":{"self":[{"href":"https:\/\/www.fabioferro.eu\/de\/wp-json\/wp\/v2\/product\/115478","targetHints":{"allow":["GET"]}}],"collection":[{"href":"https:\/\/www.fabioferro.eu\/de\/wp-json\/wp\/v2\/product"}],"about":[{"href":"https:\/\/www.fabioferro.eu\/de\/wp-json\/wp\/v2\/types\/product"}],"replies":[{"embeddable":true,"href":"https:\/\/www.fabioferro.eu\/de\/wp-json\/wp\/v2\/comments?post=115478"}],"version-history":[{"count":1,"href":"https:\/\/www.fabioferro.eu\/de\/wp-json\/wp\/v2\/product\/115478\/revisions"}],"predecessor-version":[{"id":212105,"href":"https:\/\/www.fabioferro.eu\/de\/wp-json\/wp\/v2\/product\/115478\/revisions\/212105"}],"wp:featuredmedia":[{"embeddable":true,"href":"https:\/\/www.fabioferro.eu\/de\/wp-json\/wp\/v2\/media\/115484"}],"wp:attachment":[{"href":"https:\/\/www.fabioferro.eu\/de\/wp-json\/wp\/v2\/media?parent=115478"}],"wp:term":[{"taxonomy":"product_brand","embeddable":true,"href":"https:\/\/www.fabioferro.eu\/de\/wp-json\/wp\/v2\/product_brand?post=115478"},{"taxonomy":"product_cat","embeddable":true,"href":"https:\/\/www.fabioferro.eu\/de\/wp-json\/wp\/v2\/product_cat?post=115478"},{"taxonomy":"product_tag","embeddable":true,"href":"https:\/\/www.fabioferro.eu\/de\/wp-json\/wp\/v2\/product_tag?post=115478"}],"curies":[{"name":"wp","href":"https:\/\/api.w.org\/{rel}","templated":true}]}}