{"id":115479,"date":"2012-01-19T18:26:12","date_gmt":"2012-01-19T17:26:12","guid":{"rendered":"https:\/\/www.fabioferro.eu\/raspini-charm-schluessel.html"},"modified":"2012-01-19T18:26:12","modified_gmt":"2012-01-19T17:26:12","slug":"raspini-charm-schluessel","status":"publish","type":"product","link":"https:\/\/www.fabioferro.eu\/de\/raspini-charm-schluessel.html","title":{"rendered":"Raspini Charm Schl\u00fcssel"},"content":{"rendered":"<p>Raspini 9 kt Goldanh\u00e4nger in Form eines Schlossschl\u00fcssels<br \/>\nMini-Gr\u00f6\u00dfe<br \/>\nDer Anh\u00e4nger ist mit einem Spiralhaken zur Befestigung an einer Halskette oder einem Armband versehen<br \/>\nNeuware mit Originalverpackung und Garantie<br \/>\nAusstellen einer Quittung und\/oder Rechnung<\/p>\n<p>&nbsp;<\/p>\n<p>&nbsp;<\/p>\n<p>&nbsp;<\/p>\n<p>&nbsp;<\/p>\n","protected":false},"excerpt":{"rendered":"<p>Raspini Charm in Form eines Schlossschl\u00fcssels.<\/p>\n","protected":false},"featured_media":115487,"comment_status":"open","ping_status":"closed","template":"","meta":[],"product_brand":[155],"product_cat":[6208],"product_tag":[],"class_list":{"0":"post-115479","1":"product","2":"type-product","3":"status-publish","4":"has-post-thumbnail","6":"product_brand-raspini","7":"product_cat-outlet-schmuck","9":"first","10":"outofstock","11":"sale","12":"taxable","13":"shipping-taxable","14":"purchasable","15":"product-type-simple"},"exclude_global_add_ons":[],"addons":[],"df_price":57.6,"df_sale_price":57.6,"df_regular_price":64,"df_image_link":"https:\/\/cdn02.fabioferro.eu\/wp-content\/uploads\/virtuemart\/product\/chiave-mini-5432.jpg","_links":{"self":[{"href":"https:\/\/www.fabioferro.eu\/de\/wp-json\/wp\/v2\/product\/115479","targetHints":{"allow":["GET"]}}],"collection":[{"href":"https:\/\/www.fabioferro.eu\/de\/wp-json\/wp\/v2\/product"}],"about":[{"href":"https:\/\/www.fabioferro.eu\/de\/wp-json\/wp\/v2\/types\/product"}],"replies":[{"embeddable":true,"href":"https:\/\/www.fabioferro.eu\/de\/wp-json\/wp\/v2\/comments?post=115479"}],"version-history":[{"count":0,"href":"https:\/\/www.fabioferro.eu\/de\/wp-json\/wp\/v2\/product\/115479\/revisions"}],"wp:featuredmedia":[{"embeddable":true,"href":"https:\/\/www.fabioferro.eu\/de\/wp-json\/wp\/v2\/media\/115487"}],"wp:attachment":[{"href":"https:\/\/www.fabioferro.eu\/de\/wp-json\/wp\/v2\/media?parent=115479"}],"wp:term":[{"taxonomy":"product_brand","embeddable":true,"href":"https:\/\/www.fabioferro.eu\/de\/wp-json\/wp\/v2\/product_brand?post=115479"},{"taxonomy":"product_cat","embeddable":true,"href":"https:\/\/www.fabioferro.eu\/de\/wp-json\/wp\/v2\/product_cat?post=115479"},{"taxonomy":"product_tag","embeddable":true,"href":"https:\/\/www.fabioferro.eu\/de\/wp-json\/wp\/v2\/product_tag?post=115479"}],"curies":[{"name":"wp","href":"https:\/\/api.w.org\/{rel}","templated":true}]}}