{"id":115489,"date":"2012-12-12T17:54:37","date_gmt":"2012-12-12T16:54:37","guid":{"rendered":"https:\/\/www.fabioferro.eu\/fope-vendome-collection-ohrringe-aus-weissgold-mit-diamanten-2.html"},"modified":"2026-01-09T16:30:48","modified_gmt":"2026-01-09T15:30:48","slug":"fope-vendome-collection-ohrringe-aus-weissgold-mit-diamanten-2","status":"publish","type":"product","link":"https:\/\/www.fabioferro.eu\/de\/fope-vendome-collection-ohrringe-aus-weissgold-mit-diamanten-2.html","title":{"rendered":"Fope Vendome Kollektion Ohrringe aus Wei\u00dfgold mit Diamanten"},"content":{"rendered":"<p>Ohrringe der Kollektion Fope Vendome aus 18 Karat Wei\u00dfgold mit Diamanten im Brillantschliff.<\/p>\n<p>Edles Pav\u00e9-Lager in der Mitte mit 0,77 Karat Diamanten.<\/p>\n<p>Die Steine sind alle von Hand gefasst und zwischen 8 Riffs befestigt.<\/p>\n<p>Bequemer und praktischer Clipverschluss aus Wei\u00dfgold.<\/p>\n<p>Handgefertigtes Schmuckst\u00fcck aus Italien, das mit einem internationalen Patent versehen ist.<\/p>\n<p>Ohrringe mit offizieller Fope-Box und Garantie.<\/p>\n","protected":false},"excerpt":{"rendered":"<p>S\u00fc\u00df, elegant und extrem vielseitig. Ohrringe, die aus jedem Blickwinkel Emotionen ausdr\u00fccken k\u00f6nnen. <\/p>\n","protected":false},"featured_media":115520,"comment_status":"open","ping_status":"closed","template":"","meta":[],"product_brand":[154],"product_cat":[5937],"product_tag":[],"class_list":{"0":"post-115489","1":"product","2":"type-product","3":"status-publish","4":"has-post-thumbnail","6":"product_brand-fope","7":"product_cat-fope-ohrringe","9":"first","10":"instock","11":"taxable","12":"shipping-taxable","13":"purchasable","14":"product-type-simple"},"exclude_global_add_ons":[],"addons":[],"df_price":6820,"df_sale_price":"","df_regular_price":6820,"df_image_link":"https:\/\/cdn02.fabioferro.eu\/wp-content\/uploads\/virtuemart\/product\/orecchini_fope_collezione_vendome_in_oro_bianco_e_diamanti_OR561_PAVE_B__1593849690_698.jpg","_links":{"self":[{"href":"https:\/\/www.fabioferro.eu\/de\/wp-json\/wp\/v2\/product\/115489","targetHints":{"allow":["GET"]}}],"collection":[{"href":"https:\/\/www.fabioferro.eu\/de\/wp-json\/wp\/v2\/product"}],"about":[{"href":"https:\/\/www.fabioferro.eu\/de\/wp-json\/wp\/v2\/types\/product"}],"replies":[{"embeddable":true,"href":"https:\/\/www.fabioferro.eu\/de\/wp-json\/wp\/v2\/comments?post=115489"}],"version-history":[{"count":1,"href":"https:\/\/www.fabioferro.eu\/de\/wp-json\/wp\/v2\/product\/115489\/revisions"}],"predecessor-version":[{"id":206823,"href":"https:\/\/www.fabioferro.eu\/de\/wp-json\/wp\/v2\/product\/115489\/revisions\/206823"}],"wp:featuredmedia":[{"embeddable":true,"href":"https:\/\/www.fabioferro.eu\/de\/wp-json\/wp\/v2\/media\/115520"}],"wp:attachment":[{"href":"https:\/\/www.fabioferro.eu\/de\/wp-json\/wp\/v2\/media?parent=115489"}],"wp:term":[{"taxonomy":"product_brand","embeddable":true,"href":"https:\/\/www.fabioferro.eu\/de\/wp-json\/wp\/v2\/product_brand?post=115489"},{"taxonomy":"product_cat","embeddable":true,"href":"https:\/\/www.fabioferro.eu\/de\/wp-json\/wp\/v2\/product_cat?post=115489"},{"taxonomy":"product_tag","embeddable":true,"href":"https:\/\/www.fabioferro.eu\/de\/wp-json\/wp\/v2\/product_tag?post=115489"}],"curies":[{"name":"wp","href":"https:\/\/api.w.org\/{rel}","templated":true}]}}