{"id":115631,"date":"2011-08-01T07:08:24","date_gmt":"2011-08-01T05:08:24","guid":{"rendered":"https:\/\/www.fabioferro.eu\/giovanni-raspini-schaukelpferd-charme.html"},"modified":"2024-09-18T12:42:41","modified_gmt":"2024-09-18T10:42:41","slug":"giovanni-raspini-schaukelpferd-charme","status":"publish","type":"product","link":"https:\/\/www.fabioferro.eu\/de\/giovanni-raspini-schaukelpferd-charme.html","title":{"rendered":"Giovanni Raspini Schaukelpferd Charme"},"content":{"rendered":"<p>Raspini Beb\u00e8 Charm aus 925er Silber. Kleine Gr\u00f6\u00dfe. Der Anh\u00e4nger ist mit einem Haken ausgestattet, der an einem Schl\u00fcsselring, einem Halsband oder einem Armband befestigt werden kann. Neuer Artikel mit original Giovanni Raspini Box und Garantie.<\/p>\n","protected":false},"excerpt":{"rendered":"<p>Charme Raspini Baby. Erh\u00e4ltlich in Form eines Schaukelpferds, eines Kinderwagens, eines Schnullers, einer Wiege, eines Babyschuhs und einer Rassel.<\/p>\n","protected":false},"featured_media":115633,"comment_status":"open","ping_status":"closed","template":"","meta":[],"product_brand":[155],"product_cat":[7576,7578],"product_tag":[],"class_list":{"0":"post-115631","1":"product","2":"type-product","3":"status-publish","4":"has-post-thumbnail","6":"product_brand-raspini","7":"product_cat-giovanni-raspini-reize","8":"product_cat-raspini-charms-fur-veranstaltung","10":"first","11":"instock","12":"sale","13":"taxable","14":"shipping-taxable","15":"purchasable","16":"product-type-simple"},"exclude_global_add_ons":[],"addons":[],"df_price":54,"df_sale_price":54,"df_regular_price":60,"df_image_link":"https:\/\/cdn02.fabioferro.eu\/wp-content\/uploads\/virtuemart\/product\/charm-giovanni-raspini-cavallo-a-dondolo-6045.jpg","_links":{"self":[{"href":"https:\/\/www.fabioferro.eu\/de\/wp-json\/wp\/v2\/product\/115631","targetHints":{"allow":["GET"]}}],"collection":[{"href":"https:\/\/www.fabioferro.eu\/de\/wp-json\/wp\/v2\/product"}],"about":[{"href":"https:\/\/www.fabioferro.eu\/de\/wp-json\/wp\/v2\/types\/product"}],"replies":[{"embeddable":true,"href":"https:\/\/www.fabioferro.eu\/de\/wp-json\/wp\/v2\/comments?post=115631"}],"version-history":[{"count":0,"href":"https:\/\/www.fabioferro.eu\/de\/wp-json\/wp\/v2\/product\/115631\/revisions"}],"wp:featuredmedia":[{"embeddable":true,"href":"https:\/\/www.fabioferro.eu\/de\/wp-json\/wp\/v2\/media\/115633"}],"wp:attachment":[{"href":"https:\/\/www.fabioferro.eu\/de\/wp-json\/wp\/v2\/media?parent=115631"}],"wp:term":[{"taxonomy":"product_brand","embeddable":true,"href":"https:\/\/www.fabioferro.eu\/de\/wp-json\/wp\/v2\/product_brand?post=115631"},{"taxonomy":"product_cat","embeddable":true,"href":"https:\/\/www.fabioferro.eu\/de\/wp-json\/wp\/v2\/product_cat?post=115631"},{"taxonomy":"product_tag","embeddable":true,"href":"https:\/\/www.fabioferro.eu\/de\/wp-json\/wp\/v2\/product_tag?post=115631"}],"curies":[{"name":"wp","href":"https:\/\/api.w.org\/{rel}","templated":true}]}}