{"id":115646,"date":"2015-11-12T17:47:55","date_gmt":"2015-11-12T16:47:55","guid":{"rendered":"https:\/\/www.fabioferro.eu\/fabio-ferro-ohrringe-mit-weissen-japanischen-zuchtperlen-6-65-mm.html"},"modified":"2024-09-18T15:52:50","modified_gmt":"2024-09-18T13:52:50","slug":"fabio-ferro-ohrringe-mit-weissen-japanischen-zuchtperlen-6-65-mm","status":"publish","type":"product","link":"https:\/\/www.fabioferro.eu\/de\/fabio-ferro-ohrringe-mit-weissen-japanischen-zuchtperlen-6-65-mm.html","title":{"rendered":"Fabio Ferro Ohrringe mit wei\u00dfen japanischen Zuchtperlen 6-6,5 mm"},"content":{"rendered":"<div class=\"description\">\n<div class=\"description\">\n<div class=\"description\">\n<div class=\"description\">\n<div class=\"description\">\n<div class=\"description\">\n<div class=\"description\">  Fabio Ferro Ohrringe Handgefertigt in unserer Goldschmiedewerkstatt aus 750\/1000 Wei\u00dfgold mit japanischen Zuchtperlen. Festes Spangenmodell mit Schmetterlingsverschluss mit sorgf\u00e4ltig ausgew\u00e4hlten wei\u00dfen japanischen Zuchtperlen von 6-6,5 mm Durchmesser. Die Fassungen werden vollst\u00e4ndig in Italien handgefertigt. Die Farbe der Perlen kann leicht von der Abbildung abweichen, da es sich um nat\u00fcrliche Perlen handelt und eine Perle von der anderen verschieden ist. Begleitet von einer eleganten Schachtel und einer von Fabio Ferro unterzeichneten Qualit\u00e4ts- und Echtheitsgarantie.  <\/div>\n<\/div>\n<\/div>\n<\/div>\n<\/div>\n<\/div>\n<\/div>\n","protected":false},"excerpt":{"rendered":"<p>Ein Paar elegante Perlen, die das Geheimnis des Meeres bergen.<\/p>\n","protected":false},"featured_media":108084,"comment_status":"open","ping_status":"closed","template":"","meta":[],"product_brand":[152],"product_cat":[6022],"product_tag":[],"class_list":{"0":"post-115646","1":"product","2":"type-product","3":"status-publish","4":"has-post-thumbnail","6":"product_brand-fabio-ferro-i-gioielli","7":"product_cat-perlen-ohrringe","9":"first","10":"instock","11":"sale","12":"taxable","13":"shipping-taxable","14":"purchasable","15":"product-type-simple"},"exclude_global_add_ons":[],"addons":[],"df_price":284,"df_sale_price":284,"df_regular_price":355,"df_image_link":"https:\/\/cdn02.fabioferro.eu\/wp-content\/uploads\/orecchini-di-perle-in-oro-bianco-con-perla-ff4925-2.jpg","_links":{"self":[{"href":"https:\/\/www.fabioferro.eu\/de\/wp-json\/wp\/v2\/product\/115646","targetHints":{"allow":["GET"]}}],"collection":[{"href":"https:\/\/www.fabioferro.eu\/de\/wp-json\/wp\/v2\/product"}],"about":[{"href":"https:\/\/www.fabioferro.eu\/de\/wp-json\/wp\/v2\/types\/product"}],"replies":[{"embeddable":true,"href":"https:\/\/www.fabioferro.eu\/de\/wp-json\/wp\/v2\/comments?post=115646"}],"version-history":[{"count":0,"href":"https:\/\/www.fabioferro.eu\/de\/wp-json\/wp\/v2\/product\/115646\/revisions"}],"wp:featuredmedia":[{"embeddable":true,"href":"https:\/\/www.fabioferro.eu\/de\/wp-json\/wp\/v2\/media\/108084"}],"wp:attachment":[{"href":"https:\/\/www.fabioferro.eu\/de\/wp-json\/wp\/v2\/media?parent=115646"}],"wp:term":[{"taxonomy":"product_brand","embeddable":true,"href":"https:\/\/www.fabioferro.eu\/de\/wp-json\/wp\/v2\/product_brand?post=115646"},{"taxonomy":"product_cat","embeddable":true,"href":"https:\/\/www.fabioferro.eu\/de\/wp-json\/wp\/v2\/product_cat?post=115646"},{"taxonomy":"product_tag","embeddable":true,"href":"https:\/\/www.fabioferro.eu\/de\/wp-json\/wp\/v2\/product_tag?post=115646"}],"curies":[{"name":"wp","href":"https:\/\/api.w.org\/{rel}","templated":true}]}}