{"id":115649,"date":"2015-11-14T10:53:45","date_gmt":"2015-11-14T09:53:45","guid":{"rendered":"https:\/\/www.fabioferro.eu\/bliss-jewellery-damen-halskette-venedig-kollektion-in-925-silber-und-zirkone.html"},"modified":"2015-11-14T10:53:45","modified_gmt":"2015-11-14T09:53:45","slug":"bliss-jewellery-damen-halskette-venedig-kollektion-in-925-silber-und-zirkone","status":"publish","type":"product","link":"https:\/\/www.fabioferro.eu\/de\/bliss-jewellery-damen-halskette-venedig-kollektion-in-925-silber-und-zirkone.html","title":{"rendered":"Bliss Jewellery Damen Halskette Venedig Kollektion In 925 Silber und Zirkone"},"content":{"rendered":"<div class=\"description\">\n<p>Bliss Jewellery Damenhalskette Venice Kollektion aus 925\/1000 Silber mit zartem wei\u00dfem Zirkonia-Anh\u00e4nger<\/p>\n<p>Diamant-Mini-Gliederkette L\u00e4nge 45,00 cm. Es kann auch bei cm. 42 und cm. 40 dank der Anwesenheit von 2 Zwischenringe in das Ende der Kette eingef\u00fcgt getragen werden. Praktischer Karabinerhakenverschluss.<\/p>\n<p>Raffinierter, weicher &#8220;Spitzen&#8221;-Anh\u00e4nger, verziert mit Zirkonia im Brillantschliff in einer Greifenfassung. Breite des Anh\u00e4ngers mm. 30, L\u00e4nge mm. 24.<\/p>\n<p>Offizielle Bliss-Schmuckschachtel und Garantie<\/p>\n<p>Ausstellen einer Quittung und\/oder Rechnung<\/p>\n<\/div>\n","protected":false},"excerpt":{"rendered":"<p>Bliss Jewellery Venice Kollektion Damenhalskette aus 925\/1000 Silber mit wei\u00dfem Zirkonia-Anh\u00e4nger<\/p>\n","protected":false},"featured_media":115652,"comment_status":"open","ping_status":"closed","template":"","meta":[],"product_brand":[],"product_cat":[7620],"product_tag":[7442],"class_list":{"0":"post-115649","1":"product","2":"type-product","3":"status-publish","4":"has-post-thumbnail","6":"product_cat-outlet-schmuck","7":"product_tag-verfugbar","9":"first","10":"instock","11":"sale","12":"taxable","13":"shipping-taxable","14":"purchasable","15":"product-type-simple"},"exclude_global_add_ons":[],"addons":[],"df_price":71.1,"df_sale_price":71.1,"df_regular_price":79,"df_image_link":"https:\/\/cdn02.fabioferro.eu\/wp-content\/uploads\/virtuemart\/product\/20066703venice.jpg","_links":{"self":[{"href":"https:\/\/www.fabioferro.eu\/de\/wp-json\/wp\/v2\/product\/115649","targetHints":{"allow":["GET"]}}],"collection":[{"href":"https:\/\/www.fabioferro.eu\/de\/wp-json\/wp\/v2\/product"}],"about":[{"href":"https:\/\/www.fabioferro.eu\/de\/wp-json\/wp\/v2\/types\/product"}],"replies":[{"embeddable":true,"href":"https:\/\/www.fabioferro.eu\/de\/wp-json\/wp\/v2\/comments?post=115649"}],"version-history":[{"count":0,"href":"https:\/\/www.fabioferro.eu\/de\/wp-json\/wp\/v2\/product\/115649\/revisions"}],"wp:featuredmedia":[{"embeddable":true,"href":"https:\/\/www.fabioferro.eu\/de\/wp-json\/wp\/v2\/media\/115652"}],"wp:attachment":[{"href":"https:\/\/www.fabioferro.eu\/de\/wp-json\/wp\/v2\/media?parent=115649"}],"wp:term":[{"taxonomy":"product_brand","embeddable":true,"href":"https:\/\/www.fabioferro.eu\/de\/wp-json\/wp\/v2\/product_brand?post=115649"},{"taxonomy":"product_cat","embeddable":true,"href":"https:\/\/www.fabioferro.eu\/de\/wp-json\/wp\/v2\/product_cat?post=115649"},{"taxonomy":"product_tag","embeddable":true,"href":"https:\/\/www.fabioferro.eu\/de\/wp-json\/wp\/v2\/product_tag?post=115649"}],"curies":[{"name":"wp","href":"https:\/\/api.w.org\/{rel}","templated":true}]}}