{"id":115662,"date":"2015-10-09T15:26:29","date_gmt":"2015-10-09T13:26:29","guid":{"rendered":"https:\/\/www.fabioferro.eu\/ti-sento-milano-925-sterling-silber-ohrringe-mit-kubischem-zirkon.html"},"modified":"2024-10-30T10:10:55","modified_gmt":"2024-10-30T09:10:55","slug":"ti-sento-milano-925-sterling-silber-ohrringe-mit-kubischem-zirkon","status":"publish","type":"product","link":"https:\/\/www.fabioferro.eu\/de\/ti-sento-milano-925-sterling-silber-ohrringe-mit-kubischem-zirkon.html","title":{"rendered":"Ti Sento Milano 925 Sterling Silber Ohrringe mit kubischem Zirkon"},"content":{"rendered":"<p>Damenohrringe Ti Sento Milano aus 925\/1000 rhodiniertem Sterlingsilber mit Zirkonia-Pav\u00e8 Kreuzender Ohrring Gr\u00f6\u00dfe 12&#215;5 mm, Dicke 3 mm. Frontales Pav\u00e8 aus wei\u00dfem Zirkonia mit 4 Riffelungen Praktischer Druckknopf Neuware in eleganter Box und mit Ti Sento Milano Garantie<\/p>\n<p>&nbsp;<\/p>\n","protected":false},"excerpt":{"rendered":"<p>Ti Sento Milano Damen Ohrringe aus 925\/1000 Sterling Silber mit Zirkonia Pav\u00e8 Ring<\/p>\n","protected":false},"featured_media":115674,"comment_status":"open","ping_status":"closed","template":"","meta":[],"product_brand":[158],"product_cat":[6060],"product_tag":[7551],"class_list":{"0":"post-115662","1":"product","2":"type-product","3":"status-publish","4":"has-post-thumbnail","6":"product_brand-ti-sento-milano","7":"product_cat-ti-sento-milano-ohrringe","8":"product_tag-ausschlusse","10":"first","11":"outofstock","12":"taxable","13":"shipping-taxable","14":"purchasable","15":"product-type-simple"},"exclude_global_add_ons":[],"addons":[],"df_price":89,"df_sale_price":"","df_regular_price":89,"df_image_link":"https:\/\/cdn02.fabioferro.eu\/wp-content\/uploads\/virtuemart\/product\/7667zi.jpg","_links":{"self":[{"href":"https:\/\/www.fabioferro.eu\/de\/wp-json\/wp\/v2\/product\/115662","targetHints":{"allow":["GET"]}}],"collection":[{"href":"https:\/\/www.fabioferro.eu\/de\/wp-json\/wp\/v2\/product"}],"about":[{"href":"https:\/\/www.fabioferro.eu\/de\/wp-json\/wp\/v2\/types\/product"}],"replies":[{"embeddable":true,"href":"https:\/\/www.fabioferro.eu\/de\/wp-json\/wp\/v2\/comments?post=115662"}],"version-history":[{"count":0,"href":"https:\/\/www.fabioferro.eu\/de\/wp-json\/wp\/v2\/product\/115662\/revisions"}],"wp:featuredmedia":[{"embeddable":true,"href":"https:\/\/www.fabioferro.eu\/de\/wp-json\/wp\/v2\/media\/115674"}],"wp:attachment":[{"href":"https:\/\/www.fabioferro.eu\/de\/wp-json\/wp\/v2\/media?parent=115662"}],"wp:term":[{"taxonomy":"product_brand","embeddable":true,"href":"https:\/\/www.fabioferro.eu\/de\/wp-json\/wp\/v2\/product_brand?post=115662"},{"taxonomy":"product_cat","embeddable":true,"href":"https:\/\/www.fabioferro.eu\/de\/wp-json\/wp\/v2\/product_cat?post=115662"},{"taxonomy":"product_tag","embeddable":true,"href":"https:\/\/www.fabioferro.eu\/de\/wp-json\/wp\/v2\/product_tag?post=115662"}],"curies":[{"name":"wp","href":"https:\/\/api.w.org\/{rel}","templated":true}]}}