{"id":115665,"date":"2015-11-12T17:19:42","date_gmt":"2015-11-12T16:19:42","guid":{"rendered":"https:\/\/www.fabioferro.eu\/fabio-ferro-ohrringe-mit-weissen-suesswasser-zuchtperlen-7-75-mm.html"},"modified":"2024-09-18T15:52:47","modified_gmt":"2024-09-18T13:52:47","slug":"fabio-ferro-ohrringe-mit-weissen-suesswasser-zuchtperlen-7-75-mm","status":"publish","type":"product","link":"https:\/\/www.fabioferro.eu\/de\/fabio-ferro-ohrringe-mit-weissen-suesswasser-zuchtperlen-7-75-mm.html","title":{"rendered":"Fabio Ferro Ohrringe mit wei\u00dfen S\u00fc\u00dfwasser-Zuchtperlen 7-7,5 mm"},"content":{"rendered":"<div class=\"description\">\n<div class=\"description\">\n<div class=\"description\">\n<div class=\"description\">\n<div class=\"description\">\n<div class=\"description\">  Fabio Ferro Ohrringe, handgefertigt in unserer Goldschmiedewerkstatt aus 750\/1000 Wei\u00dfgold mit S\u00fc\u00dfwasser-Zuchtperlen. Modell mit fester Spange, Pfosten und Schmetterlingsverschluss auf der R\u00fcckseite. Sorgf\u00e4ltig ausgew\u00e4hlte wei\u00dfe asiatische Zuchtperlen mit einem Durchmesser von 7-7,5 mm. Die Farbe der Perlen kann leicht vom Foto abweichen, da sie alle nat\u00fcrlich sind und eine von der anderen abweicht. Begleitet von einer eleganten Schachtel und einer von Fabio Ferro I Gioielli unterzeichneten Garantie.  <\/div>\n<\/div>\n<\/div>\n<\/div>\n<\/div>\n<\/div>\n","protected":false},"excerpt":{"rendered":"<p>Ein Paar elegante Perlen, die das Geheimnis des Meeres bergen.<\/p>\n","protected":false},"featured_media":108084,"comment_status":"open","ping_status":"closed","template":"","meta":[],"product_brand":[152],"product_cat":[6022],"product_tag":[],"class_list":{"0":"post-115665","1":"product","2":"type-product","3":"status-publish","4":"has-post-thumbnail","6":"product_brand-fabio-ferro-i-gioielli","7":"product_cat-perlen-ohrringe","9":"first","10":"instock","11":"sale","12":"taxable","13":"shipping-taxable","14":"purchasable","15":"product-type-simple"},"exclude_global_add_ons":[],"addons":[],"df_price":244,"df_sale_price":244,"df_regular_price":305,"df_image_link":"https:\/\/cdn02.fabioferro.eu\/wp-content\/uploads\/orecchini-di-perle-in-oro-bianco-con-perla-ff4925-2.jpg","_links":{"self":[{"href":"https:\/\/www.fabioferro.eu\/de\/wp-json\/wp\/v2\/product\/115665","targetHints":{"allow":["GET"]}}],"collection":[{"href":"https:\/\/www.fabioferro.eu\/de\/wp-json\/wp\/v2\/product"}],"about":[{"href":"https:\/\/www.fabioferro.eu\/de\/wp-json\/wp\/v2\/types\/product"}],"replies":[{"embeddable":true,"href":"https:\/\/www.fabioferro.eu\/de\/wp-json\/wp\/v2\/comments?post=115665"}],"version-history":[{"count":0,"href":"https:\/\/www.fabioferro.eu\/de\/wp-json\/wp\/v2\/product\/115665\/revisions"}],"wp:featuredmedia":[{"embeddable":true,"href":"https:\/\/www.fabioferro.eu\/de\/wp-json\/wp\/v2\/media\/108084"}],"wp:attachment":[{"href":"https:\/\/www.fabioferro.eu\/de\/wp-json\/wp\/v2\/media?parent=115665"}],"wp:term":[{"taxonomy":"product_brand","embeddable":true,"href":"https:\/\/www.fabioferro.eu\/de\/wp-json\/wp\/v2\/product_brand?post=115665"},{"taxonomy":"product_cat","embeddable":true,"href":"https:\/\/www.fabioferro.eu\/de\/wp-json\/wp\/v2\/product_cat?post=115665"},{"taxonomy":"product_tag","embeddable":true,"href":"https:\/\/www.fabioferro.eu\/de\/wp-json\/wp\/v2\/product_tag?post=115665"}],"curies":[{"name":"wp","href":"https:\/\/api.w.org\/{rel}","templated":true}]}}