{"id":115666,"date":"2015-11-14T10:17:40","date_gmt":"2015-11-14T09:17:40","guid":{"rendered":"https:\/\/www.fabioferro.eu\/bliss-damenschmuck-kollektion-venedig-925-sterling-silber-ohrringe-mit-kubischem-zirkon.html"},"modified":"2015-11-14T10:17:40","modified_gmt":"2015-11-14T09:17:40","slug":"bliss-damenschmuck-kollektion-venedig-925-sterling-silber-ohrringe-mit-kubischem-zirkon","status":"publish","type":"product","link":"https:\/\/www.fabioferro.eu\/de\/bliss-damenschmuck-kollektion-venedig-925-sterling-silber-ohrringe-mit-kubischem-zirkon.html","title":{"rendered":"Bliss Damenschmuck Kollektion Venedig 925 Sterling Silber Ohrringe mit kubischem Zirkon"},"content":{"rendered":"<p>Bliss Jewellery Damenanh\u00e4nger Ohrringe Kollektion Venedig aus 925\/1000 Silber mit Zirkoniasteinen<\/p>\n<p>Ein Modell mit langer Schlaufe und einer Mini-Rollover-Kette mit geradem, d\u00fcnnem Schaft, das sich leicht tragen l\u00e4sst.<\/p>\n<p>Gesamtl\u00e4nge des Ohrrings 11,7 cm. Der Anh\u00e4nger ist mit wei\u00dfen Zirkonia im Brillantschliff besetzt.<\/p>\n<p>Neuer Artikel mit Box und offizieller Bliss Jewellery Garantie<\/p>\n<p>Ausstellen einer Quittung und\/oder Rechnung<\/p>\n<p>&nbsp;<\/p>\n<p>&nbsp;<\/p>\n","protected":false},"excerpt":{"rendered":"<p>Bliss Damenanh\u00e4nger Ohrringe Kollektion Venedig aus 925\/1000 Silber mit Zirkoniasteinen<\/p>\n","protected":false},"featured_media":115673,"comment_status":"open","ping_status":"closed","template":"","meta":[],"product_brand":[],"product_cat":[7620],"product_tag":[7442],"class_list":{"0":"post-115666","1":"product","2":"type-product","3":"status-publish","4":"has-post-thumbnail","6":"product_cat-outlet-schmuck","7":"product_tag-verfugbar","9":"first","10":"instock","11":"sale","12":"taxable","13":"shipping-taxable","14":"purchasable","15":"product-type-simple"},"exclude_global_add_ons":[],"addons":[],"df_price":53.1,"df_sale_price":53.1,"df_regular_price":59,"df_image_link":"https:\/\/cdn02.fabioferro.eu\/wp-content\/uploads\/virtuemart\/product\/20066704venice.jpg","_links":{"self":[{"href":"https:\/\/www.fabioferro.eu\/de\/wp-json\/wp\/v2\/product\/115666","targetHints":{"allow":["GET"]}}],"collection":[{"href":"https:\/\/www.fabioferro.eu\/de\/wp-json\/wp\/v2\/product"}],"about":[{"href":"https:\/\/www.fabioferro.eu\/de\/wp-json\/wp\/v2\/types\/product"}],"replies":[{"embeddable":true,"href":"https:\/\/www.fabioferro.eu\/de\/wp-json\/wp\/v2\/comments?post=115666"}],"version-history":[{"count":0,"href":"https:\/\/www.fabioferro.eu\/de\/wp-json\/wp\/v2\/product\/115666\/revisions"}],"wp:featuredmedia":[{"embeddable":true,"href":"https:\/\/www.fabioferro.eu\/de\/wp-json\/wp\/v2\/media\/115673"}],"wp:attachment":[{"href":"https:\/\/www.fabioferro.eu\/de\/wp-json\/wp\/v2\/media?parent=115666"}],"wp:term":[{"taxonomy":"product_brand","embeddable":true,"href":"https:\/\/www.fabioferro.eu\/de\/wp-json\/wp\/v2\/product_brand?post=115666"},{"taxonomy":"product_cat","embeddable":true,"href":"https:\/\/www.fabioferro.eu\/de\/wp-json\/wp\/v2\/product_cat?post=115666"},{"taxonomy":"product_tag","embeddable":true,"href":"https:\/\/www.fabioferro.eu\/de\/wp-json\/wp\/v2\/product_tag?post=115666"}],"curies":[{"name":"wp","href":"https:\/\/api.w.org\/{rel}","templated":true}]}}