{"id":115671,"date":"2015-10-01T14:36:31","date_gmt":"2015-10-01T12:36:31","guid":{"rendered":"https:\/\/www.fabioferro.eu\/comete-herrenhalskette-aus-925er-sterlingsilber-mit-kreuz-aus-schwarzem-spinell.html"},"modified":"2024-09-18T15:52:59","modified_gmt":"2024-09-18T13:52:59","slug":"comete-herrenhalskette-aus-925er-sterlingsilber-mit-kreuz-aus-schwarzem-spinell","status":"publish","type":"product","link":"https:\/\/www.fabioferro.eu\/de\/comete-herrenhalskette-aus-925er-sterlingsilber-mit-kreuz-aus-schwarzem-spinell.html","title":{"rendered":"Comete Herrenhalskette aus 925er Sterlingsilber mit Kreuz aus schwarzem Spinell"},"content":{"rendered":"<p><strong>LAST PIECE<\/strong> Comete Herrenhalskette aus 925\/1000 Sterling Silber, Ros\u00e9gold mit nat\u00fcrlichem schwarzen Spinell. Stahlkette in kleinem Rollglieddurchmesser 1,80 mm mit praktischem Karabinerverschluss. Gesamtl\u00e4nge der Kette cm. 50.00. Silber Schiebe Anh\u00e4nger in Form eines Kreuzes in mm. 24,00&#215;14,00 mm. Dicke 4,00 mm. Die Vorderseite ist in der Mitte mit nat\u00fcrlichen schwarzen Spinellen und dem Comete-Logo in Ros\u00e9gold besetzt, das an der Spitze des Kreuzes angebracht ist. Original Comete Gioielli Box und Garantie  <strong> <\/strong><\/p>\n","protected":false},"excerpt":{"rendered":"<p>Comete Herrenhalskette aus 925er Silber mit Kreuz und nat\u00fcrlichem schwarzen Spinell. LAST PIECE<\/p>\n","protected":false},"featured_media":115685,"comment_status":"open","ping_status":"closed","template":"","meta":[],"product_brand":[157],"product_cat":[6338],"product_tag":[],"class_list":{"0":"post-115671","1":"product","2":"type-product","3":"status-publish","4":"has-post-thumbnail","6":"product_brand-comete","7":"product_cat-comete-herren-halsketten","9":"first","10":"outofstock","11":"sale","12":"taxable","13":"shipping-taxable","14":"purchasable","15":"product-type-simple"},"exclude_global_add_ons":[],"addons":[],"df_price":190.8,"df_sale_price":190.8,"df_regular_price":212,"df_image_link":"https:\/\/cdn02.fabioferro.eu\/wp-content\/uploads\/virtuemart\/product\/ugl297.jpg","_links":{"self":[{"href":"https:\/\/www.fabioferro.eu\/de\/wp-json\/wp\/v2\/product\/115671","targetHints":{"allow":["GET"]}}],"collection":[{"href":"https:\/\/www.fabioferro.eu\/de\/wp-json\/wp\/v2\/product"}],"about":[{"href":"https:\/\/www.fabioferro.eu\/de\/wp-json\/wp\/v2\/types\/product"}],"replies":[{"embeddable":true,"href":"https:\/\/www.fabioferro.eu\/de\/wp-json\/wp\/v2\/comments?post=115671"}],"version-history":[{"count":0,"href":"https:\/\/www.fabioferro.eu\/de\/wp-json\/wp\/v2\/product\/115671\/revisions"}],"wp:featuredmedia":[{"embeddable":true,"href":"https:\/\/www.fabioferro.eu\/de\/wp-json\/wp\/v2\/media\/115685"}],"wp:attachment":[{"href":"https:\/\/www.fabioferro.eu\/de\/wp-json\/wp\/v2\/media?parent=115671"}],"wp:term":[{"taxonomy":"product_brand","embeddable":true,"href":"https:\/\/www.fabioferro.eu\/de\/wp-json\/wp\/v2\/product_brand?post=115671"},{"taxonomy":"product_cat","embeddable":true,"href":"https:\/\/www.fabioferro.eu\/de\/wp-json\/wp\/v2\/product_cat?post=115671"},{"taxonomy":"product_tag","embeddable":true,"href":"https:\/\/www.fabioferro.eu\/de\/wp-json\/wp\/v2\/product_tag?post=115671"}],"curies":[{"name":"wp","href":"https:\/\/api.w.org\/{rel}","templated":true}]}}