{"id":115683,"date":"2015-11-12T15:39:28","date_gmt":"2015-11-12T14:39:28","guid":{"rendered":"https:\/\/www.fabioferro.eu\/fabio-ferro-ohrringe-mit-weissen-japanischen-zuchtperlen-85-9-mm.html"},"modified":"2024-09-18T15:52:49","modified_gmt":"2024-09-18T13:52:49","slug":"fabio-ferro-ohrringe-mit-weissen-japanischen-zuchtperlen-85-9-mm","status":"publish","type":"product","link":"https:\/\/www.fabioferro.eu\/de\/fabio-ferro-ohrringe-mit-weissen-japanischen-zuchtperlen-85-9-mm.html","title":{"rendered":"Fabio Ferro Ohrringe mit wei\u00dfen japanischen Zuchtperlen 8,5-9 mm"},"content":{"rendered":"<div class=\"description\">\n<div class=\"description\">\n<div class=\"description\">\n<div class=\"description\">  Fabio Ferro I Gioielli Ohrringe, handgefertigt in unserer Goldschmiedewerkstatt aus 750\/1000 Wei\u00dfgold, mit nat\u00fcrlichen japanischen Zuchtperlen. Modell mit fester Klappe, mit Stangenverschluss und Schmetterling im R\u00fccken. Fassung aus 750\/1000 Wei\u00dfgold mit einem Gewicht von 1,75 Gramm. Die japanischen Zuchtperlen werden sorgf\u00e4ltig aus den besten Perlen mit wei\u00dfer Farbe und einem Durchmesser von 8,5\/9 mm ausgew\u00e4hlt. Die Farbe der Perlen kann leicht vom Foto abweichen, da es sich um nat\u00fcrliche Perlen handelt, von denen sich eine von der anderen unterscheidet. Der Schmuck wird von einer eleganten Geschenkbox und einer von Fabio Ferro I Gioielli unterzeichneten Qualit\u00e4ts- und Echtheitsgarantie begleitet.  <\/div>\n<\/div>\n<\/div>\n<\/div>\n","protected":false},"excerpt":{"rendered":"<p>Ein Paar elegante Perlen, die das Geheimnis des Meeres bergen.<\/p>\n","protected":false},"featured_media":108084,"comment_status":"open","ping_status":"closed","template":"","meta":[],"product_brand":[152],"product_cat":[6022],"product_tag":[],"class_list":{"0":"post-115683","1":"product","2":"type-product","3":"status-publish","4":"has-post-thumbnail","6":"product_brand-fabio-ferro-i-gioielli","7":"product_cat-perlen-ohrringe","9":"first","10":"instock","11":"sale","12":"taxable","13":"shipping-taxable","14":"purchasable","15":"product-type-simple"},"exclude_global_add_ons":[],"addons":[],"df_price":560,"df_sale_price":560,"df_regular_price":700,"df_image_link":"https:\/\/cdn02.fabioferro.eu\/wp-content\/uploads\/orecchini-di-perle-in-oro-bianco-con-perla-ff4925-2.jpg","_links":{"self":[{"href":"https:\/\/www.fabioferro.eu\/de\/wp-json\/wp\/v2\/product\/115683","targetHints":{"allow":["GET"]}}],"collection":[{"href":"https:\/\/www.fabioferro.eu\/de\/wp-json\/wp\/v2\/product"}],"about":[{"href":"https:\/\/www.fabioferro.eu\/de\/wp-json\/wp\/v2\/types\/product"}],"replies":[{"embeddable":true,"href":"https:\/\/www.fabioferro.eu\/de\/wp-json\/wp\/v2\/comments?post=115683"}],"version-history":[{"count":0,"href":"https:\/\/www.fabioferro.eu\/de\/wp-json\/wp\/v2\/product\/115683\/revisions"}],"wp:featuredmedia":[{"embeddable":true,"href":"https:\/\/www.fabioferro.eu\/de\/wp-json\/wp\/v2\/media\/108084"}],"wp:attachment":[{"href":"https:\/\/www.fabioferro.eu\/de\/wp-json\/wp\/v2\/media?parent=115683"}],"wp:term":[{"taxonomy":"product_brand","embeddable":true,"href":"https:\/\/www.fabioferro.eu\/de\/wp-json\/wp\/v2\/product_brand?post=115683"},{"taxonomy":"product_cat","embeddable":true,"href":"https:\/\/www.fabioferro.eu\/de\/wp-json\/wp\/v2\/product_cat?post=115683"},{"taxonomy":"product_tag","embeddable":true,"href":"https:\/\/www.fabioferro.eu\/de\/wp-json\/wp\/v2\/product_tag?post=115683"}],"curies":[{"name":"wp","href":"https:\/\/api.w.org\/{rel}","templated":true}]}}