{"id":115704,"date":"2015-10-01T13:35:37","date_gmt":"2015-10-01T11:35:37","guid":{"rendered":"https:\/\/www.fabioferro.eu\/comete-herren-halskette-senior-collection-in-stahl-mit-rose-gold-und-diamanten.html"},"modified":"2024-09-18T15:53:00","modified_gmt":"2024-09-18T13:53:00","slug":"comete-herren-halskette-senior-collection-in-stahl-mit-rose-gold-und-diamanten","status":"publish","type":"product","link":"https:\/\/www.fabioferro.eu\/de\/comete-herren-halskette-senior-collection-in-stahl-mit-rose-gold-und-diamanten.html","title":{"rendered":"Comete Herren-Halskette Senior Collection in Stahl mit Rose Gold und Diamanten"},"content":{"rendered":"<p>Comete Herrenhalskette Senior Collection aus Stahl mit 750\/1000 Ros\u00e9gold und Diamanten Kette aus weichem, r\u00f6hrenf\u00f6rmigem Maschenmaterial mit einem Durchmesser von 2,00 mm und Karabinerverschluss. Gesamtl\u00e4nge der Kette cm. 50.00. Kreuzf\u00f6rmiger Anh\u00e4nger aus 750\/1000 Ros\u00e9gold und poliertem Edelstahl, besetzt mit kt. Brillanten. 0,03. Das Kreuz misst mm. 26&#215;14, Dicke mm. 3 (inkl. Gegenfolie). Neuer Artikel mit Etui und Original-Echtheitszertifikat von Comete Gioielli  &nbsp;<\/p>\n<p>&nbsp;<\/p>\n","protected":false},"excerpt":{"rendered":"<p>Comete Herrenhalsband der Senior-Kollektion aus Stahl, Ros\u00e9gold und Diamanten im Brillantschliff<\/p>\n","protected":false},"featured_media":115717,"comment_status":"open","ping_status":"closed","template":"","meta":[],"product_brand":[157],"product_cat":[6338,6380],"product_tag":[],"class_list":{"0":"post-115704","1":"product","2":"type-product","3":"status-publish","4":"has-post-thumbnail","6":"product_brand-comete","7":"product_cat-comete-herren-halsketten","8":"product_cat-mannerschmuck","10":"first","11":"outofstock","12":"sale","13":"taxable","14":"shipping-taxable","15":"purchasable","16":"product-type-simple"},"exclude_global_add_ons":[],"addons":[],"df_price":248.4,"df_sale_price":248.4,"df_regular_price":276,"df_image_link":"https:\/\/cdn02.fabioferro.eu\/wp-content\/uploads\/virtuemart\/product\/ugl430.jpg","_links":{"self":[{"href":"https:\/\/www.fabioferro.eu\/de\/wp-json\/wp\/v2\/product\/115704","targetHints":{"allow":["GET"]}}],"collection":[{"href":"https:\/\/www.fabioferro.eu\/de\/wp-json\/wp\/v2\/product"}],"about":[{"href":"https:\/\/www.fabioferro.eu\/de\/wp-json\/wp\/v2\/types\/product"}],"replies":[{"embeddable":true,"href":"https:\/\/www.fabioferro.eu\/de\/wp-json\/wp\/v2\/comments?post=115704"}],"version-history":[{"count":0,"href":"https:\/\/www.fabioferro.eu\/de\/wp-json\/wp\/v2\/product\/115704\/revisions"}],"wp:featuredmedia":[{"embeddable":true,"href":"https:\/\/www.fabioferro.eu\/de\/wp-json\/wp\/v2\/media\/115717"}],"wp:attachment":[{"href":"https:\/\/www.fabioferro.eu\/de\/wp-json\/wp\/v2\/media?parent=115704"}],"wp:term":[{"taxonomy":"product_brand","embeddable":true,"href":"https:\/\/www.fabioferro.eu\/de\/wp-json\/wp\/v2\/product_brand?post=115704"},{"taxonomy":"product_cat","embeddable":true,"href":"https:\/\/www.fabioferro.eu\/de\/wp-json\/wp\/v2\/product_cat?post=115704"},{"taxonomy":"product_tag","embeddable":true,"href":"https:\/\/www.fabioferro.eu\/de\/wp-json\/wp\/v2\/product_tag?post=115704"}],"curies":[{"name":"wp","href":"https:\/\/api.w.org\/{rel}","templated":true}]}}