{"id":115711,"date":"2015-10-10T14:28:46","date_gmt":"2015-10-10T12:28:46","guid":{"rendered":"https:\/\/www.fabioferro.eu\/giovanni-raspini-weisser-bronzerahmen-mit-kleeblaettern-115-x-9-cm.html"},"modified":"2026-02-28T10:29:02","modified_gmt":"2026-02-28T09:29:02","slug":"giovanni-raspini-weisser-bronzerahmen-mit-kleeblaettern-115-x-9-cm","status":"publish","type":"product","link":"https:\/\/www.fabioferro.eu\/de\/giovanni-raspini-weisser-bronzerahmen-mit-kleeblaettern-115-x-9-cm.html","title":{"rendered":"Giovanni Raspini Wei\u00dfer Bronzerahmen mit Kleebl\u00e4ttern 11,5 x 9 cm"},"content":{"rendered":"<p>Wei\u00df Bronze Frame Giovanni Raspini Argenti Quadrifogli Sammlung<\/p>\n<p>Der Rahmen hat die Au\u00dfenma\u00dfe 14 x 11 cm und das Glas die Ma\u00dfe 11,5 x 9 cm.<\/p>\n<p>Der Rahmen hat eine sichtbare Auswahl an vierbl\u00e4ttrigen Kleebl\u00e4ttern in verschiedenen Gr\u00f6\u00dfen.<\/p>\n<p>Neuer Artikel mit original Giovanni Raspini Box und Garantie.<\/p>\n","protected":false},"excerpt":{"rendered":"<p>Giovanni Raspini Wei\u00df Bronze Frame mit Kleebl\u00e4ttern cm 11.50&#215;9.00<\/p>\n","protected":false},"featured_media":115723,"comment_status":"open","ping_status":"closed","template":"","meta":[],"product_brand":[155],"product_cat":[7704],"product_tag":[7442],"class_list":{"0":"post-115711","1":"product","2":"type-product","3":"status-publish","4":"has-post-thumbnail","6":"product_brand-raspini","7":"product_cat-bronzerahmen-von-giovanni-raspini","8":"product_tag-verfugbar","10":"first","11":"instock","12":"sale","13":"taxable","14":"shipping-taxable","15":"purchasable","16":"product-type-simple"},"exclude_global_add_ons":[],"addons":[],"df_price":175.5,"df_sale_price":175.5,"df_regular_price":195,"df_image_link":"https:\/\/cdn02.fabioferro.eu\/wp-content\/uploads\/virtuemart\/product\/b178.jpg","_links":{"self":[{"href":"https:\/\/www.fabioferro.eu\/de\/wp-json\/wp\/v2\/product\/115711","targetHints":{"allow":["GET"]}}],"collection":[{"href":"https:\/\/www.fabioferro.eu\/de\/wp-json\/wp\/v2\/product"}],"about":[{"href":"https:\/\/www.fabioferro.eu\/de\/wp-json\/wp\/v2\/types\/product"}],"replies":[{"embeddable":true,"href":"https:\/\/www.fabioferro.eu\/de\/wp-json\/wp\/v2\/comments?post=115711"}],"version-history":[{"count":1,"href":"https:\/\/www.fabioferro.eu\/de\/wp-json\/wp\/v2\/product\/115711\/revisions"}],"predecessor-version":[{"id":212102,"href":"https:\/\/www.fabioferro.eu\/de\/wp-json\/wp\/v2\/product\/115711\/revisions\/212102"}],"wp:featuredmedia":[{"embeddable":true,"href":"https:\/\/www.fabioferro.eu\/de\/wp-json\/wp\/v2\/media\/115723"}],"wp:attachment":[{"href":"https:\/\/www.fabioferro.eu\/de\/wp-json\/wp\/v2\/media?parent=115711"}],"wp:term":[{"taxonomy":"product_brand","embeddable":true,"href":"https:\/\/www.fabioferro.eu\/de\/wp-json\/wp\/v2\/product_brand?post=115711"},{"taxonomy":"product_cat","embeddable":true,"href":"https:\/\/www.fabioferro.eu\/de\/wp-json\/wp\/v2\/product_cat?post=115711"},{"taxonomy":"product_tag","embeddable":true,"href":"https:\/\/www.fabioferro.eu\/de\/wp-json\/wp\/v2\/product_tag?post=115711"}],"curies":[{"name":"wp","href":"https:\/\/api.w.org\/{rel}","templated":true}]}}