{"id":115718,"date":"2015-11-13T17:38:52","date_gmt":"2015-11-13T16:38:52","guid":{"rendered":"https:\/\/www.fabioferro.eu\/tennisarmband-bliss-jewellery-colors-collection-silberarmband-mit-gruenen-zirkonen.html"},"modified":"2015-11-13T17:38:52","modified_gmt":"2015-11-13T16:38:52","slug":"tennisarmband-bliss-jewellery-colors-collection-silberarmband-mit-gruenen-zirkonen","status":"publish","type":"product","link":"https:\/\/www.fabioferro.eu\/de\/tennisarmband-bliss-jewellery-colors-collection-silberarmband-mit-gruenen-zirkonen.html","title":{"rendered":"Tennisarmband Bliss Jewellery Colors Collection Silberarmband mit gr\u00fcnen Zirkonen"},"content":{"rendered":"<p>Armband der Kollektion Colors von Bliss Jewellery aus 925\/1000 Silber und farbigen Zirkonen.<\/p>\n<p>Modell Tennis mit quadratischem Rahmen. Gr\u00fcn gef\u00e4rbte Zirkone mit Greifen.<\/p>\n<p>Die Breite der L\u00fcnette betr\u00e4gt 1,50 mm bei einer Dicke von 1,90 mm.<\/p>\n<p>Das Armband hat eine Gesamtl\u00e4nge von 18,00 cm. mit Bajonettverschluss und seitlichem Sicherheitsverschluss bei 8.<\/p>\n<p>Neuer Artikel mit Box und offizieller Bliss Jewellery Garantie.<\/p>\n<p>Ausstellen einer Quittung und\/oder Rechnung<\/p>\n<p>&nbsp;<\/p>\n<p>&nbsp;<\/p>\n","protected":false},"excerpt":{"rendered":"<p>Tennisarmband der Kollektion Colors von Bliss Jewellery aus 925\/1000 Silber und farbigen Zirkonen. Erh\u00e4ltlich in gr\u00fcn, blau, lila, rot, schwarz und wei\u00df.<\/p>\n","protected":false},"featured_media":115726,"comment_status":"open","ping_status":"closed","template":"","meta":[],"product_brand":[],"product_cat":[6208],"product_tag":[],"class_list":{"0":"post-115718","1":"product","2":"type-product","3":"status-publish","4":"has-post-thumbnail","6":"product_cat-outlet-schmuck","8":"first","9":"instock","10":"sale","11":"taxable","12":"shipping-taxable","13":"purchasable","14":"product-type-variable"},"exclude_global_add_ons":[],"addons":[],"df_price":49.5,"df_sale_price":"","df_regular_price":49.5,"df_image_link":"https:\/\/cdn02.fabioferro.eu\/wp-content\/uploads\/virtuemart\/product\/20067280verde.jpg","_links":{"self":[{"href":"https:\/\/www.fabioferro.eu\/de\/wp-json\/wp\/v2\/product\/115718","targetHints":{"allow":["GET"]}}],"collection":[{"href":"https:\/\/www.fabioferro.eu\/de\/wp-json\/wp\/v2\/product"}],"about":[{"href":"https:\/\/www.fabioferro.eu\/de\/wp-json\/wp\/v2\/types\/product"}],"replies":[{"embeddable":true,"href":"https:\/\/www.fabioferro.eu\/de\/wp-json\/wp\/v2\/comments?post=115718"}],"version-history":[{"count":0,"href":"https:\/\/www.fabioferro.eu\/de\/wp-json\/wp\/v2\/product\/115718\/revisions"}],"wp:featuredmedia":[{"embeddable":true,"href":"https:\/\/www.fabioferro.eu\/de\/wp-json\/wp\/v2\/media\/115726"}],"wp:attachment":[{"href":"https:\/\/www.fabioferro.eu\/de\/wp-json\/wp\/v2\/media?parent=115718"}],"wp:term":[{"taxonomy":"product_brand","embeddable":true,"href":"https:\/\/www.fabioferro.eu\/de\/wp-json\/wp\/v2\/product_brand?post=115718"},{"taxonomy":"product_cat","embeddable":true,"href":"https:\/\/www.fabioferro.eu\/de\/wp-json\/wp\/v2\/product_cat?post=115718"},{"taxonomy":"product_tag","embeddable":true,"href":"https:\/\/www.fabioferro.eu\/de\/wp-json\/wp\/v2\/product_tag?post=115718"}],"curies":[{"name":"wp","href":"https:\/\/api.w.org\/{rel}","templated":true}]}}