{"id":115720,"date":"2015-11-07T16:01:35","date_gmt":"2015-11-07T15:01:35","guid":{"rendered":"https:\/\/www.fabioferro.eu\/damenring-bliss-jewellery-desire-collection-weissgold-und-diamanten.html"},"modified":"2015-11-07T16:01:35","modified_gmt":"2015-11-07T15:01:35","slug":"damenring-bliss-jewellery-desire-collection-weissgold-und-diamanten","status":"publish","type":"product","link":"https:\/\/www.fabioferro.eu\/de\/damenring-bliss-jewellery-desire-collection-weissgold-und-diamanten.html","title":{"rendered":"Damenring Bliss Jewellery Desire Collection Wei\u00dfgold und Diamanten"},"content":{"rendered":"<p>Damenring Bliss Jewellery &#8216;Desiderio&#8217; Kollektion in 750\/1000 Wei\u00dfgold und Diamanten mit Brillantschliff.<\/p>\n<p>Eine Lichtexplosion in einem &#8220;Feuerwerk&#8221;-Rahmen. Poliertes Wei\u00dfgold, besetzt mit Diamanten im Brillantschliff, insgesamt kt. 0,12 Farbe H.<\/p>\n<p>Gr\u00f6\u00dfe sofort verf\u00fcgbar Nr. 13 leicht anpassbar an eine andere Gr\u00f6\u00dfe. Klicken Sie auf den Link, um Ihre Gr\u00f6\u00dfe auszuw\u00e4hlen<\/p>\n<p>Neuer Artikel mit Box und offizieller Bliss Jewellery Garantie.<\/p>\n<p>Ausstellen einer Quittung und\/oder Rechnung<\/p>\n<p>&nbsp;<\/p>\n<p>&nbsp;<\/p>\n<p>&nbsp;<\/p>\n","protected":false},"excerpt":{"rendered":"<p>Bliss Jewellery Damenring &#8216;Desiderio&#8217; aus 750\/1000 Wei\u00dfgold mit Brillanten<\/p>\n","protected":false},"featured_media":115738,"comment_status":"open","ping_status":"closed","template":"","meta":[],"product_brand":[],"product_cat":[7620],"product_tag":[7442],"class_list":{"0":"post-115720","1":"product","2":"type-product","3":"status-publish","4":"has-post-thumbnail","6":"product_cat-outlet-schmuck","7":"product_tag-verfugbar","9":"first","10":"instock","11":"sale","12":"taxable","13":"shipping-taxable","14":"purchasable","15":"product-type-simple"},"exclude_global_add_ons":[],"addons":[],"df_price":1580,"df_sale_price":1580,"df_regular_price":1980,"df_image_link":"https:\/\/cdn02.fabioferro.eu\/wp-content\/uploads\/virtuemart\/category\/20067021.jpg","_links":{"self":[{"href":"https:\/\/www.fabioferro.eu\/de\/wp-json\/wp\/v2\/product\/115720","targetHints":{"allow":["GET"]}}],"collection":[{"href":"https:\/\/www.fabioferro.eu\/de\/wp-json\/wp\/v2\/product"}],"about":[{"href":"https:\/\/www.fabioferro.eu\/de\/wp-json\/wp\/v2\/types\/product"}],"replies":[{"embeddable":true,"href":"https:\/\/www.fabioferro.eu\/de\/wp-json\/wp\/v2\/comments?post=115720"}],"version-history":[{"count":0,"href":"https:\/\/www.fabioferro.eu\/de\/wp-json\/wp\/v2\/product\/115720\/revisions"}],"wp:featuredmedia":[{"embeddable":true,"href":"https:\/\/www.fabioferro.eu\/de\/wp-json\/wp\/v2\/media\/115738"}],"wp:attachment":[{"href":"https:\/\/www.fabioferro.eu\/de\/wp-json\/wp\/v2\/media?parent=115720"}],"wp:term":[{"taxonomy":"product_brand","embeddable":true,"href":"https:\/\/www.fabioferro.eu\/de\/wp-json\/wp\/v2\/product_brand?post=115720"},{"taxonomy":"product_cat","embeddable":true,"href":"https:\/\/www.fabioferro.eu\/de\/wp-json\/wp\/v2\/product_cat?post=115720"},{"taxonomy":"product_tag","embeddable":true,"href":"https:\/\/www.fabioferro.eu\/de\/wp-json\/wp\/v2\/product_tag?post=115720"}],"curies":[{"name":"wp","href":"https:\/\/api.w.org\/{rel}","templated":true}]}}