{"id":115747,"date":"2015-09-29T07:30:51","date_gmt":"2015-09-29T05:30:51","guid":{"rendered":"https:\/\/www.fabioferro.eu\/giovanni-raspini-orchidee-sammlung-grossen-rahmen-cm-18x24-in-silber-und-kristall.html"},"modified":"2026-02-28T10:30:03","modified_gmt":"2026-02-28T09:30:03","slug":"giovanni-raspini-orchidee-sammlung-grossen-rahmen-cm-18x24-in-silber-und-kristall","status":"publish","type":"product","link":"https:\/\/www.fabioferro.eu\/de\/giovanni-raspini-orchidee-sammlung-grossen-rahmen-cm-18x24-in-silber-und-kristall.html","title":{"rendered":"Giovanni Raspini Orchidee Gro\u00dfer Silberrahmen 18&#215;24 cm"},"content":{"rendered":"<p>Giovanni Raspini Orchidea Kollektion Rahmen in 800 Silber und Kristall. Rahmengr\u00f6\u00dfe 24&#215;18 cm, Fotogr\u00f6\u00dfe 19&#215;14 cm. Der Rahmen ist aus 1,00 cm dickem, geschliffenem Kristall mit einer silbernen Blumenapplikation an der Basis des Rahmens gefertigt. L-f\u00f6rmiger St\u00e4nder aus Silber, offizielle Giovanni Raspini-Box und Garantiezertifikat.<\/p>\n","protected":false},"excerpt":{"rendered":"<p>Giovanni Raspini Orchidee Sammlung Rahmen in Silber und Kristall cm. 18&#215;24<\/p>\n","protected":false},"featured_media":115748,"comment_status":"open","ping_status":"closed","template":"","meta":[],"product_brand":[],"product_cat":[15],"product_tag":[7442],"class_list":{"0":"post-115747","1":"product","2":"type-product","3":"status-publish","4":"has-post-thumbnail","6":"product_cat-senza-categoria","7":"product_tag-verfugbar","9":"first","10":"instock","11":"sale","12":"taxable","13":"shipping-taxable","14":"purchasable","15":"product-type-simple"},"exclude_global_add_ons":[],"addons":[],"df_price":468,"df_sale_price":468,"df_regular_price":520,"df_image_link":"https:\/\/cdn02.fabioferro.eu\/wp-content\/uploads\/virtuemart\/product\/23487.jpg","_links":{"self":[{"href":"https:\/\/www.fabioferro.eu\/de\/wp-json\/wp\/v2\/product\/115747","targetHints":{"allow":["GET"]}}],"collection":[{"href":"https:\/\/www.fabioferro.eu\/de\/wp-json\/wp\/v2\/product"}],"about":[{"href":"https:\/\/www.fabioferro.eu\/de\/wp-json\/wp\/v2\/types\/product"}],"replies":[{"embeddable":true,"href":"https:\/\/www.fabioferro.eu\/de\/wp-json\/wp\/v2\/comments?post=115747"}],"version-history":[{"count":1,"href":"https:\/\/www.fabioferro.eu\/de\/wp-json\/wp\/v2\/product\/115747\/revisions"}],"predecessor-version":[{"id":212113,"href":"https:\/\/www.fabioferro.eu\/de\/wp-json\/wp\/v2\/product\/115747\/revisions\/212113"}],"wp:featuredmedia":[{"embeddable":true,"href":"https:\/\/www.fabioferro.eu\/de\/wp-json\/wp\/v2\/media\/115748"}],"wp:attachment":[{"href":"https:\/\/www.fabioferro.eu\/de\/wp-json\/wp\/v2\/media?parent=115747"}],"wp:term":[{"taxonomy":"product_brand","embeddable":true,"href":"https:\/\/www.fabioferro.eu\/de\/wp-json\/wp\/v2\/product_brand?post=115747"},{"taxonomy":"product_cat","embeddable":true,"href":"https:\/\/www.fabioferro.eu\/de\/wp-json\/wp\/v2\/product_cat?post=115747"},{"taxonomy":"product_tag","embeddable":true,"href":"https:\/\/www.fabioferro.eu\/de\/wp-json\/wp\/v2\/product_tag?post=115747"}],"curies":[{"name":"wp","href":"https:\/\/api.w.org\/{rel}","templated":true}]}}