{"id":115752,"date":"2015-09-25T16:50:32","date_gmt":"2015-09-25T14:50:32","guid":{"rendered":"https:\/\/www.fabioferro.eu\/festina-damen-stahl-uhr-mit-strass-luenette-und-schwarzem-zifferblatt.html"},"modified":"2015-09-25T16:50:32","modified_gmt":"2015-09-25T14:50:32","slug":"festina-damen-stahl-uhr-mit-strass-luenette-und-schwarzem-zifferblatt","status":"publish","type":"product","link":"https:\/\/www.fabioferro.eu\/de\/festina-damen-stahl-uhr-mit-strass-luenette-und-schwarzem-zifferblatt.html","title":{"rendered":"Festina Damen Stahl Uhr mit Strass L\u00fcnette und schwarzem Zifferblatt"},"content":{"rendered":"<p>Festina Dameneinzelzeituhr aus poliertem Edelstahl mit schwarzem Zifferblatt und farblosen Strasssteinen.<\/p>\n<p>Quarzwerk nur f\u00fcr die Zeit<\/p>\n<p>Geh\u00e4use aus poliertem Edelstahl, Durchmesser 32,50 mm, Dicke 9,50 mm. Au\u00dfenl\u00fcnette mit farblosen Strasssteinen verziert. Wasserdichte Krone aus ger\u00e4ndeltem Stahl. Edelstahlboden mit Druckverschluss und wasserdicht bis 5 ATM.<\/p>\n<p>Mineralglas<\/p>\n<p>Schwarzes Zifferblatt mit Stunden-, Minuten- und Sekundenzeiger aus poliertem Metall. Aufgesetzte polierte Indexe und Datumsfeld bei 6 Uhr.<\/p>\n<p>Poliertes Stahlarmband mit Kastenschlie\u00dfe und zwei \u00d6ffnungskn\u00f6pfen.<\/p>\n<p>Original Festina Zwei-Jahres-Box und Garantie.<\/p>\n<p>Ausstellen einer Quittung und\/oder Rechnung<\/p>\n","protected":false},"excerpt":{"rendered":"<p>Festina Damenuhr aus Stahl mit schwarzem Zifferblatt<\/p>\n","protected":false},"featured_media":115759,"comment_status":"open","ping_status":"closed","template":"","meta":[],"product_brand":[171],"product_cat":[5976],"product_tag":[],"class_list":{"0":"post-115752","1":"product","2":"type-product","3":"status-publish","4":"has-post-thumbnail","6":"product_brand-festina","7":"product_cat-festina-damenuhren","9":"first","10":"outofstock","11":"sale","12":"taxable","13":"shipping-taxable","14":"purchasable","15":"product-type-simple"},"exclude_global_add_ons":[],"addons":[],"df_price":79.2,"df_sale_price":79.2,"df_regular_price":99,"df_image_link":"https:\/\/cdn02.fabioferro.eu\/wp-content\/uploads\/virtuemart\/product\/f16867-2.jpg","_links":{"self":[{"href":"https:\/\/www.fabioferro.eu\/de\/wp-json\/wp\/v2\/product\/115752","targetHints":{"allow":["GET"]}}],"collection":[{"href":"https:\/\/www.fabioferro.eu\/de\/wp-json\/wp\/v2\/product"}],"about":[{"href":"https:\/\/www.fabioferro.eu\/de\/wp-json\/wp\/v2\/types\/product"}],"replies":[{"embeddable":true,"href":"https:\/\/www.fabioferro.eu\/de\/wp-json\/wp\/v2\/comments?post=115752"}],"version-history":[{"count":0,"href":"https:\/\/www.fabioferro.eu\/de\/wp-json\/wp\/v2\/product\/115752\/revisions"}],"wp:featuredmedia":[{"embeddable":true,"href":"https:\/\/www.fabioferro.eu\/de\/wp-json\/wp\/v2\/media\/115759"}],"wp:attachment":[{"href":"https:\/\/www.fabioferro.eu\/de\/wp-json\/wp\/v2\/media?parent=115752"}],"wp:term":[{"taxonomy":"product_brand","embeddable":true,"href":"https:\/\/www.fabioferro.eu\/de\/wp-json\/wp\/v2\/product_brand?post=115752"},{"taxonomy":"product_cat","embeddable":true,"href":"https:\/\/www.fabioferro.eu\/de\/wp-json\/wp\/v2\/product_cat?post=115752"},{"taxonomy":"product_tag","embeddable":true,"href":"https:\/\/www.fabioferro.eu\/de\/wp-json\/wp\/v2\/product_tag?post=115752"}],"curies":[{"name":"wp","href":"https:\/\/api.w.org\/{rel}","templated":true}]}}