{"id":115754,"date":"2015-09-23T16:33:22","date_gmt":"2015-09-23T14:33:22","guid":{"rendered":"https:\/\/www.fabioferro.eu\/festina-elegance-herren-multifunktionsuhr-aus-stahl-mit-silbernem-zifferblatt.html"},"modified":"2024-10-05T10:00:19","modified_gmt":"2024-10-05T08:00:19","slug":"festina-elegance-herren-multifunktionsuhr-aus-stahl-mit-silbernem-zifferblatt","status":"publish","type":"product","link":"https:\/\/www.fabioferro.eu\/de\/festina-elegance-herren-multifunktionsuhr-aus-stahl-mit-silbernem-zifferblatt.html","title":{"rendered":"Festina Elegance Herren Multifunktionsuhr aus Stahl mit silbernem Zifferblatt"},"content":{"rendered":"<p>Festina Herrenuhr Modell Elegance Edelstahl Solo Time Multifunktions-Quarz-Analoguhrwerk Satiniertes und poliertes Stahlgeh\u00e4use Durchmesser mm. 46,00 und Dicke mm. 11,00 mit ger\u00e4ndelter, wasserdichter Stahlkrone. Verschraubter Stahlboden und wasserdicht bis 5 ATM. Geh\u00e4rtetes Mineralglas Silberfarbenes Zifferblatt mit polierten Stunden- und Minutenzeigern mit nachleuchtendem Mittelteil Zentraler Sekundenzeiger mit wei\u00dfer Spitze. Angewandte gl\u00e4nzende Indizes. Zifferblatt bei 12 Uhr mit Datum, bei 6 Uhr 24-Stunden-Zifferblatt. Satiniertes\/poliertes Stahlarmband mit Kastenschlie\u00dfe und zwei Druckkn\u00f6pfen mit Festina-Logo. Original Festina Karton und 2 Jahre Garantie Ausstellung der Quittung und\/oder Rechnung<\/p>\n","protected":false},"excerpt":{"rendered":"<p>Festina Herren-Multifunktionsuhr Kollektion Elegance in Stahl mit silbernem Zifferblatt<\/p>\n","protected":false},"featured_media":115763,"comment_status":"open","ping_status":"closed","template":"","meta":[],"product_brand":[171],"product_cat":[5998],"product_tag":[7442],"class_list":{"0":"post-115754","1":"product","2":"type-product","3":"status-publish","4":"has-post-thumbnail","6":"product_brand-festina","7":"product_cat-festina-herrenuhren","8":"product_tag-verfugbar","10":"first","11":"instock","12":"sale","13":"taxable","14":"shipping-taxable","15":"purchasable","16":"product-type-simple"},"exclude_global_add_ons":[],"addons":[],"df_price":103.2,"df_sale_price":103.2,"df_regular_price":129,"df_image_link":"https:\/\/cdn02.fabioferro.eu\/wp-content\/uploads\/virtuemart\/product\/f16632_1.jpg","_links":{"self":[{"href":"https:\/\/www.fabioferro.eu\/de\/wp-json\/wp\/v2\/product\/115754","targetHints":{"allow":["GET"]}}],"collection":[{"href":"https:\/\/www.fabioferro.eu\/de\/wp-json\/wp\/v2\/product"}],"about":[{"href":"https:\/\/www.fabioferro.eu\/de\/wp-json\/wp\/v2\/types\/product"}],"replies":[{"embeddable":true,"href":"https:\/\/www.fabioferro.eu\/de\/wp-json\/wp\/v2\/comments?post=115754"}],"version-history":[{"count":0,"href":"https:\/\/www.fabioferro.eu\/de\/wp-json\/wp\/v2\/product\/115754\/revisions"}],"wp:featuredmedia":[{"embeddable":true,"href":"https:\/\/www.fabioferro.eu\/de\/wp-json\/wp\/v2\/media\/115763"}],"wp:attachment":[{"href":"https:\/\/www.fabioferro.eu\/de\/wp-json\/wp\/v2\/media?parent=115754"}],"wp:term":[{"taxonomy":"product_brand","embeddable":true,"href":"https:\/\/www.fabioferro.eu\/de\/wp-json\/wp\/v2\/product_brand?post=115754"},{"taxonomy":"product_cat","embeddable":true,"href":"https:\/\/www.fabioferro.eu\/de\/wp-json\/wp\/v2\/product_cat?post=115754"},{"taxonomy":"product_tag","embeddable":true,"href":"https:\/\/www.fabioferro.eu\/de\/wp-json\/wp\/v2\/product_tag?post=115754"}],"curies":[{"name":"wp","href":"https:\/\/api.w.org\/{rel}","templated":true}]}}