{"id":115764,"date":"2015-09-28T08:16:11","date_gmt":"2015-09-28T06:16:11","guid":{"rendered":"https:\/\/www.fabioferro.eu\/comete-herren-netzarmband-titanium-kautschuk-und-stahl-kollektion.html"},"modified":"2015-09-28T08:16:11","modified_gmt":"2015-09-28T06:16:11","slug":"comete-herren-netzarmband-titanium-kautschuk-und-stahl-kollektion","status":"publish","type":"product","link":"https:\/\/www.fabioferro.eu\/de\/comete-herren-netzarmband-titanium-kautschuk-und-stahl-kollektion.html","title":{"rendered":"Comete Herren-Netzarmband Titanium Kautschuk und Stahl Kollektion"},"content":{"rendered":"<p>Comete Herrenarmband &#8216;Net&#8217; Kollektion aus poliertem Edelstahl und Kautschuk.<\/p>\n<p>Titanfarbener, gewebter Gummiboden mit einem Durchmesser von 3,50 mm und einem zentralen Motiv aus poliertem Stahlrohr von 4,50 cm \u00d8 6,00 mm.<\/p>\n<p>Armband L\u00e4nge cm. 22.00<\/p>\n<p>R\u00f6hrenf\u00f6rmige Schlie\u00dfe aus Edelstahl, die bei 20, 21 oder 22 cm getragen werden kann.<\/p>\n<p>Original Comete Gioielli Box und zwei Jahre Garantie<\/p>\n<p>&nbsp;<\/p>\n","protected":false},"excerpt":{"rendered":"<p>Comete Herrenarmband &#8216;Net&#8217; Kollektion aus titanfarbenem Kautschuk und rostfreiem Stahl.<\/p>\n","protected":false},"featured_media":115771,"comment_status":"open","ping_status":"closed","template":"","meta":[],"product_brand":[157],"product_cat":[6341],"product_tag":[7442],"class_list":{"0":"post-115764","1":"product","2":"type-product","3":"status-publish","4":"has-post-thumbnail","6":"product_brand-comete","7":"product_cat-comete-armbander-manner","8":"product_tag-verfugbar","10":"first","11":"instock","12":"sale","13":"taxable","14":"shipping-taxable","15":"purchasable","16":"product-type-simple"},"exclude_global_add_ons":[],"addons":[],"df_price":79.2,"df_sale_price":79.2,"df_regular_price":88,"df_image_link":"https:\/\/cdn02.fabioferro.eu\/wp-content\/uploads\/virtuemart\/product\/ubr622.jpg","_links":{"self":[{"href":"https:\/\/www.fabioferro.eu\/de\/wp-json\/wp\/v2\/product\/115764","targetHints":{"allow":["GET"]}}],"collection":[{"href":"https:\/\/www.fabioferro.eu\/de\/wp-json\/wp\/v2\/product"}],"about":[{"href":"https:\/\/www.fabioferro.eu\/de\/wp-json\/wp\/v2\/types\/product"}],"replies":[{"embeddable":true,"href":"https:\/\/www.fabioferro.eu\/de\/wp-json\/wp\/v2\/comments?post=115764"}],"version-history":[{"count":0,"href":"https:\/\/www.fabioferro.eu\/de\/wp-json\/wp\/v2\/product\/115764\/revisions"}],"wp:featuredmedia":[{"embeddable":true,"href":"https:\/\/www.fabioferro.eu\/de\/wp-json\/wp\/v2\/media\/115771"}],"wp:attachment":[{"href":"https:\/\/www.fabioferro.eu\/de\/wp-json\/wp\/v2\/media?parent=115764"}],"wp:term":[{"taxonomy":"product_brand","embeddable":true,"href":"https:\/\/www.fabioferro.eu\/de\/wp-json\/wp\/v2\/product_brand?post=115764"},{"taxonomy":"product_cat","embeddable":true,"href":"https:\/\/www.fabioferro.eu\/de\/wp-json\/wp\/v2\/product_cat?post=115764"},{"taxonomy":"product_tag","embeddable":true,"href":"https:\/\/www.fabioferro.eu\/de\/wp-json\/wp\/v2\/product_tag?post=115764"}],"curies":[{"name":"wp","href":"https:\/\/api.w.org\/{rel}","templated":true}]}}