{"id":115765,"date":"2015-09-25T17:26:21","date_gmt":"2015-09-25T15:26:21","guid":{"rendered":"https:\/\/www.fabioferro.eu\/festina-damen-stahl-uhr-mit-strass-luenette-und-silber-zifferblatt.html"},"modified":"2015-09-25T17:26:21","modified_gmt":"2015-09-25T15:26:21","slug":"festina-damen-stahl-uhr-mit-strass-luenette-und-silber-zifferblatt","status":"publish","type":"product","link":"https:\/\/www.fabioferro.eu\/de\/festina-damen-stahl-uhr-mit-strass-luenette-und-silber-zifferblatt.html","title":{"rendered":"Festina Damen Stahl Uhr mit Strass L\u00fcnette und Silber Zifferblatt"},"content":{"rendered":"<p>Festina Dameneinzelzeituhr aus poliertem Edelstahl mit silbernem Zifferblatt und farblosen Strasssteinen.<\/p>\n<p>Quarzwerk nur f\u00fcr die Zeit<\/p>\n<p>Geh\u00e4use aus poliertem Edelstahl, Durchmesser 32,50 mm, Dicke 9,50 mm. Au\u00dfenl\u00fcnette mit farblosen Strasssteinen verziert. Wasserdichte Krone aus ger\u00e4ndeltem Stahl. Edelstahlboden mit Druckverschluss und wasserdicht bis 5 ATM.<\/p>\n<p>Mineralglas<\/p>\n<p>Versilbertes Zifferblatt mit Stunden-, Minuten- und Sekundenzeiger aus poliertem Metall. Aufgesetzte polierte Indexe und Datumsfeld bei 6 Uhr.<\/p>\n<p>Poliertes Stahlarmband mit Kastenschlie\u00dfe und zwei Festina-Logodruckkn\u00f6pfen zum \u00d6ffnen<\/p>\n<p>Original Festina Zwei-Jahres-Box und Garantie.<\/p>\n<p>Ausstellen einer Quittung und\/oder Rechnung<\/p>\n","protected":false},"excerpt":{"rendered":"<p>Festina Damenuhr aus Stahl mit silbernem Zifferblatt und farblosen Strasssteinen.<\/p>\n","protected":false},"featured_media":115772,"comment_status":"open","ping_status":"closed","template":"","meta":[],"product_brand":[171],"product_cat":[5976],"product_tag":[7442],"class_list":{"0":"post-115765","1":"product","2":"type-product","3":"status-publish","4":"has-post-thumbnail","6":"product_brand-festina","7":"product_cat-festina-damenuhren","8":"product_tag-verfugbar","10":"first","11":"instock","12":"sale","13":"taxable","14":"shipping-taxable","15":"purchasable","16":"product-type-simple"},"exclude_global_add_ons":[],"addons":[],"df_price":79.2,"df_sale_price":79.2,"df_regular_price":99,"df_image_link":"https:\/\/cdn02.fabioferro.eu\/wp-content\/uploads\/virtuemart\/product\/f16867-1.jpg","_links":{"self":[{"href":"https:\/\/www.fabioferro.eu\/de\/wp-json\/wp\/v2\/product\/115765","targetHints":{"allow":["GET"]}}],"collection":[{"href":"https:\/\/www.fabioferro.eu\/de\/wp-json\/wp\/v2\/product"}],"about":[{"href":"https:\/\/www.fabioferro.eu\/de\/wp-json\/wp\/v2\/types\/product"}],"replies":[{"embeddable":true,"href":"https:\/\/www.fabioferro.eu\/de\/wp-json\/wp\/v2\/comments?post=115765"}],"version-history":[{"count":0,"href":"https:\/\/www.fabioferro.eu\/de\/wp-json\/wp\/v2\/product\/115765\/revisions"}],"wp:featuredmedia":[{"embeddable":true,"href":"https:\/\/www.fabioferro.eu\/de\/wp-json\/wp\/v2\/media\/115772"}],"wp:attachment":[{"href":"https:\/\/www.fabioferro.eu\/de\/wp-json\/wp\/v2\/media?parent=115765"}],"wp:term":[{"taxonomy":"product_brand","embeddable":true,"href":"https:\/\/www.fabioferro.eu\/de\/wp-json\/wp\/v2\/product_brand?post=115765"},{"taxonomy":"product_cat","embeddable":true,"href":"https:\/\/www.fabioferro.eu\/de\/wp-json\/wp\/v2\/product_cat?post=115765"},{"taxonomy":"product_tag","embeddable":true,"href":"https:\/\/www.fabioferro.eu\/de\/wp-json\/wp\/v2\/product_tag?post=115765"}],"curies":[{"name":"wp","href":"https:\/\/api.w.org\/{rel}","templated":true}]}}