{"id":115766,"date":"2015-09-25T08:39:01","date_gmt":"2015-09-25T06:39:01","guid":{"rendered":"https:\/\/www.fabioferro.eu\/festina-sport-automatik-herrenuhr-aus-stahl-mit-schwarzem-schachbrettmuster.html"},"modified":"2015-09-25T08:39:01","modified_gmt":"2015-09-25T06:39:01","slug":"festina-sport-automatik-herrenuhr-aus-stahl-mit-schwarzem-schachbrettmuster","status":"publish","type":"product","link":"https:\/\/www.fabioferro.eu\/de\/festina-sport-automatik-herrenuhr-aus-stahl-mit-schwarzem-schachbrettmuster.html","title":{"rendered":"Festina Sport Automatik Herrenuhr aus Stahl mit schwarzem Schachbrettmuster"},"content":{"rendered":"<p>Festina Herren-Sport-Automatikuhr aus Edelstahl mit schwarzem Karo-Zifferblatt<\/p>\n<p>Automatisches mechanisches Modell<\/p>\n<p>Geh\u00e4use aus poliertem Stahl mit satinierter Oberfl\u00e4che Durchmesser mm 43,00 Dicke mm 13,00. Wasserdichte Krone aus poliertem Stahl mit R\u00e4ndelung. Verschraubter Stahlboden und wasserdichtes Glas bis 10 ATM.<\/p>\n<p>Mineralglas<\/p>\n<p>Besonderes schwarzes Zifferblatt mit Schachbretteffekt, wei\u00dfe Stunden- und Minutenzeiger, Zentralsekunde aus poliertem Metall. Aufgesetzte polierte Indexe und Datumsfeld bei 3 Uhr.<\/p>\n<p>Satiniertes\/poliertes Stahlarmband mit Kastenschlie\u00dfe und zwei \u00d6ffnungskn\u00f6pfen.<\/p>\n<p>Original Festina Zwei-Jahres-Box und Garantie<\/p>\n<p>Ausstellen einer Quittung und\/oder Rechnung<\/p>\n","protected":false},"excerpt":{"rendered":"<p>Herrenuhr Festina Sport Automatic Modell aus Stahl mit schwarzem Karo-Zifferblatt<\/p>\n","protected":false},"featured_media":115773,"comment_status":"open","ping_status":"closed","template":"","meta":[],"product_brand":[171],"product_cat":[5998],"product_tag":[],"class_list":{"0":"post-115766","1":"product","2":"type-product","3":"status-publish","4":"has-post-thumbnail","6":"product_brand-festina","7":"product_cat-festina-herrenuhren","9":"first","10":"outofstock","11":"sale","12":"taxable","13":"shipping-taxable","14":"purchasable","15":"product-type-simple"},"exclude_global_add_ons":[],"addons":[],"df_price":183.2,"df_sale_price":183.2,"df_regular_price":229,"df_image_link":"https:\/\/cdn02.fabioferro.eu\/wp-content\/uploads\/virtuemart\/product\/16884_4-automatico.jpg","_links":{"self":[{"href":"https:\/\/www.fabioferro.eu\/de\/wp-json\/wp\/v2\/product\/115766","targetHints":{"allow":["GET"]}}],"collection":[{"href":"https:\/\/www.fabioferro.eu\/de\/wp-json\/wp\/v2\/product"}],"about":[{"href":"https:\/\/www.fabioferro.eu\/de\/wp-json\/wp\/v2\/types\/product"}],"replies":[{"embeddable":true,"href":"https:\/\/www.fabioferro.eu\/de\/wp-json\/wp\/v2\/comments?post=115766"}],"version-history":[{"count":0,"href":"https:\/\/www.fabioferro.eu\/de\/wp-json\/wp\/v2\/product\/115766\/revisions"}],"wp:featuredmedia":[{"embeddable":true,"href":"https:\/\/www.fabioferro.eu\/de\/wp-json\/wp\/v2\/media\/115773"}],"wp:attachment":[{"href":"https:\/\/www.fabioferro.eu\/de\/wp-json\/wp\/v2\/media?parent=115766"}],"wp:term":[{"taxonomy":"product_brand","embeddable":true,"href":"https:\/\/www.fabioferro.eu\/de\/wp-json\/wp\/v2\/product_brand?post=115766"},{"taxonomy":"product_cat","embeddable":true,"href":"https:\/\/www.fabioferro.eu\/de\/wp-json\/wp\/v2\/product_cat?post=115766"},{"taxonomy":"product_tag","embeddable":true,"href":"https:\/\/www.fabioferro.eu\/de\/wp-json\/wp\/v2\/product_tag?post=115766"}],"curies":[{"name":"wp","href":"https:\/\/api.w.org\/{rel}","templated":true}]}}