{"id":115768,"date":"2015-09-23T14:52:16","date_gmt":"2015-09-23T12:52:16","guid":{"rendered":"https:\/\/www.fabioferro.eu\/festina-herren-chrono-sportuhr-in-stahl-und-braunem-leder.html"},"modified":"2025-06-06T16:21:28","modified_gmt":"2025-06-06T14:21:28","slug":"festina-herren-chrono-sportuhr-in-stahl-und-braunem-leder","status":"publish","type":"product","link":"https:\/\/www.fabioferro.eu\/de\/festina-herren-chrono-sportuhr-in-stahl-und-braunem-leder.html","title":{"rendered":"Festina Herren-Chrono-Sportuhr in Stahl und braunem Leder"},"content":{"rendered":"<p>Festina Herrenuhr Edelstahl und Leder Chrono Sport Modell Analoges Quarzwerk Poliertes Edelstahlgeh\u00e4use Durchmesser mm. 43,00 und Dicke mm. 11,80. Ger\u00e4ndelte, wasserdichte Stahlkrone und Pump-Chrono-Dr\u00fccker. Geh\u00e4rtetes Mineralglas Silberfarbenes Zifferblatt mit polierten Stunden- und Minutenzeigern mit Lumineszenz Zentraler Sekundenzeiger aus poliertem Metall. Aufgesetzte polierte Indexe mit Lumineszenz. Datumsfeld bei 3 Uhr Braunes bedrucktes Lederband mit polierter Stahlschlie\u00dfe mit Festina-Logo. Wasserdicht 5 atm mit Druckboden. Original Festina Karton und 2 Jahre Garantie  &nbsp;<\/p>\n","protected":false},"excerpt":{"rendered":"<p>Festina Herrenuhr Chronograph Modell in Stahl mit braunem Lederband<\/p>\n","protected":false},"featured_media":115778,"comment_status":"open","ping_status":"closed","template":"","meta":[],"product_brand":[],"product_cat":[5998],"product_tag":[7442],"class_list":{"0":"post-115768","1":"product","2":"type-product","3":"status-publish","4":"has-post-thumbnail","6":"product_cat-festina-herrenuhren","7":"product_tag-verfugbar","9":"first","10":"instock","11":"sale","12":"taxable","13":"shipping-taxable","14":"purchasable","15":"product-type-simple"},"exclude_global_add_ons":[],"addons":[],"df_price":111.2,"df_sale_price":111.2,"df_regular_price":139,"df_image_link":"https:\/\/cdn02.fabioferro.eu\/wp-content\/uploads\/virtuemart\/product\/f16760_1.jpg","_links":{"self":[{"href":"https:\/\/www.fabioferro.eu\/de\/wp-json\/wp\/v2\/product\/115768","targetHints":{"allow":["GET"]}}],"collection":[{"href":"https:\/\/www.fabioferro.eu\/de\/wp-json\/wp\/v2\/product"}],"about":[{"href":"https:\/\/www.fabioferro.eu\/de\/wp-json\/wp\/v2\/types\/product"}],"replies":[{"embeddable":true,"href":"https:\/\/www.fabioferro.eu\/de\/wp-json\/wp\/v2\/comments?post=115768"}],"version-history":[{"count":0,"href":"https:\/\/www.fabioferro.eu\/de\/wp-json\/wp\/v2\/product\/115768\/revisions"}],"wp:featuredmedia":[{"embeddable":true,"href":"https:\/\/www.fabioferro.eu\/de\/wp-json\/wp\/v2\/media\/115778"}],"wp:attachment":[{"href":"https:\/\/www.fabioferro.eu\/de\/wp-json\/wp\/v2\/media?parent=115768"}],"wp:term":[{"taxonomy":"product_brand","embeddable":true,"href":"https:\/\/www.fabioferro.eu\/de\/wp-json\/wp\/v2\/product_brand?post=115768"},{"taxonomy":"product_cat","embeddable":true,"href":"https:\/\/www.fabioferro.eu\/de\/wp-json\/wp\/v2\/product_cat?post=115768"},{"taxonomy":"product_tag","embeddable":true,"href":"https:\/\/www.fabioferro.eu\/de\/wp-json\/wp\/v2\/product_tag?post=115768"}],"curies":[{"name":"wp","href":"https:\/\/api.w.org\/{rel}","templated":true}]}}