{"id":115776,"date":"2015-09-25T15:41:54","date_gmt":"2015-09-25T13:41:54","guid":{"rendered":"https:\/\/www.fabioferro.eu\/festina-herrenuhr-classic-stahl-mit-weissem-zifferblatt.html"},"modified":"2025-06-06T16:11:51","modified_gmt":"2025-06-06T14:11:51","slug":"festina-herrenuhr-classic-stahl-mit-weissem-zifferblatt","status":"publish","type":"product","link":"https:\/\/www.fabioferro.eu\/de\/festina-herrenuhr-classic-stahl-mit-weissem-zifferblatt.html","title":{"rendered":"Festina Herrenuhr Classic Stahl mit wei\u00dfem Zifferblatt"},"content":{"rendered":"<p>Festina Herrenuhr Classic aus Edelstahl<\/p>\n<p>Klassisches Nur-Zeit-Modell<\/p>\n<p>Analoges Quarzwerk<\/p>\n<p>Geh\u00e4use aus poliertem Stahl Durchmesser mm 40,00 Dicke mm 8,00. Gesch\u00fctzte R\u00e4ndelkrone aus wasserfestem Stahl, Stahlboden mit Druckverschluss und wasserdicht bis 5 ATM.<\/p>\n<p>Mineralglas<\/p>\n<p>Wei\u00dfes Zifferblatt, Stunden- und Minutenzeiger aus poliertem Metall mit Leuchtmasse, Zentralsekundenzeiger aus poliertem Metall. Schwarze arabische Ziffern und Datumsfeld bei 3 Uhr.<\/p>\n<p>Satiniertes\/poliertes Stahlarmband mit Kastenschlie\u00dfe und zwei Druckkn\u00f6pfen mit Festina-Logo.<\/p>\n<p>Neuware mit Box und original Festina Zweijahresgarantie<\/p>\n<p>Ausstellen einer Quittung und\/oder Rechnung<\/p>\n","protected":false},"excerpt":{"rendered":"<p>Festina Herrenuhr Modell Classico in Stahl mit wei\u00dfem Zifferblatt und arabischen Ziffern<\/p>\n","protected":false},"featured_media":115782,"comment_status":"open","ping_status":"closed","template":"","meta":[],"product_brand":[171],"product_cat":[5998],"product_tag":[7442],"class_list":{"0":"post-115776","1":"product","2":"type-product","3":"status-publish","4":"has-post-thumbnail","6":"product_brand-festina","7":"product_cat-festina-herrenuhren","8":"product_tag-verfugbar","10":"first","11":"instock","12":"sale","13":"taxable","14":"shipping-taxable","15":"purchasable","16":"product-type-simple"},"exclude_global_add_ons":[],"addons":[],"df_price":71.2,"df_sale_price":71.2,"df_regular_price":89,"df_image_link":"https:\/\/cdn02.fabioferro.eu\/wp-content\/uploads\/virtuemart\/product\/f16374-1.jpg","_links":{"self":[{"href":"https:\/\/www.fabioferro.eu\/de\/wp-json\/wp\/v2\/product\/115776","targetHints":{"allow":["GET"]}}],"collection":[{"href":"https:\/\/www.fabioferro.eu\/de\/wp-json\/wp\/v2\/product"}],"about":[{"href":"https:\/\/www.fabioferro.eu\/de\/wp-json\/wp\/v2\/types\/product"}],"replies":[{"embeddable":true,"href":"https:\/\/www.fabioferro.eu\/de\/wp-json\/wp\/v2\/comments?post=115776"}],"version-history":[{"count":0,"href":"https:\/\/www.fabioferro.eu\/de\/wp-json\/wp\/v2\/product\/115776\/revisions"}],"wp:featuredmedia":[{"embeddable":true,"href":"https:\/\/www.fabioferro.eu\/de\/wp-json\/wp\/v2\/media\/115782"}],"wp:attachment":[{"href":"https:\/\/www.fabioferro.eu\/de\/wp-json\/wp\/v2\/media?parent=115776"}],"wp:term":[{"taxonomy":"product_brand","embeddable":true,"href":"https:\/\/www.fabioferro.eu\/de\/wp-json\/wp\/v2\/product_brand?post=115776"},{"taxonomy":"product_cat","embeddable":true,"href":"https:\/\/www.fabioferro.eu\/de\/wp-json\/wp\/v2\/product_cat?post=115776"},{"taxonomy":"product_tag","embeddable":true,"href":"https:\/\/www.fabioferro.eu\/de\/wp-json\/wp\/v2\/product_tag?post=115776"}],"curies":[{"name":"wp","href":"https:\/\/api.w.org\/{rel}","templated":true}]}}