{"id":115777,"date":"2015-09-26T10:02:50","date_gmt":"2015-09-26T08:02:50","guid":{"rendered":"https:\/\/www.fabioferro.eu\/festina-damenuhr-classic-steel-mit-schwarzem-zifferblatt.html"},"modified":"2015-09-26T10:02:50","modified_gmt":"2015-09-26T08:02:50","slug":"festina-damenuhr-classic-steel-mit-schwarzem-zifferblatt","status":"publish","type":"product","link":"https:\/\/www.fabioferro.eu\/de\/festina-damenuhr-classic-steel-mit-schwarzem-zifferblatt.html","title":{"rendered":"Festina Damenuhr Classic Steel mit schwarzem Zifferblatt"},"content":{"rendered":"<p>Festina Damenuhr Modell Classic aus poliertem Edelstahl<\/p>\n<p>Analoges Quarzwerk<\/p>\n<p>Geh\u00e4use aus poliertem Stahl, Durchmesser 30,00 mm, Dicke 8,50 mm. Gesch\u00fctzte, wasserdichte Krone aus ger\u00e4ndeltem Stahl mit einem druckverschlossenen Stahlboden, wasserdicht bis 5 ATM.<\/p>\n<p>Mineralglas<\/p>\n<p>Schwarzes Zifferblatt mit polierten Metallindexen und arabischen Ziffern. Stunden- und Minutenzeiger aus poliertem Metall mit Leuchtmasse, Sekundenzeiger in der Mitte aus poliertem Metall.<\/p>\n<p>Satiniertes Stahlarmband mit polierten Mittelgliedern, Faltschlie\u00dfe aus poliertem Stahl und zwei \u00d6ffnungsdr\u00fcckern.<\/p>\n<p>Original Festina Box und Garantie<\/p>\n<p>Ausstellen einer Quittung und\/oder Rechnung<\/p>\n","protected":false},"excerpt":{"rendered":"<p>Festina Damenuhr Modell Classic in Stahl mit schwarzem Zifferblatt<\/p>\n","protected":false},"featured_media":115784,"comment_status":"open","ping_status":"closed","template":"","meta":[],"product_brand":[171],"product_cat":[5976],"product_tag":[7442],"class_list":{"0":"post-115777","1":"product","2":"type-product","3":"status-publish","4":"has-post-thumbnail","6":"product_brand-festina","7":"product_cat-festina-damenuhren","8":"product_tag-verfugbar","10":"first","11":"outofstock","12":"sale","13":"taxable","14":"shipping-taxable","15":"purchasable","16":"product-type-simple"},"exclude_global_add_ons":[],"addons":[],"df_price":71.2,"df_sale_price":71.2,"df_regular_price":89,"df_image_link":"https:\/\/cdn02.fabioferro.eu\/wp-content\/uploads\/virtuemart\/product\/f16377-4.jpg","_links":{"self":[{"href":"https:\/\/www.fabioferro.eu\/de\/wp-json\/wp\/v2\/product\/115777","targetHints":{"allow":["GET"]}}],"collection":[{"href":"https:\/\/www.fabioferro.eu\/de\/wp-json\/wp\/v2\/product"}],"about":[{"href":"https:\/\/www.fabioferro.eu\/de\/wp-json\/wp\/v2\/types\/product"}],"replies":[{"embeddable":true,"href":"https:\/\/www.fabioferro.eu\/de\/wp-json\/wp\/v2\/comments?post=115777"}],"version-history":[{"count":0,"href":"https:\/\/www.fabioferro.eu\/de\/wp-json\/wp\/v2\/product\/115777\/revisions"}],"wp:featuredmedia":[{"embeddable":true,"href":"https:\/\/www.fabioferro.eu\/de\/wp-json\/wp\/v2\/media\/115784"}],"wp:attachment":[{"href":"https:\/\/www.fabioferro.eu\/de\/wp-json\/wp\/v2\/media?parent=115777"}],"wp:term":[{"taxonomy":"product_brand","embeddable":true,"href":"https:\/\/www.fabioferro.eu\/de\/wp-json\/wp\/v2\/product_brand?post=115777"},{"taxonomy":"product_cat","embeddable":true,"href":"https:\/\/www.fabioferro.eu\/de\/wp-json\/wp\/v2\/product_cat?post=115777"},{"taxonomy":"product_tag","embeddable":true,"href":"https:\/\/www.fabioferro.eu\/de\/wp-json\/wp\/v2\/product_tag?post=115777"}],"curies":[{"name":"wp","href":"https:\/\/api.w.org\/{rel}","templated":true}]}}