{"id":115789,"date":"2015-09-26T13:38:01","date_gmt":"2015-09-26T11:38:01","guid":{"rendered":"https:\/\/www.fabioferro.eu\/festina-damenuhr-classic-in-stahl-mit-weissem-zifferblatt.html"},"modified":"2015-09-26T13:38:01","modified_gmt":"2015-09-26T11:38:01","slug":"festina-damenuhr-classic-in-stahl-mit-weissem-zifferblatt","status":"publish","type":"product","link":"https:\/\/www.fabioferro.eu\/de\/festina-damenuhr-classic-in-stahl-mit-weissem-zifferblatt.html","title":{"rendered":"Festina Damenuhr Classic in Stahl mit wei\u00dfem Zifferblatt"},"content":{"rendered":"<p>Festina Damenuhr Modell Classic in Edelstahl<\/p>\n<p>Analoges Quarzwerk<\/p>\n<p>Geh\u00e4use aus poliertem Stahl, Durchmesser 32,00 mm, Dicke 7,00 mm. Gesch\u00fctzte, wasserdichte Krone aus ger\u00e4ndeltem Stahl mit einem druckverschlossenen Stahlboden, wasserdicht bis 5 ATM.<\/p>\n<p>Mineralglas<\/p>\n<p>Wei\u00dfes Zifferblatt mit schwarzen arabischen Ziffern. Stunden- und Minutenzeiger aus poliertem Metall mit Leuchtmasse, Datumsfeld bei 6 Uhr.<\/p>\n<p>Armband aus poliertem Stahl mit polierten, satinierten Mittelgliedern, Faltschlie\u00dfe aus poliertem Stahl und zwei \u00d6ffnungsdr\u00fcckern.<\/p>\n<p>Original Festina Zwei-Jahres-Box und Garantie<\/p>\n<p>Ausstellen einer Quittung und\/oder Rechnung<\/p>\n","protected":false},"excerpt":{"rendered":"<p>Festina Damenuhr Modell Classic in Stahl mit wei\u00dfem Zifferblatt<\/p>\n","protected":false},"featured_media":115797,"comment_status":"open","ping_status":"closed","template":"","meta":[],"product_brand":[171],"product_cat":[5976],"product_tag":[],"class_list":{"0":"post-115789","1":"product","2":"type-product","3":"status-publish","4":"has-post-thumbnail","6":"product_brand-festina","7":"product_cat-festina-damenuhren","9":"first","10":"outofstock","11":"sale","12":"taxable","13":"shipping-taxable","14":"purchasable","15":"product-type-simple"},"exclude_global_add_ons":[],"addons":[],"df_price":55.2,"df_sale_price":55.2,"df_regular_price":69,"df_image_link":"https:\/\/cdn02.fabioferro.eu\/wp-content\/uploads\/virtuemart\/product\/f16474-1.jpg","_links":{"self":[{"href":"https:\/\/www.fabioferro.eu\/de\/wp-json\/wp\/v2\/product\/115789","targetHints":{"allow":["GET"]}}],"collection":[{"href":"https:\/\/www.fabioferro.eu\/de\/wp-json\/wp\/v2\/product"}],"about":[{"href":"https:\/\/www.fabioferro.eu\/de\/wp-json\/wp\/v2\/types\/product"}],"replies":[{"embeddable":true,"href":"https:\/\/www.fabioferro.eu\/de\/wp-json\/wp\/v2\/comments?post=115789"}],"version-history":[{"count":0,"href":"https:\/\/www.fabioferro.eu\/de\/wp-json\/wp\/v2\/product\/115789\/revisions"}],"wp:featuredmedia":[{"embeddable":true,"href":"https:\/\/www.fabioferro.eu\/de\/wp-json\/wp\/v2\/media\/115797"}],"wp:attachment":[{"href":"https:\/\/www.fabioferro.eu\/de\/wp-json\/wp\/v2\/media?parent=115789"}],"wp:term":[{"taxonomy":"product_brand","embeddable":true,"href":"https:\/\/www.fabioferro.eu\/de\/wp-json\/wp\/v2\/product_brand?post=115789"},{"taxonomy":"product_cat","embeddable":true,"href":"https:\/\/www.fabioferro.eu\/de\/wp-json\/wp\/v2\/product_cat?post=115789"},{"taxonomy":"product_tag","embeddable":true,"href":"https:\/\/www.fabioferro.eu\/de\/wp-json\/wp\/v2\/product_tag?post=115789"}],"curies":[{"name":"wp","href":"https:\/\/api.w.org\/{rel}","templated":true}]}}